{"id":19692,"date":"2014-01-12T14:25:48","date_gmt":"2014-01-12T12:25:48","guid":{"rendered":"http:\/\/zauggag.com\/cina_new\/verpackungsmaterial-3\/kartonagen\/"},"modified":"2017-03-30T16:26:05","modified_gmt":"2017-03-30T16:26:05","slug":"kartonagen","status":"publish","type":"page","link":"https:\/\/zauggag.com\/cina_new\/en\/verpackungsmaterial-3\/kartonagen\/","title":{"rendered":"Carton"},"content":{"rendered":"<p>[vc_row margin_top=&#8221;50&#8243; margin_bottom=&#8221;100&#8243;][vc_column]<style type=\"text\/css\" data-type=\"the7_shortcodes-inline-css\">.shortcode-single-image-wrap.shortcode-single-image-233c65dadc6b5ea9286d5cd906d2ccde.enable-bg-rollover .rollover i,\n.shortcode-single-image-wrap.shortcode-single-image-233c65dadc6b5ea9286d5cd906d2ccde.enable-bg-rollover .rollover-video i {\n  background: ;\n  background: -webkit-linear-gradient();\n  background: linear-gradient();\n}\n.shortcode-single-image-wrap.shortcode-single-image-233c65dadc6b5ea9286d5cd906d2ccde .rollover-icon {\n  font-size: 32px;\n  color: #ffffff;\n  min-width: 44px;\n  min-height: 44px;\n  line-height: 44px;\n  border-radius: 100px;\n  border-style: solid;\n  border-width: 0px;\n}\n.dt-icon-bg-on.shortcode-single-image-wrap.shortcode-single-image-233c65dadc6b5ea9286d5cd906d2ccde .rollover-icon {\n  background: rgba(255,255,255,0.3);\n  box-shadow: none;\n}<\/style><div class=\"shortcode-single-image-wrap shortcode-single-image-233c65dadc6b5ea9286d5cd906d2ccde alignnone  enable-bg-rollover dt-icon-bg-off\" style=\"margin-top:0px; margin-bottom:0px; margin-left:0px; margin-right:0px; width:1200px;\"><div class=\"shortcode-single-image\"><div class=\"fancy-media-wrap  layzr-bg\" style=\"\"><img fetchpriority=\"high\" decoding=\"async\" class=\"preload-me lazy-load aspect\" src=\"data:image\/svg+xml,%3Csvg%20xmlns%3D&#39;http%3A%2F%2Fwww.w3.org%2F2000%2Fsvg&#39;%20viewBox%3D&#39;0%200%201000%201000&#39;%2F%3E\" data-src=\"https:\/\/zauggag.com\/cina_new\/wp-content\/uploads\/2017\/03\/karton.jpg\" data-srcset=\"https:\/\/zauggag.com\/cina_new\/wp-content\/uploads\/2017\/03\/karton.jpg 1000w\" loading=\"eager\" sizes=\"(max-width: 1000px) 100vw, 1000px\" width=\"1000\" height=\"1000\"  data-dt-location=\"https:\/\/zauggag.com\/cina_new\/en\/karton\/\" style=\"--ratio: 1000 \/ 1000;\" alt=\"\" \/><\/div><\/div><\/div>[\/vc_column][\/vc_row][vc_row][vc_column width=&#8221;1\/2&#8243;][vc_column_text]<\/p>\n<h3>Il y a carton et carton<\/h3>\n<p>[\/vc_column_text]<div class=\"gap\" style=\"line-height: 40px; height: 40px;\"><\/div>[vc_column_text]<\/p>\n<div class=\"wpb_text_column wpb_content_element \">\n<div class=\"wpb_wrapper\">\n<p>Nos collaborateurs connaissent toutes les qualit\u00e9s de carton. Ils peuvent donc vous dire s\u2019il vaut mieux emballer votre marchandise dans un carton \u00e0 cannelure simple, double ou triple. Ils savent aussi si l\u2019emballage doit \u00eatre garni ou pas.<\/p>\n<p>Si vous pr\u00e9f\u00e9rez, achetez sans tarder une capacit\u00e9 annuelle et entreposez les emballages chez nous. Nous g\u00e9rons votre mat\u00e9riel d\u2019emballage et vous envoyons la quantit\u00e9 pr\u00e9par\u00e9e selon vos besoins. Nous r\u00e9alisons en outre des lots de grandeur adapt\u00e9e \u00e0 vos besoins (quantit\u00e9 par palette) ou la forme d\u2019empilage qui vous convient.<\/p>\n<p>Pour les grandes quantit\u00e9s ou les mat\u00e9riaux lourds, nous vous conseillons des emballages ext\u00e9rieurs en bois ou dans d\u2019autres mat\u00e9riaux. Nous \u00e9laborerons volontiers pour vous une solution globale qui r\u00e9ponde \u00e0 tous vos besoins.<\/p>\n<\/div>\n<\/div>\n<p>[\/vc_column_text]<div class=\"gap\" style=\"line-height: 40px; height: 40px;\"><\/div>[\/vc_column][vc_column width=&#8221;1\/2&#8243;][\/vc_column][\/vc_row]<\/p>\n","protected":false},"excerpt":{"rendered":"<p>[vc_row margin_top=&#8221;50&#8243; margin_bottom=&#8221;100&#8243;][vc_column][\/vc_column][\/vc_row][vc_row][vc_column width=&#8221;1\/2&#8243;][vc_column_text] Il y a carton et carton [\/vc_column_text][vc_column_text] Nos collaborateurs connaissent toutes les qualit\u00e9s de carton. Ils peuvent donc vous dire s\u2019il vaut mieux emballer votre marchandise dans un carton \u00e0 cannelure simple, double ou triple. Ils savent aussi si l\u2019emballage doit \u00eatre garni ou pas. Si vous pr\u00e9f\u00e9rez, achetez sans tarder&hellip;<\/p>\n","protected":false},"author":1,"featured_media":0,"parent":19626,"menu_order":0,"comment_status":"closed","ping_status":"open","template":"","meta":{"footnotes":""},"class_list":["post-19692","page","type-page","status-publish","hentry","description-off"],"_links":{"self":[{"href":"https:\/\/zauggag.com\/cina_new\/en\/wp-json\/wp\/v2\/pages\/19692","targetHints":{"allow":["GET"]}}],"collection":[{"href":"https:\/\/zauggag.com\/cina_new\/en\/wp-json\/wp\/v2\/pages"}],"about":[{"href":"https:\/\/zauggag.com\/cina_new\/en\/wp-json\/wp\/v2\/types\/page"}],"author":[{"embeddable":true,"href":"https:\/\/zauggag.com\/cina_new\/en\/wp-json\/wp\/v2\/users\/1"}],"replies":[{"embeddable":true,"href":"https:\/\/zauggag.com\/cina_new\/en\/wp-json\/wp\/v2\/comments?post=19692"}],"version-history":[{"count":2,"href":"https:\/\/zauggag.com\/cina_new\/en\/wp-json\/wp\/v2\/pages\/19692\/revisions"}],"predecessor-version":[{"id":19700,"href":"https:\/\/zauggag.com\/cina_new\/en\/wp-json\/wp\/v2\/pages\/19692\/revisions\/19700"}],"up":[{"embeddable":true,"href":"https:\/\/zauggag.com\/cina_new\/en\/wp-json\/wp\/v2\/pages\/19626"}],"wp:attachment":[{"href":"https:\/\/zauggag.com\/cina_new\/en\/wp-json\/wp\/v2\/media?parent=19692"}],"curies":[{"name":"wp","href":"https:\/\/api.w.org\/{rel}","templated":true}]}}