{"id":19556,"date":"2013-11-22T14:51:54","date_gmt":"2013-11-22T14:51:54","guid":{"rendered":"http:\/\/zauggag.com\/cina_new\/02-business-2\/"},"modified":"2019-11-23T20:39:24","modified_gmt":"2019-11-23T20:39:24","slug":"02-business-2","status":"publish","type":"page","link":"https:\/\/zauggag.com\/cina_new\/fr\/","title":{"rendered":"Home"},"content":{"rendered":"<p>[vc_row][vc_column][rev_slider_vc alias=\u00a0\u00bbhome_fr1&Prime;][\/vc_column][\/vc_row][vc_row animation=\u00a0\u00bbscale-up\u00a0\u00bb margin_top=\u00a0\u00bb20&Prime; margin_bottom=\u00a0\u00bb20&Prime;][vc_column]<div class=\"gap\" style=\"line-height: 30px; height: 30px;\"><\/div>[vc_column_text]<\/p>\n<h2 style=\"text-align: center;\">Les professionnels de l\u2019emballage et du transport international.<\/h2>\n<p>[\/vc_column_text]<div class=\"gap\" style=\"line-height: 50px; height: 50px;\"><\/div><div class=\"gap\" style=\"line-height: 20px; height: 20px;\"><\/div>[\/vc_column][\/vc_row][vc_row][vc_column width=\u00a0\u00bb1\/3&Prime;]<section class=\"shortcode-teaser frame-fancy frame-on text-centered\"><div class=\"shortcode-teaser-img\"><a class=\"layzr-bg rollover\" href=\"http:\/\/zauggag.com\/chang_zhou\/transportverpackungen-3\/\"><img decoding=\"async\" class=\"lazy-load\" src=\"data:image\/svg+xml;charset=utf-8,%3Csvg xmlns%3D&#039;http%3A%2F%2Fwww.w3.org%2F2000%2Fsvg&#039; viewBox%3D&#039;0 0 0 0&#039;%2F%3E\" data-srcset=\"http:\/\/zauggag.com\/cina_new\/wp-content\/uploads\/2017\/03\/Transportverpackungen1.jpg 0w\" data-src=\"http:\/\/zauggag.com\/cina_new\/wp-content\/uploads\/2017\/03\/Transportverpackungen1.jpg\" \/><\/a><\/div><div class=\"shortcode-teaser-content text-normal\"><h3>Emballages de Transport<\/h3>\n<p><span style=\"font-size: 14px; font-weight: normal;\">Nous emballons votre voiture, votre machine ou votre marchandise dangereuse avec savoir-faire et pr\u00e9cision. Vos marchandises \u00e0 transporter sont ainsi toujours parfaitement prot\u00e9g\u00e9es, peu importe qu\u2019elles prennent ensuite le train, la route, le bateau ou l\u2019avion. <div class=\"gap\" style=\"line-height: 25px; height: 25px;\"><\/div> <a href=\"http:\/\/zauggag.com\/chang_zhou\/fr\/transportverpackungen-3\/\" class=\"btn-shortcode dt-btn-s dt-btn default-btn-color default-btn-hover-color default-btn-bg-color default-btn-bg-hover-color\" id=\"dt-btn-1\"><span>plus<\/span><\/a><\/span><\/p>\n<\/div><\/section>[\/vc_column][vc_column width=\u00a0\u00bb1\/3&Prime;]<section class=\"shortcode-teaser frame-fancy frame-on text-centered\"><div class=\"shortcode-teaser-img\"><a class=\"layzr-bg rollover\" href=\"http:\/\/zauggag.com\/chang_zhou\/verpackungsmaterial-3\/\" target=\"_blank\"><img decoding=\"async\" class=\"lazy-load\" src=\"data:image\/svg+xml;charset=utf-8,%3Csvg xmlns%3D&#039;http%3A%2F%2Fwww.w3.org%2F2000%2Fsvg&#039; viewBox%3D&#039;0 0 0 0&#039;%2F%3E\" data-srcset=\"http:\/\/zauggag.com\/cina_new\/wp-content\/uploads\/2017\/04\/Durchlauf-02.jpg 0w\" data-src=\"http:\/\/zauggag.com\/cina_new\/wp-content\/uploads\/2017\/04\/Durchlauf-02.jpg\" \/><\/a><\/div><div class=\"shortcode-teaser-content text-normal\"><h3>Mat\u00e9riel d\u2019emballage<\/h3>\n<p><span style=\"font-size: 14px; font-weight: normal;\">Nous vous fournissons le mat\u00e9riel d\u2019emballage qui convient \u00e0 votre marchandise. Souhaitez-vous \u00e9conomiser du temps et de l\u2019argent? Alors achetez sans tarder une capacit\u00e9 annuelle et entreposez les emballages chez nous.<div class=\"gap\" style=\"line-height: 5px; height: 5px;\"><\/div> <a href=\"http:\/\/zauggag.com\/chang_zhou\/fr\/verpackungsmaterial-3\/\" class=\"btn-shortcode dt-btn-s dt-btn default-btn-color default-btn-hover-color default-btn-bg-color default-btn-bg-hover-color\" id=\"dt-btn-2\"><span>plus<\/span><\/a><\/span><\/p>\n<\/div><\/section>[\/vc_column][vc_column width=\u00a0\u00bb1\/3&Prime;]<section class=\"shortcode-teaser frame-fancy frame-on text-centered\"><div class=\"shortcode-teaser-img\"><a class=\"layzr-bg rollover\" href=\"http:\/\/zauggag.com\/chang_zhou\/services-2\/\" target=\"_blank\"><img decoding=\"async\" class=\"lazy-load\" src=\"data:image\/svg+xml;charset=utf-8,%3Csvg xmlns%3D&#039;http%3A%2F%2Fwww.w3.org%2F2000%2Fsvg&#039; viewBox%3D&#039;0 0 0 0&#039;%2F%3E\" data-srcset=\"http:\/\/zauggag.com\/cina_new\/wp-content\/uploads\/2017\/04\/November-2013.jpg 0w\" data-src=\"http:\/\/zauggag.com\/cina_new\/wp-content\/uploads\/2017\/04\/November-2013.jpg\" \/><\/a><\/div><div class=\"shortcode-teaser-content text-normal\"><h3>Services<\/h3>\n<p><span style=\"font-size: 14px; font-weight: normal;\">Stockez vos marchandises dans nos locaux, louez des locaux ad\u00e9quats ou faites confiance \u00e0 notre service de logistique. Nous manipulons vos marchandises avec\u00a0 pr\u00e9caution et le plus grand soin.<div class=\"gap\" style=\"line-height: 28px; height: 28px;\"><\/div> <a href=\"http:\/\/zauggag.com\/chang_zhou\/fr\/services-2\/\" class=\"btn-shortcode dt-btn-s dt-btn default-btn-color default-btn-hover-color default-btn-bg-color default-btn-bg-hover-color\" id=\"dt-btn-3\"><span>mehr<\/span><\/a><\/span><\/p>\n<\/div><\/section>[\/vc_column][\/vc_row][vc_row][vc_column]<div class=\"gap\" style=\"line-height: 40px; height: 40px;\"><\/div><div class=\"gap\" style=\"line-height: 40px; height: 40px;\"><\/div>[\/vc_column][\/vc_row][vc_row][vc_column width=\u00a0\u00bb2\/3&Prime;][vc_column_text]<\/p>\n<h3>Unsere Kunden<\/h3>\n<p>[\/vc_column_text]<div class=\"gap\" style=\"line-height: 40px; height: 40px;\"><\/div><section class=\"logos-grid wf-container\" data-width=\"180px\" data-columns=\"3\"><div class=\"wf-cell\"><div><a class=\"layzr-bg\" href=\"http:\/\/www.gleason-pfauter.ch\" target=\"_blank\" title=\"\" ><img loading=\"lazy\" decoding=\"async\" class=\"lazy-load\" src=\"data:image\/svg+xml;charset=utf-8,%3Csvg xmlns%3D&#039;http%3A%2F%2Fwww.w3.org%2F2000%2Fsvg&#039; viewBox%3D&#039;0 0 306 145&#039;%2F%3E\" width=\"306\" height=\"145\" alt=\"Gleason-Pfauter\" data-srcset=\"https:\/\/zauggag.com\/cina_new\/wp-content\/uploads\/2017\/03\/Gleason.jpg 306w\" data-src=\"https:\/\/zauggag.com\/cina_new\/wp-content\/uploads\/2017\/03\/Gleason.jpg\" \/><\/a><\/div><\/div><div class=\"wf-cell\"><div><a class=\"layzr-bg\" href=\"http:\/\/www.alstom.com\/\" target=\"_blank\" title=\"\" ><img loading=\"lazy\" decoding=\"async\" class=\"lazy-load\" src=\"data:image\/svg+xml;charset=utf-8,%3Csvg xmlns%3D&#039;http%3A%2F%2Fwww.w3.org%2F2000%2Fsvg&#039; viewBox%3D&#039;0 0 306 145&#039;%2F%3E\" width=\"306\" height=\"145\" alt=\"alstrom\" data-srcset=\"https:\/\/zauggag.com\/cina_new\/wp-content\/uploads\/2017\/03\/alstom.jpg 306w\" data-src=\"https:\/\/zauggag.com\/cina_new\/wp-content\/uploads\/2017\/03\/alstom.jpg\" \/><\/a><\/div><\/div><div class=\"wf-cell\"><div><a class=\"layzr-bg\" href=\"http:\/\/www.gfms.com\/\" target=\"_blank\" title=\"\" ><img loading=\"lazy\" decoding=\"async\" class=\"lazy-load\" src=\"data:image\/svg+xml;charset=utf-8,%3Csvg xmlns%3D&#039;http%3A%2F%2Fwww.w3.org%2F2000%2Fsvg&#039; viewBox%3D&#039;0 0 516 196&#039;%2F%3E\" width=\"516\" height=\"196\" alt=\"GF Machining Solutions\" data-srcset=\"https:\/\/zauggag.com\/cina_new\/wp-content\/uploads\/2017\/03\/GFMS.jpg 516w\" data-src=\"https:\/\/zauggag.com\/cina_new\/wp-content\/uploads\/2017\/03\/GFMS.jpg\" \/><\/a><\/div><\/div><\/section><div class=\"gap\" style=\"line-height: 50px; height: 50px;\"><\/div>[\/vc_column][vc_column width=\u00a0\u00bb1\/3&Prime;][vc_column_text]<\/p>\n<h3>Testimonials<\/h3>\n<p>[\/vc_column_text]<div class=\"gap\" style=\"line-height: 20px; height: 20px;\"><\/div><section class=\"testimonial-item testimonial-item-slider\"><div class=\"testimonials slider-content owl-carousel dt-owl-carousel-init\" data-autoslide=\"5000\">\n<article>\n\t<div class=\"testimonial-content\">\n\t\t<p>Zaugg me garantit \u00e0 chaque fois un service parfait.\u00a0Le service en ligne pour les donn\u00e9es d&#8217;emballage est pour moi une aide pr\u00e9cieuse.<\/p>\n\t<\/div>\n\t<div class=\"testimonial-vcard\">\n\t\t<div class=\"testimonial-thumbnail\">\n\t\t\t<span class=\"alignleft no-avatar\"><svg version=\"1.1\" id=\"Layer_1\" xmlns=\"http:\/\/www.w3.org\/2000\/svg\" xmlns:xlink=\"http:\/\/www.w3.org\/1999\/xlink\" x=\"0px\" y=\"0px\"\n\t viewBox=\"0 0 16 16\" style=\"enable-background:new 0 0 16 16;\" xml:space=\"preserve\"><path d=\"M8,8c2.2,0,4-1.8,4-4s-1.8-4-4-4S4,1.8,4,4S5.8,8,8,8z M8,10c-2.7,0-8,1.3-8,4v1c0,0.5,0.4,1,1,1h14c0.5,0,1-0.5,1-1v-1\n\tC16,11.3,10.7,10,8,10z\"\/><\/svg><\/span>\t\t<\/div>\n\t\t<div class=\"testimonial-desc\">\n\t\t\t<span class=\"text-primary\">Rainbow Lai<\/span><span class=\"text-secondary color-secondary\">Logistik Manager\r\nGeorg Fischer Machining Solution, Hong Kong<\/span>\t\t<\/div>\n\t<\/div>\n<\/article>\n<article>\n\t<div class=\"testimonial-content\">\n\t\t<p>\u00c0 chaque fois que j&rsquo;ai des exigences sp\u00e9cifiques ou un d\u00e9lai particulier \u00e0 respecter,\u00a0je peux \u00eatre s\u00fbr que Zaugg r\u00e9pondra \u00e0 mes attentes.<\/p>\n\t<\/div>\n\t<div class=\"testimonial-vcard\">\n\t\t<div class=\"testimonial-thumbnail\">\n\t\t\t<span class=\"alignleft no-avatar\"><svg version=\"1.1\" id=\"Layer_1\" xmlns=\"http:\/\/www.w3.org\/2000\/svg\" xmlns:xlink=\"http:\/\/www.w3.org\/1999\/xlink\" x=\"0px\" y=\"0px\"\n\t viewBox=\"0 0 16 16\" style=\"enable-background:new 0 0 16 16;\" xml:space=\"preserve\"><path d=\"M8,8c2.2,0,4-1.8,4-4s-1.8-4-4-4S4,1.8,4,4S5.8,8,8,8z M8,10c-2.7,0-8,1.3-8,4v1c0,0.5,0.4,1,1,1h14c0.5,0,1-0.5,1-1v-1\n\tC16,11.3,10.7,10,8,10z\"\/><\/svg><\/span>\t\t<\/div>\n\t\t<div class=\"testimonial-desc\">\n\t\t\t<span class=\"text-primary\">ZhaoHong Wang<\/span><span class=\"text-secondary color-secondary\">Logistiker\r\nAgie Charmilles North China, Peking<\/span>\t\t<\/div>\n\t<\/div>\n<\/article>\n<article>\n\t<div class=\"testimonial-content\">\n\t\t<p>Zaugg livre tr\u00e8s rapidement et toujours en parfait \u00e9tat. Ce service\u00a0nous est propos\u00e9 \u00e0 un bon rapport qualit\u00e9\/prix.<\/p>\n\t<\/div>\n\t<div class=\"testimonial-vcard\">\n\t\t<div class=\"testimonial-thumbnail\">\n\t\t\t<span class=\"alignleft no-avatar\"><svg version=\"1.1\" id=\"Layer_1\" xmlns=\"http:\/\/www.w3.org\/2000\/svg\" xmlns:xlink=\"http:\/\/www.w3.org\/1999\/xlink\" x=\"0px\" y=\"0px\"\n\t viewBox=\"0 0 16 16\" style=\"enable-background:new 0 0 16 16;\" xml:space=\"preserve\"><path d=\"M8,8c2.2,0,4-1.8,4-4s-1.8-4-4-4S4,1.8,4,4S5.8,8,8,8z M8,10c-2.7,0-8,1.3-8,4v1c0,0.5,0.4,1,1,1h14c0.5,0,1-0.5,1-1v-1\n\tC16,11.3,10.7,10,8,10z\"\/><\/svg><\/span>\t\t<\/div>\n\t\t<div class=\"testimonial-desc\">\n\t\t\t<span class=\"text-primary\">Sandra Kreis<\/span><span class=\"text-secondary color-secondary\">Einkauf\r\nGleason Pfauter Maschinenfabrik GmbH, Studen<\/span>\t\t<\/div>\n\t<\/div>\n<\/article>\n<article>\n\t<div class=\"testimonial-content\">\n\t\t<p>Mes demandes sont toujours trait\u00e9es rapidement et avec beaucoup d&rsquo;amabilit\u00e9. Les commandes sont ex\u00e9cut\u00e9es\u00a0de mani\u00e8re efficace et avec suivi. Je me r\u00e9jouis de poursuivre cette collaboration active.<\/p>\n\t<\/div>\n\t<div class=\"testimonial-vcard\">\n\t\t<div class=\"testimonial-thumbnail\">\n\t\t\t<span class=\"alignleft no-avatar\"><svg version=\"1.1\" id=\"Layer_1\" xmlns=\"http:\/\/www.w3.org\/2000\/svg\" xmlns:xlink=\"http:\/\/www.w3.org\/1999\/xlink\" x=\"0px\" y=\"0px\"\n\t viewBox=\"0 0 16 16\" style=\"enable-background:new 0 0 16 16;\" xml:space=\"preserve\"><path d=\"M8,8c2.2,0,4-1.8,4-4s-1.8-4-4-4S4,1.8,4,4S5.8,8,8,8z M8,10c-2.7,0-8,1.3-8,4v1c0,0.5,0.4,1,1,1h14c0.5,0,1-0.5,1-1v-1\n\tC16,11.3,10.7,10,8,10z\"\/><\/svg><\/span>\t\t<\/div>\n\t\t<div class=\"testimonial-desc\">\n\t\t\t<span class=\"text-primary\">Rolf Stauffer<\/span><span class=\"text-secondary color-secondary\">Spedition\r\nStuder-Biennaform AG, Biel<\/span>\t\t<\/div>\n\t<\/div>\n<\/article>\n<\/div>\n<\/section><div class=\"gap\" style=\"line-height: 50px; height: 50px;\"><\/div>[\/vc_column][\/vc_row]<\/p>\n","protected":false},"excerpt":{"rendered":"<p>[vc_row][vc_column][rev_slider_vc alias=\u00a0\u00bbhome_fr1&Prime;][\/vc_column][\/vc_row][vc_row animation=\u00a0\u00bbscale-up\u00a0\u00bb margin_top=\u00a0\u00bb20&Prime; margin_bottom=\u00a0\u00bb20&Prime;][vc_column][vc_column_text] Les professionnels de l\u2019emballage et du transport international. [\/vc_column_text][\/vc_column][\/vc_row][vc_row][vc_column width=\u00a0\u00bb1\/3&Prime;][\/vc_column][vc_column width=\u00a0\u00bb1\/3&Prime;][\/vc_column][vc_column width=\u00a0\u00bb1\/3&Prime;][\/vc_column][\/vc_row][vc_row][vc_column][\/vc_column][\/vc_row][vc_row][vc_column width=\u00a0\u00bb2\/3&Prime;][vc_column_text] Unsere Kunden [\/vc_column_text][\/vc_column][vc_column width=\u00a0\u00bb1\/3&Prime;][vc_column_text] Testimonials [\/vc_column_text][\/vc_column][\/vc_row]<\/p>\n","protected":false},"author":1,"featured_media":0,"parent":0,"menu_order":20,"comment_status":"closed","ping_status":"closed","template":"","meta":{"footnotes":""},"class_list":["post-19556","page","type-page","status-publish","hentry","description-off"],"_links":{"self":[{"href":"https:\/\/zauggag.com\/cina_new\/fr\/wp-json\/wp\/v2\/pages\/19556","targetHints":{"allow":["GET"]}}],"collection":[{"href":"https:\/\/zauggag.com\/cina_new\/fr\/wp-json\/wp\/v2\/pages"}],"about":[{"href":"https:\/\/zauggag.com\/cina_new\/fr\/wp-json\/wp\/v2\/types\/page"}],"author":[{"embeddable":true,"href":"https:\/\/zauggag.com\/cina_new\/fr\/wp-json\/wp\/v2\/users\/1"}],"replies":[{"embeddable":true,"href":"https:\/\/zauggag.com\/cina_new\/fr\/wp-json\/wp\/v2\/comments?post=19556"}],"version-history":[{"count":4,"href":"https:\/\/zauggag.com\/cina_new\/fr\/wp-json\/wp\/v2\/pages\/19556\/revisions"}],"predecessor-version":[{"id":20590,"href":"https:\/\/zauggag.com\/cina_new\/fr\/wp-json\/wp\/v2\/pages\/19556\/revisions\/20590"}],"wp:attachment":[{"href":"https:\/\/zauggag.com\/cina_new\/fr\/wp-json\/wp\/v2\/media?parent=19556"}],"curies":[{"name":"wp","href":"https:\/\/api.w.org\/{rel}","templated":true}]}}