{"id":19627,"date":"2014-01-12T02:14:56","date_gmt":"2014-01-12T00:14:56","guid":{"rendered":"http:\/\/zauggag.com\/cina_new\/verpackungsmaterial-3\/"},"modified":"2017-03-30T14:44:30","modified_gmt":"2017-03-30T14:44:30","slug":"verpackungsmaterial-3","status":"publish","type":"page","link":"https:\/\/zauggag.com\/cina_new\/fr\/verpackungsmaterial-3\/","title":{"rendered":"Mat\u00e9riel d\u2019emballage"},"content":{"rendered":"<p>[vc_row margin_top=\u00a0\u00bb50&Prime; margin_bottom=\u00a0\u00bb100&Prime;][vc_column]<style type=\"text\/css\" data-type=\"the7_shortcodes-inline-css\">.shortcode-single-image-wrap.shortcode-single-image-22147c7fa0b894d73d1bbd9bde321b3b.enable-bg-rollover .rollover i,\n.shortcode-single-image-wrap.shortcode-single-image-22147c7fa0b894d73d1bbd9bde321b3b.enable-bg-rollover .rollover-video i {\n  background: ;\n  background: -webkit-linear-gradient();\n  background: linear-gradient();\n}\n.shortcode-single-image-wrap.shortcode-single-image-22147c7fa0b894d73d1bbd9bde321b3b .rollover-icon {\n  font-size: 32px;\n  color: #ffffff;\n  min-width: 44px;\n  min-height: 44px;\n  line-height: 44px;\n  border-radius: 100px;\n  border-style: solid;\n  border-width: 0px;\n}\n.dt-icon-bg-on.shortcode-single-image-wrap.shortcode-single-image-22147c7fa0b894d73d1bbd9bde321b3b .rollover-icon {\n  background: rgba(255,255,255,0.3);\n  box-shadow: none;\n}<\/style><div class=\"shortcode-single-image-wrap shortcode-single-image-22147c7fa0b894d73d1bbd9bde321b3b alignnone  enable-bg-rollover dt-icon-bg-off\" style=\"margin-top:0px; margin-bottom:0px; margin-left:0px; margin-right:0px; width:1200px;\"><div class=\"shortcode-single-image\"><div class=\"fancy-media-wrap  layzr-bg\" style=\"\"><img fetchpriority=\"high\" decoding=\"async\" class=\"preload-me lazy-load aspect\" src=\"data:image\/svg+xml,%3Csvg%20xmlns%3D&#39;http%3A%2F%2Fwww.w3.org%2F2000%2Fsvg&#39;%20viewBox%3D&#39;0%200%201200%20675&#39;%2F%3E\" data-src=\"https:\/\/zauggag.com\/cina_new\/wp-content\/uploads\/2017\/03\/Palette-EMAG-1-1200x675.jpg\" data-srcset=\"https:\/\/zauggag.com\/cina_new\/wp-content\/uploads\/2017\/03\/Palette-EMAG-1-1200x675.jpg 1200w, https:\/\/zauggag.com\/cina_new\/wp-content\/uploads\/2017\/03\/Palette-EMAG-1.jpg 1800w\" loading=\"eager\" sizes=\"(max-width: 1200px) 100vw, 1200px\" width=\"1200\" height=\"675\"  data-dt-location=\"https:\/\/zauggag.com\/cina_new\/fr\/palette-emag-2\/\" style=\"--ratio: 1200 \/ 675;\" alt=\"\" \/><\/div><\/div><\/div>[\/vc_column][\/vc_row][vc_row margin_bottom=\u00a0\u00bb70&Prime;][vc_column]<section id=\"benefits-grid-1\" class=\"benefits-grid wf-container benefits-style-two light-bg light-hover-bg accent-icon-color accent-icon-hover-color\" data-width=\"150px\" data-columns=\"3\"><style type=\"text\/css\">#benefits-grid-1 .benefits-grid-ico > i { font-size: 36px; line-height: 36px; }<\/style><div class=\"wf-cell\"><div><div class=\"text-normal\"><div class=\"wf-table\"><div class=\"wf-td\"><span class=\"benefits-grid-ico\"><i class=\"fa fa-check-square-o\"><\/i><\/span><\/div><div class=\"wf-td benefits-inner\"><h3>Carton<\/h3><p>Nos collaborateurs connaissent toutes les qualit\u00e9s de carton. Ils peuvent donc vous dire s\u2019il vaut mieux emballer votre marchandise dans un carton \u00e0 cannelure simple, double ou triple. Ils savent aussi si l\u2019emballage doit \u00eatre garni ou pas.<\/p>\n<a href=\"http:\/\/zauggag.com\/cina_new\/verpackungsmaterial-3\/kartonagen\/\" class=\"btn-shortcode dt-btn default-btn-color default-btn-hover-color default-btn-bg-color default-btn-bg-hover-color\" id=\"dt-btn-1\"><span>plus<\/span><\/a>\n<\/div><\/div><\/div><\/div><\/div><div class=\"wf-cell\"><div><div class=\"text-normal\"><div class=\"wf-table\"><div class=\"wf-td\"><span class=\"benefits-grid-ico\"><i class=\"fa fa-check-square-o\"><\/i><\/span><\/div><div class=\"wf-td benefits-inner\"><h3>Cadre enclipsable et pliable<\/h3><p>Combin\u00e9s aux palettes et couvercles correspondants, nos cadres enclipsables forment un conteneur qui prot\u00e8ge parfaitement votre marchandise. Ils se plient en diagonal apr\u00e8s usage. Parfait pour un transport \u00e0 vide et un entreposage peu volumineux.<\/p>\n<a href=\"http:\/\/zauggag.com\/cina_new\/verpackungsmaterial-3\/rahmen\/\" class=\"btn-shortcode dt-btn default-btn-color default-btn-hover-color default-btn-bg-color default-btn-bg-hover-color\" id=\"dt-btn-2\"><span>plus<\/span><\/a>\n<\/div><\/div><\/div><\/div><\/div><div class=\"wf-cell\"><div><div class=\"text-normal\"><div class=\"wf-table\"><div class=\"wf-td\"><span class=\"benefits-grid-ico\"><i class=\"fa fa-check-square-o\"><\/i><\/span><\/div><div class=\"wf-td benefits-inner\"><h3>Cadre enclipsable et pliable<\/h3><p>Combin\u00e9s aux palettes et couvercles correspondants, nos cadres enclipsables forment un conteneur qui prot\u00e8ge parfaitement votre marchandise. Ils se plient en diagonal apr\u00e8s usage. Parfait pour un transport \u00e0 vide et un entreposage peu volumineux.<\/p>\n<a href=\"http:\/\/zauggag.com\/cina_new\/verpackungsmaterial-3\/paletten\/\" class=\"btn-shortcode dt-btn default-btn-color default-btn-hover-color default-btn-bg-color default-btn-bg-hover-color\" id=\"dt-btn-3\"><span>plus<\/span><\/a>\n<\/div><\/div><\/div><\/div><\/div><\/section>[\/vc_column][\/vc_row]<\/p>\n","protected":false},"excerpt":{"rendered":"<p>[vc_row margin_top=\u00a0\u00bb50&Prime; margin_bottom=\u00a0\u00bb100&Prime;][vc_column][\/vc_column][\/vc_row][vc_row margin_bottom=\u00a0\u00bb70&Prime;][vc_column][\/vc_column][\/vc_row]<\/p>\n","protected":false},"author":1,"featured_media":0,"parent":0,"menu_order":0,"comment_status":"closed","ping_status":"open","template":"","meta":{"footnotes":""},"class_list":["post-19627","page","type-page","status-publish","hentry","description-off"],"_links":{"self":[{"href":"https:\/\/zauggag.com\/cina_new\/fr\/wp-json\/wp\/v2\/pages\/19627","targetHints":{"allow":["GET"]}}],"collection":[{"href":"https:\/\/zauggag.com\/cina_new\/fr\/wp-json\/wp\/v2\/pages"}],"about":[{"href":"https:\/\/zauggag.com\/cina_new\/fr\/wp-json\/wp\/v2\/types\/page"}],"author":[{"embeddable":true,"href":"https:\/\/zauggag.com\/cina_new\/fr\/wp-json\/wp\/v2\/users\/1"}],"replies":[{"embeddable":true,"href":"https:\/\/zauggag.com\/cina_new\/fr\/wp-json\/wp\/v2\/comments?post=19627"}],"version-history":[{"count":2,"href":"https:\/\/zauggag.com\/cina_new\/fr\/wp-json\/wp\/v2\/pages\/19627\/revisions"}],"predecessor-version":[{"id":19648,"href":"https:\/\/zauggag.com\/cina_new\/fr\/wp-json\/wp\/v2\/pages\/19627\/revisions\/19648"}],"wp:attachment":[{"href":"https:\/\/zauggag.com\/cina_new\/fr\/wp-json\/wp\/v2\/media?parent=19627"}],"curies":[{"name":"wp","href":"https:\/\/api.w.org\/{rel}","templated":true}]}}