{"id":19634,"date":"2014-01-12T00:19:25","date_gmt":"2014-01-11T22:19:25","guid":{"rendered":"http:\/\/zauggag.com\/cina_new\/transportverpackungen-3-3\/"},"modified":"2017-03-30T10:02:12","modified_gmt":"2017-03-30T10:02:12","slug":"transportverpackungen-3-3","status":"publish","type":"page","link":"https:\/\/zauggag.com\/cina_new\/fr\/transportverpackungen-3-3\/","title":{"rendered":"Les emballages de transport"},"content":{"rendered":"<p>[vc_row margin_top=\u00a0\u00bb20&Prime; margin_bottom=\u00a0\u00bb100&Prime;][vc_column]<style type=\"text\/css\" data-type=\"the7_shortcodes-inline-css\">.shortcode-single-image-wrap.shortcode-single-image-08384ce383ff0ef4df6051b95d564855.enable-bg-rollover .rollover i,\n.shortcode-single-image-wrap.shortcode-single-image-08384ce383ff0ef4df6051b95d564855.enable-bg-rollover .rollover-video i {\n  background: ;\n  background: -webkit-linear-gradient();\n  background: linear-gradient();\n}\n.shortcode-single-image-wrap.shortcode-single-image-08384ce383ff0ef4df6051b95d564855 .rollover-icon {\n  font-size: 32px;\n  color: #ffffff;\n  min-width: 44px;\n  min-height: 44px;\n  line-height: 44px;\n  border-radius: 100px;\n  border-style: solid;\n  border-width: 0px;\n}\n.dt-icon-bg-on.shortcode-single-image-wrap.shortcode-single-image-08384ce383ff0ef4df6051b95d564855 .rollover-icon {\n  background: rgba(255,255,255,0.3);\n  box-shadow: none;\n}<\/style><div class=\"shortcode-single-image-wrap shortcode-single-image-08384ce383ff0ef4df6051b95d564855 alignnone  enable-bg-rollover dt-icon-bg-off\" style=\"margin-top:0px; margin-bottom:0px; margin-left:0px; margin-right:0px; width:1200px;\"><div class=\"shortcode-single-image\"><div class=\"fancy-media-wrap  layzr-bg\" style=\"\"><img fetchpriority=\"high\" decoding=\"async\" class=\"preload-me lazy-load aspect\" src=\"data:image\/svg+xml,%3Csvg%20xmlns%3D&#39;http%3A%2F%2Fwww.w3.org%2F2000%2Fsvg&#39;%20viewBox%3D&#39;0%200%201200%20675&#39;%2F%3E\" data-src=\"https:\/\/zauggag.com\/cina_new\/wp-content\/uploads\/2017\/03\/November-2013-201-1-1200x675.jpg\" data-srcset=\"https:\/\/zauggag.com\/cina_new\/wp-content\/uploads\/2017\/03\/November-2013-201-1-1200x675.jpg 1200w, https:\/\/zauggag.com\/cina_new\/wp-content\/uploads\/2017\/03\/November-2013-201-1.jpg 1800w\" loading=\"eager\" sizes=\"(max-width: 1200px) 100vw, 1200px\" width=\"1200\" height=\"675\"  data-dt-location=\"https:\/\/zauggag.com\/cina_new\/fr\/november-2013-201-2\/\" style=\"--ratio: 1200 \/ 675;\" alt=\"\" \/><\/div><\/div><\/div>[\/vc_column][\/vc_row][vc_row margin_bottom=\u00a0\u00bb70&Prime;][vc_column]<section id=\"benefits-grid-1\" class=\"benefits-grid wf-container benefits-style-two light-bg light-hover-bg accent-icon-color accent-icon-hover-color\" data-width=\"150px\" data-columns=\"2\"><style type=\"text\/css\">#benefits-grid-1 .benefits-grid-ico > i { font-size: 36px; line-height: 36px; }<\/style><div class=\"wf-cell\"><div><div class=\"text-normal\"><div class=\"wf-table\"><div class=\"wf-td\"><span class=\"benefits-grid-ico\"><i class=\"fa fa-plane\"><\/i><\/span><\/div><div class=\"wf-td benefits-inner\"><h3>Conteneurs de fret terrestre, a\u00e9rien et maritime<\/h3><p>Nous emballons de mani\u00e8re professionnelle et soign\u00e9e les marchandises encombrantes jusqu\u2019\u00e0 15 m de long. Nous concevons \u00e0 cet effet des caisses de transport en bois suisse, jetables ou r\u00e9utilisables, au centim\u00e8tre pr\u00e8s. Ou alors nous cr\u00e9ons des emballages alternatifs parfaitement adapt\u00e9s \u00e0 la marchandise \u00e0 exp\u00e9dier.<\/p>\n<a href=\"http:\/\/zauggag.com\/cina_new\/land-luft-und-see\/\" class=\"btn-shortcode dt-btn default-btn-color default-btn-hover-color default-btn-bg-color default-btn-bg-hover-color\" id=\"dt-btn-1\"><span>plus<\/span><\/a>\n<\/div><\/div><\/div><\/div><\/div><div class=\"wf-cell\"><div><div class=\"text-normal\"><div class=\"wf-table\"><div class=\"wf-td\"><span class=\"benefits-grid-ico\"><i class=\"fa fa-exclamation-triangle\"><\/i><\/span><\/div><div class=\"wf-td benefits-inner\"><h3>Protection contre la corrosion<\/h3><p>Nous ne prenons pas \u00e0 la l\u00e9g\u00e8re la protection contre la corrosion. Nous choisissons la m\u00e9thode d\u2019emballage qui convient \u00e0 la marchandise \u00e0 transporter. Nous nous assurons ainsi que votre marchandise arrive \u00e0 destination dans l\u2019\u00e9tat o\u00f9 elle a quitt\u00e9 l\u2019usine dans des conditions de transport normales.<\/p>\n<a href=\"http:\/\/zauggag.com\/cina_new\/korrosionsschutz\/\" class=\"btn-shortcode dt-btn default-btn-color default-btn-hover-color default-btn-bg-color default-btn-bg-hover-color\" id=\"dt-btn-2\"><span>plus<\/span><\/a>\n<\/div><\/div><\/div><\/div><\/div><\/section>[\/vc_column][\/vc_row]<\/p>\n","protected":false},"excerpt":{"rendered":"<p>[vc_row margin_top=\u00a0\u00bb20&Prime; margin_bottom=\u00a0\u00bb100&Prime;][vc_column][\/vc_column][\/vc_row][vc_row margin_bottom=\u00a0\u00bb70&Prime;][vc_column][\/vc_column][\/vc_row]<\/p>\n","protected":false},"author":1,"featured_media":0,"parent":0,"menu_order":0,"comment_status":"closed","ping_status":"open","template":"","meta":{"footnotes":""},"class_list":["post-19634","page","type-page","status-publish","hentry","description-off"],"_links":{"self":[{"href":"https:\/\/zauggag.com\/cina_new\/fr\/wp-json\/wp\/v2\/pages\/19634","targetHints":{"allow":["GET"]}}],"collection":[{"href":"https:\/\/zauggag.com\/cina_new\/fr\/wp-json\/wp\/v2\/pages"}],"about":[{"href":"https:\/\/zauggag.com\/cina_new\/fr\/wp-json\/wp\/v2\/types\/page"}],"author":[{"embeddable":true,"href":"https:\/\/zauggag.com\/cina_new\/fr\/wp-json\/wp\/v2\/users\/1"}],"replies":[{"embeddable":true,"href":"https:\/\/zauggag.com\/cina_new\/fr\/wp-json\/wp\/v2\/comments?post=19634"}],"version-history":[{"count":1,"href":"https:\/\/zauggag.com\/cina_new\/fr\/wp-json\/wp\/v2\/pages\/19634\/revisions"}],"predecessor-version":[{"id":19635,"href":"https:\/\/zauggag.com\/cina_new\/fr\/wp-json\/wp\/v2\/pages\/19634\/revisions\/19635"}],"wp:attachment":[{"href":"https:\/\/zauggag.com\/cina_new\/fr\/wp-json\/wp\/v2\/media?parent=19634"}],"curies":[{"name":"wp","href":"https:\/\/api.w.org\/{rel}","templated":true}]}}