{"id":19655,"date":"2014-01-12T02:41:00","date_gmt":"2014-01-12T00:41:00","guid":{"rendered":"http:\/\/zauggag.com\/cina_new\/services-2\/"},"modified":"2017-03-30T15:55:59","modified_gmt":"2017-03-30T15:55:59","slug":"services-2","status":"publish","type":"page","link":"https:\/\/zauggag.com\/cina_new\/fr\/services-2\/","title":{"rendered":"Services"},"content":{"rendered":"<p>[vc_row margin_top=\u00a0\u00bb50&Prime; margin_bottom=\u00a0\u00bb100&Prime;][vc_column]<style type=\"text\/css\" data-type=\"the7_shortcodes-inline-css\">.shortcode-single-image-wrap.shortcode-single-image-51d8294d7ba08a9d0cdd55348e3564e7.enable-bg-rollover .rollover i,\n.shortcode-single-image-wrap.shortcode-single-image-51d8294d7ba08a9d0cdd55348e3564e7.enable-bg-rollover .rollover-video i {\n  background: ;\n  background: -webkit-linear-gradient();\n  background: linear-gradient();\n}\n.shortcode-single-image-wrap.shortcode-single-image-51d8294d7ba08a9d0cdd55348e3564e7 .rollover-icon {\n  font-size: 32px;\n  color: #ffffff;\n  min-width: 44px;\n  min-height: 44px;\n  line-height: 44px;\n  border-radius: 100px;\n  border-style: solid;\n  border-width: 0px;\n}\n.dt-icon-bg-on.shortcode-single-image-wrap.shortcode-single-image-51d8294d7ba08a9d0cdd55348e3564e7 .rollover-icon {\n  background: rgba(255,255,255,0.3);\n  box-shadow: none;\n}<\/style><div class=\"shortcode-single-image-wrap shortcode-single-image-51d8294d7ba08a9d0cdd55348e3564e7 alignnone  enable-bg-rollover dt-icon-bg-off\" style=\"margin-top:0px; margin-bottom:0px; margin-left:0px; margin-right:0px; width:1200px;\"><div class=\"shortcode-single-image\"><div class=\"fancy-media-wrap  layzr-bg\" style=\"\"><img fetchpriority=\"high\" decoding=\"async\" class=\"preload-me lazy-load aspect\" src=\"data:image\/svg+xml,%3Csvg%20xmlns%3D&#39;http%3A%2F%2Fwww.w3.org%2F2000%2Fsvg&#39;%20viewBox%3D&#39;0%200%201200%20675&#39;%2F%3E\" data-src=\"https:\/\/zauggag.com\/cina_new\/wp-content\/uploads\/2014\/01\/Luftfrachtverlad-3-2000x1125-1200x675.jpg\" data-srcset=\"https:\/\/zauggag.com\/cina_new\/wp-content\/uploads\/2014\/01\/Luftfrachtverlad-3-2000x1125-1200x675.jpg 1200w, https:\/\/zauggag.com\/cina_new\/wp-content\/uploads\/2014\/01\/Luftfrachtverlad-3-2000x1125.jpg 2000w\" loading=\"eager\" sizes=\"(max-width: 1200px) 100vw, 1200px\" width=\"1200\" height=\"675\"  data-dt-location=\"https:\/\/zauggag.com\/cina_new\/fr\/services-2\/luftfrachtverlad-3-2000x1125\/\" style=\"--ratio: 1200 \/ 675;\" alt=\"\" \/><\/div><\/div><\/div>[\/vc_column][\/vc_row][vc_row margin_bottom=\u00a0\u00bb70&Prime;][vc_column]<section id=\"benefits-grid-1\" class=\"benefits-grid wf-container benefits-style-two light-bg light-hover-bg accent-icon-color accent-icon-hover-color\" data-width=\"180px\" data-columns=\"2\"><style type=\"text\/css\">#benefits-grid-1 .benefits-grid-ico > i { font-size: 36px; line-height: 36px; }<\/style><div class=\"wf-cell\"><div><div class=\"text-normal\"><div class=\"wf-table\"><div class=\"wf-td\"><span class=\"benefits-grid-ico\"><i class=\"fa fa-trello\"><\/i><\/span><\/div><div class=\"wf-td benefits-inner\"><h3>Entrep\u00f4t<\/h3><p>Nos entrep\u00f4ts sont grands. C\u2019est pourquoi nous ne sommes pas d\u00e9munis si vous souhaitez entreposer chez nous une installation m\u00e9canique compl\u00e8te. Nos entrep\u00f4ts sont vastes et \u00e9quip\u00e9s rationnellement. C\u2019est ainsi que nous pouvons g\u00e9rer et pr\u00e9parer pour vous toutes sortes de marchandises; de la pi\u00e8ce d\u00e9tach\u00e9e \u00e0 la marchandise en vrac.<\/p>\n<a href=\"http:\/\/zauggag.com\/cina_new\/services-2\/lagerhaus-2\/\" class=\"btn-shortcode dt-btn default-btn-color default-btn-hover-color default-btn-bg-color default-btn-bg-hover-color\" id=\"dt-btn-1\"><span>plus<\/span><\/a>\n<\/div><\/div><\/div><\/div><\/div><div class=\"wf-cell\"><div><div class=\"text-normal\"><div class=\"wf-table\"><div class=\"wf-td\"><span class=\"benefits-grid-ico\"><i class=\"fa fa-truck\"><\/i><\/span><\/div><div class=\"wf-td benefits-inner\"><h3>Logistique<\/h3><p>Chaque marchandise \u00e0 ses besoins propres qui d\u00e9terminent le choix du ou des moyens de transport. Sp\u00e9cialistes de l\u2019emballage, nous connaissons ces besoins et mettons notre savoir en \u0153uvre pour d\u00e9terminer la voie de transport id\u00e9ale pour votre marchandise.<\/p>\n<a href=\"http:\/\/zauggag.com\/cina_new\/logistik\/\" class=\"btn-shortcode dt-btn default-btn-color default-btn-hover-color default-btn-bg-color default-btn-bg-hover-color\" id=\"dt-btn-2\"><span>plus<\/span><\/a>\n<\/div><\/div><\/div><\/div><\/div><\/section>[\/vc_column][\/vc_row]<\/p>\n","protected":false},"excerpt":{"rendered":"<p>[vc_row margin_top=\u00a0\u00bb50&Prime; margin_bottom=\u00a0\u00bb100&Prime;][vc_column][\/vc_column][\/vc_row][vc_row margin_bottom=\u00a0\u00bb70&Prime;][vc_column][\/vc_column][\/vc_row]<\/p>\n","protected":false},"author":1,"featured_media":0,"parent":0,"menu_order":0,"comment_status":"closed","ping_status":"open","template":"","meta":{"footnotes":""},"class_list":["post-19655","page","type-page","status-publish","hentry","description-off"],"_links":{"self":[{"href":"https:\/\/zauggag.com\/cina_new\/fr\/wp-json\/wp\/v2\/pages\/19655","targetHints":{"allow":["GET"]}}],"collection":[{"href":"https:\/\/zauggag.com\/cina_new\/fr\/wp-json\/wp\/v2\/pages"}],"about":[{"href":"https:\/\/zauggag.com\/cina_new\/fr\/wp-json\/wp\/v2\/types\/page"}],"author":[{"embeddable":true,"href":"https:\/\/zauggag.com\/cina_new\/fr\/wp-json\/wp\/v2\/users\/1"}],"replies":[{"embeddable":true,"href":"https:\/\/zauggag.com\/cina_new\/fr\/wp-json\/wp\/v2\/comments?post=19655"}],"version-history":[{"count":2,"href":"https:\/\/zauggag.com\/cina_new\/fr\/wp-json\/wp\/v2\/pages\/19655\/revisions"}],"predecessor-version":[{"id":19672,"href":"https:\/\/zauggag.com\/cina_new\/fr\/wp-json\/wp\/v2\/pages\/19655\/revisions\/19672"}],"wp:attachment":[{"href":"https:\/\/zauggag.com\/cina_new\/fr\/wp-json\/wp\/v2\/media?parent=19655"}],"curies":[{"name":"wp","href":"https:\/\/api.w.org\/{rel}","templated":true}]}}