{"id":19676,"date":"2014-01-12T12:57:31","date_gmt":"2014-01-12T10:57:31","guid":{"rendered":"http:\/\/zauggag.com\/cina_new\/land-luft-und-see\/"},"modified":"2017-03-30T15:59:54","modified_gmt":"2017-03-30T15:59:54","slug":"land-luft-und-see","status":"publish","type":"page","link":"https:\/\/zauggag.com\/cina_new\/fr\/land-luft-und-see\/","title":{"rendered":"Conteneurs de fret terrestre, a\u00e9rien et maritime"},"content":{"rendered":"<p>[vc_row margin_top=\u00a0\u00bb50&Prime; margin_bottom=\u00a0\u00bb100&Prime;][vc_column]<style type=\"text\/css\" data-type=\"the7_shortcodes-inline-css\">.shortcode-single-image-wrap.shortcode-single-image-3098e6f16ab3045d0906521b816c88fe.enable-bg-rollover .rollover i,\n.shortcode-single-image-wrap.shortcode-single-image-3098e6f16ab3045d0906521b816c88fe.enable-bg-rollover .rollover-video i {\n  background: ;\n  background: -webkit-linear-gradient();\n  background: linear-gradient();\n}\n.shortcode-single-image-wrap.shortcode-single-image-3098e6f16ab3045d0906521b816c88fe .rollover-icon {\n  font-size: 32px;\n  color: #ffffff;\n  min-width: 44px;\n  min-height: 44px;\n  line-height: 44px;\n  border-radius: 100px;\n  border-style: solid;\n  border-width: 0px;\n}\n.dt-icon-bg-on.shortcode-single-image-wrap.shortcode-single-image-3098e6f16ab3045d0906521b816c88fe .rollover-icon {\n  background: rgba(255,255,255,0.3);\n  box-shadow: none;\n}<\/style><div class=\"shortcode-single-image-wrap shortcode-single-image-3098e6f16ab3045d0906521b816c88fe alignnone  enable-bg-rollover dt-icon-bg-off\" style=\"margin-top:0px; margin-bottom:0px; margin-left:0px; margin-right:0px; width:1200px;\"><div class=\"shortcode-single-image\"><div class=\"fancy-media-wrap  layzr-bg\" style=\"\"><img fetchpriority=\"high\" decoding=\"async\" class=\"preload-me lazy-load aspect\" src=\"data:image\/svg+xml,%3Csvg%20xmlns%3D&#39;http%3A%2F%2Fwww.w3.org%2F2000%2Fsvg&#39;%20viewBox%3D&#39;0%200%201200%20676&#39;%2F%3E\" data-src=\"https:\/\/zauggag.com\/cina_new\/wp-content\/uploads\/2017\/03\/Meyer-Burger-China-1200x676.jpg\" data-srcset=\"https:\/\/zauggag.com\/cina_new\/wp-content\/uploads\/2017\/03\/Meyer-Burger-China-1200x676.jpg 1200w, https:\/\/zauggag.com\/cina_new\/wp-content\/uploads\/2017\/03\/Meyer-Burger-China.jpg 1800w\" loading=\"eager\" sizes=\"(max-width: 1200px) 100vw, 1200px\" width=\"1200\" height=\"676\"  data-dt-location=\"https:\/\/zauggag.com\/cina_new\/fr\/meyer-burger-china\/\" style=\"--ratio: 1200 \/ 676;\" alt=\"\" \/><\/div><\/div><\/div>[\/vc_column][\/vc_row][vc_row][vc_column width=\u00a0\u00bb1\/2&Prime;][vc_column_text]<\/p>\n<h3>Nous emballons sur mesure<\/h3>\n<p>[\/vc_column_text]<div class=\"gap\" style=\"line-height: 40px; height: 40px;\"><\/div>[vc_column_text]Nous emballons de mani\u00e8re professionnelle et soign\u00e9e les marchandises encombrantes jusqu\u2019\u00e0 15 m de long. Nous concevons \u00e0 cet effet des caisses de transport en bois suisse, jetables ou r\u00e9utilisables, au centim\u00e8tre pr\u00e8s. Ou alors nous cr\u00e9ons des emballages alternatifs parfaitement adapt\u00e9s \u00e0 la marchandise \u00e0 exp\u00e9dier.<\/p>\n<p>&nbsp;<\/p>\n<p>Le poids n\u2019a pour nous aucune importance. A l\u2019usine de Zurich, notre pont roulant peut soulever des charges allant jusqu\u2019\u00e0 35 t et \u00e0 l\u2019usine de Bienne, grue et chariot-\u00e9l\u00e9vateur soul\u00e8vent jusqu\u2019\u00e0 22 t. Et lorsque cela ne suffit pas, nous faisons appel \u00e0 des grues pneumatiques mobiles qui soul\u00e8vent jusqu\u2019\u00e0 300 t.<\/p>\n<p>Chez nous, vos marchandises sont prot\u00e9g\u00e9es \u00e0 tout instant contre les intemp\u00e9ries, le vandalisme et le vol. L\u2019entrep\u00f4t et le poste d\u2019emballage se trouvent dans une immense halle ferm\u00e9e \u00e0 cl\u00e9 en dehors du service. Si vous ne pouvez pas nous amener votre marchandise, nous venons \u00e0 elle et l\u2019emballons \u00e0 l\u2019endroit o\u00f9 vous souhaitez la pr\u00e9parer pour le transport.[\/vc_column_text]<div class=\"gap\" style=\"line-height: 40px; height: 40px;\"><\/div>[\/vc_column][vc_column width=\u00a0\u00bb1\/2&Prime;][vc_column_text]<\/p>\n<h3>Aper\u00e7u de notre Full-Service:<\/h3>\n<p>[\/vc_column_text]<div class=\"gap\" style=\"line-height: 40px; height: 40px;\"><\/div><div class=\"standard-arrow list-divider bullet-top\"><ul>\n<li>Conseil pour le transport et conception de l\u2019emballage<\/li>\n<li>Fabrication maison de caisses, caissons ou fonds de transport dans la version jetable ou r\u00e9utilisable.<\/li>\n<li>Fabrication d\u2019emballages pour les salons<\/li>\n<li>Cr\u00e9ation d\u2019emballages alternatifs<\/li>\n<li>Service d\u2019emballage dans nos locaux ou sur place chez vous<\/li>\n<li>Entreposage de la marchandise et de l\u2019emballage jusqu\u2019au transport<\/li>\n<li>Chargement sur poids-lourd ou en conteneur<\/li>\n<li>Transport par poids-lourd, fret a\u00e9rien ou maritime dans le monde entier<\/li>\n<\/ul>\n<\/div><div class=\"gap\" style=\"line-height: 40px; height: 40px;\"><\/div>[\/vc_column][\/vc_row]<\/p>\n","protected":false},"excerpt":{"rendered":"<p>[vc_row margin_top=\u00a0\u00bb50&Prime; margin_bottom=\u00a0\u00bb100&Prime;][vc_column][\/vc_column][\/vc_row][vc_row][vc_column width=\u00a0\u00bb1\/2&Prime;][vc_column_text] Nous emballons sur mesure [\/vc_column_text][vc_column_text]Nous emballons de mani\u00e8re professionnelle et soign\u00e9e les marchandises encombrantes jusqu\u2019\u00e0 15 m de long. Nous concevons \u00e0 cet effet des caisses de transport en bois suisse, jetables ou r\u00e9utilisables, au centim\u00e8tre pr\u00e8s. Ou alors nous cr\u00e9ons des emballages alternatifs parfaitement adapt\u00e9s \u00e0 la marchandise \u00e0 exp\u00e9dier.&hellip;<\/p>\n","protected":false},"author":1,"featured_media":0,"parent":0,"menu_order":0,"comment_status":"closed","ping_status":"closed","template":"","meta":{"footnotes":""},"class_list":["post-19676","page","type-page","status-publish","hentry","description-off"],"_links":{"self":[{"href":"https:\/\/zauggag.com\/cina_new\/fr\/wp-json\/wp\/v2\/pages\/19676","targetHints":{"allow":["GET"]}}],"collection":[{"href":"https:\/\/zauggag.com\/cina_new\/fr\/wp-json\/wp\/v2\/pages"}],"about":[{"href":"https:\/\/zauggag.com\/cina_new\/fr\/wp-json\/wp\/v2\/types\/page"}],"author":[{"embeddable":true,"href":"https:\/\/zauggag.com\/cina_new\/fr\/wp-json\/wp\/v2\/users\/1"}],"replies":[{"embeddable":true,"href":"https:\/\/zauggag.com\/cina_new\/fr\/wp-json\/wp\/v2\/comments?post=19676"}],"version-history":[{"count":1,"href":"https:\/\/zauggag.com\/cina_new\/fr\/wp-json\/wp\/v2\/pages\/19676\/revisions"}],"predecessor-version":[{"id":19677,"href":"https:\/\/zauggag.com\/cina_new\/fr\/wp-json\/wp\/v2\/pages\/19676\/revisions\/19677"}],"wp:attachment":[{"href":"https:\/\/zauggag.com\/cina_new\/fr\/wp-json\/wp\/v2\/media?parent=19676"}],"curies":[{"name":"wp","href":"https:\/\/api.w.org\/{rel}","templated":true}]}}