{"id":19684,"date":"2014-01-12T13:45:18","date_gmt":"2014-01-12T11:45:18","guid":{"rendered":"http:\/\/zauggag.com\/cina_new\/korrosionsschutz\/"},"modified":"2017-03-30T16:10:46","modified_gmt":"2017-03-30T16:10:46","slug":"korrosionsschutz","status":"publish","type":"page","link":"https:\/\/zauggag.com\/cina_new\/fr\/korrosionsschutz\/","title":{"rendered":"Protection contre la corrosion"},"content":{"rendered":"<p>[vc_row margin_top=\u00a0\u00bb50&Prime; margin_bottom=\u00a0\u00bb100&Prime;][vc_column]<style type=\"text\/css\" data-type=\"the7_shortcodes-inline-css\">.shortcode-single-image-wrap.shortcode-single-image-c0ad78e99d548fd5c57adaf198bd08bd.enable-bg-rollover .rollover i,\n.shortcode-single-image-wrap.shortcode-single-image-c0ad78e99d548fd5c57adaf198bd08bd.enable-bg-rollover .rollover-video i {\n  background: ;\n  background: -webkit-linear-gradient();\n  background: linear-gradient();\n}\n.shortcode-single-image-wrap.shortcode-single-image-c0ad78e99d548fd5c57adaf198bd08bd .rollover-icon {\n  font-size: 32px;\n  color: #ffffff;\n  min-width: 44px;\n  min-height: 44px;\n  line-height: 44px;\n  border-radius: 100px;\n  border-style: solid;\n  border-width: 0px;\n}\n.dt-icon-bg-on.shortcode-single-image-wrap.shortcode-single-image-c0ad78e99d548fd5c57adaf198bd08bd .rollover-icon {\n  background: rgba(255,255,255,0.3);\n  box-shadow: none;\n}<\/style><div class=\"shortcode-single-image-wrap shortcode-single-image-c0ad78e99d548fd5c57adaf198bd08bd alignnone  enable-bg-rollover dt-icon-bg-off\" style=\"margin-top:0px; margin-bottom:0px; margin-left:0px; margin-right:0px; width:1200px;\"><div class=\"shortcode-single-image\"><div class=\"fancy-media-wrap  layzr-bg\" style=\"\"><img fetchpriority=\"high\" decoding=\"async\" class=\"preload-me lazy-load aspect\" src=\"data:image\/svg+xml,%3Csvg%20xmlns%3D&#39;http%3A%2F%2Fwww.w3.org%2F2000%2Fsvg&#39;%20viewBox%3D&#39;0%200%201200%20675&#39;%2F%3E\" data-src=\"https:\/\/zauggag.com\/cina_new\/wp-content\/uploads\/2017\/03\/Emag-01-1200x675.jpg\" data-srcset=\"https:\/\/zauggag.com\/cina_new\/wp-content\/uploads\/2017\/03\/Emag-01-1200x675.jpg 1200w, https:\/\/zauggag.com\/cina_new\/wp-content\/uploads\/2017\/03\/Emag-01.jpg 1500w\" loading=\"eager\" sizes=\"(max-width: 1200px) 100vw, 1200px\" width=\"1200\" height=\"675\"  data-dt-location=\"https:\/\/zauggag.com\/cina_new\/fr\/emag-01\/\" style=\"--ratio: 1200 \/ 675;\" alt=\"\" \/><\/div><\/div><\/div>[\/vc_column][\/vc_row][vc_row][vc_column width=\u00a0\u00bb1\/2&Prime;][vc_column_text]<\/p>\n<div class=\"wpb_text_column wpb_content_element \">\n<div class=\"wpb_wrapper\">\n<h3>Nous emballons avec soin<\/h3>\n<\/div>\n<\/div>\n<p>[\/vc_column_text]<div class=\"gap\" style=\"line-height: 40px; height: 40px;\"><\/div>[vc_column_text]Nous ne prenons pas \u00e0 la l\u00e9g\u00e8re la protection contre la corrosion. Nous choisissons la m\u00e9thode d\u2019emballage qui convient \u00e0 la marchandise \u00e0 transporter. Nous nous assurons ainsi que votre marchandise arrive \u00e0 destination dans l\u2019\u00e9tat o\u00f9 elle a quitt\u00e9 l\u2019usine dans des conditions de transport normales.<\/p>\n<p>Tous nos films de protection, housses, gaines et sacs sont fabriqu\u00e9s dans des mat\u00e9riaux de premi\u00e8re qualit\u00e9 et sont pr\u00e9par\u00e9s sur mesure par nos collaborateurs pour n\u2019importe quelle dimension ou taille de lot. Nous garantissons ainsi jusqu\u2019\u00e0 12 mois de protection contre la corrosion dans des conditions de transport normales et pour un entreposage correct. Nous ma\u00eetrisons aussi la m\u00e9thode de d\u00e9shydratation avec t\u00e9moins d\u2019humidit\u00e9 selon la norme DIN 55474 pour l\u2019entreposage de longue dur\u00e9e, soit de deux \u00e0 cinq ans.[\/vc_column_text]<div class=\"gap\" style=\"line-height: 40px; height: 40px;\"><\/div>[\/vc_column][vc_column width=\u00a0\u00bb1\/2&Prime;][vc_column_text]<\/p>\n<h3>Aper\u00e7u de notre Full-Service:<\/h3>\n<p>[\/vc_column_text]<div class=\"gap\" style=\"line-height: 40px; height: 40px;\"><\/div><div class=\"standard-arrow list-divider bullet-top\"><ul>\n<li>Film de poly\u00e9thyl\u00e8ne pour la simple protection contre la poussi\u00e8re, sous forme de films, de housses compl\u00e8tes, de gaines ou de sacs en diff\u00e9rents formats<\/li>\n<li>Protection contre la corrosion VCI, sous forme de films, de housses compl\u00e8tes, de gaines ou de sacs en diff\u00e9rents formats<\/li>\n<li>Film composite aluminium avec et sans t\u00e9moins d\u2019humidit\u00e9, sous forme de housses compl\u00e8tes ou de sacs de diff\u00e9rents formats<\/li>\n<\/ul>\n<\/div><div class=\"gap\" style=\"line-height: 40px; height: 40px;\"><\/div>[\/vc_column][\/vc_row]<\/p>\n","protected":false},"excerpt":{"rendered":"<p>[vc_row margin_top=\u00a0\u00bb50&Prime; margin_bottom=\u00a0\u00bb100&Prime;][vc_column][\/vc_column][\/vc_row][vc_row][vc_column width=\u00a0\u00bb1\/2&Prime;][vc_column_text] Nous emballons avec soin [\/vc_column_text][vc_column_text]Nous ne prenons pas \u00e0 la l\u00e9g\u00e8re la protection contre la corrosion. Nous choisissons la m\u00e9thode d\u2019emballage qui convient \u00e0 la marchandise \u00e0 transporter. Nous nous assurons ainsi que votre marchandise arrive \u00e0 destination dans l\u2019\u00e9tat o\u00f9 elle a quitt\u00e9 l\u2019usine dans des conditions de transport normales.&hellip;<\/p>\n","protected":false},"author":1,"featured_media":0,"parent":0,"menu_order":0,"comment_status":"closed","ping_status":"closed","template":"","meta":{"footnotes":""},"class_list":["post-19684","page","type-page","status-publish","hentry","description-off"],"_links":{"self":[{"href":"https:\/\/zauggag.com\/cina_new\/fr\/wp-json\/wp\/v2\/pages\/19684","targetHints":{"allow":["GET"]}}],"collection":[{"href":"https:\/\/zauggag.com\/cina_new\/fr\/wp-json\/wp\/v2\/pages"}],"about":[{"href":"https:\/\/zauggag.com\/cina_new\/fr\/wp-json\/wp\/v2\/types\/page"}],"author":[{"embeddable":true,"href":"https:\/\/zauggag.com\/cina_new\/fr\/wp-json\/wp\/v2\/users\/1"}],"replies":[{"embeddable":true,"href":"https:\/\/zauggag.com\/cina_new\/fr\/wp-json\/wp\/v2\/comments?post=19684"}],"version-history":[{"count":2,"href":"https:\/\/zauggag.com\/cina_new\/fr\/wp-json\/wp\/v2\/pages\/19684\/revisions"}],"predecessor-version":[{"id":19686,"href":"https:\/\/zauggag.com\/cina_new\/fr\/wp-json\/wp\/v2\/pages\/19684\/revisions\/19686"}],"wp:attachment":[{"href":"https:\/\/zauggag.com\/cina_new\/fr\/wp-json\/wp\/v2\/media?parent=19684"}],"curies":[{"name":"wp","href":"https:\/\/api.w.org\/{rel}","templated":true}]}}