{"id":19705,"date":"2014-01-12T14:59:16","date_gmt":"2014-01-12T12:59:16","guid":{"rendered":"http:\/\/zauggag.com\/cina_new\/verpackungsmaterial-3\/paletten\/"},"modified":"2017-03-30T16:33:48","modified_gmt":"2017-03-30T16:33:48","slug":"paletten","status":"publish","type":"page","link":"https:\/\/zauggag.com\/cina_new\/fr\/verpackungsmaterial-3\/paletten\/","title":{"rendered":"Palettes"},"content":{"rendered":"<p>[vc_row margin_top=\u00a0\u00bb50&Prime; margin_bottom=\u00a0\u00bb100&Prime;][vc_column]<style type=\"text\/css\" data-type=\"the7_shortcodes-inline-css\">.shortcode-single-image-wrap.shortcode-single-image-a04a271f731f012437f874b645de6c46.enable-bg-rollover .rollover i,\n.shortcode-single-image-wrap.shortcode-single-image-a04a271f731f012437f874b645de6c46.enable-bg-rollover .rollover-video i {\n  background: ;\n  background: -webkit-linear-gradient();\n  background: linear-gradient();\n}\n.shortcode-single-image-wrap.shortcode-single-image-a04a271f731f012437f874b645de6c46 .rollover-icon {\n  font-size: 32px;\n  color: #ffffff;\n  min-width: 44px;\n  min-height: 44px;\n  line-height: 44px;\n  border-radius: 100px;\n  border-style: solid;\n  border-width: 0px;\n}\n.dt-icon-bg-on.shortcode-single-image-wrap.shortcode-single-image-a04a271f731f012437f874b645de6c46 .rollover-icon {\n  background: rgba(255,255,255,0.3);\n  box-shadow: none;\n}<\/style><div class=\"shortcode-single-image-wrap shortcode-single-image-a04a271f731f012437f874b645de6c46 alignnone  enable-bg-rollover dt-icon-bg-off\" style=\"margin-top:0px; margin-bottom:0px; margin-left:0px; margin-right:0px; width:1200px;\"><div class=\"shortcode-single-image\"><div class=\"fancy-media-wrap  layzr-bg\" style=\"\"><img fetchpriority=\"high\" decoding=\"async\" class=\"preload-me lazy-load aspect\" src=\"data:image\/svg+xml,%3Csvg%20xmlns%3D&#39;http%3A%2F%2Fwww.w3.org%2F2000%2Fsvg&#39;%20viewBox%3D&#39;0%200%201200%20675&#39;%2F%3E\" data-src=\"https:\/\/zauggag.com\/cina_new\/wp-content\/uploads\/2017\/03\/paleten-1-1200x675.jpg\" data-srcset=\"https:\/\/zauggag.com\/cina_new\/wp-content\/uploads\/2017\/03\/paleten-1-1200x675.jpg 1200w, https:\/\/zauggag.com\/cina_new\/wp-content\/uploads\/2017\/03\/paleten-1.jpg 2000w\" loading=\"eager\" sizes=\"(max-width: 1200px) 100vw, 1200px\" width=\"1200\" height=\"675\"  data-dt-location=\"https:\/\/zauggag.com\/cina_new\/fr\/paleten-2\/\" style=\"--ratio: 1200 \/ 675;\" alt=\"\" \/><\/div><\/div><\/div>[\/vc_column][\/vc_row][vc_row][vc_column width=\u00a0\u00bb1\/2&Prime;][vc_column_text]<\/p>\n<h3>Palettes en dimensions standard et non standard<\/h3>\n<p>[\/vc_column_text]<div class=\"gap\" style=\"line-height: 40px; height: 40px;\"><\/div>[vc_column_text]Notre assortiment de palettes standard r\u00e9pond \u00e0 presque tous les besoins. Mais s\u2019il ne r\u00e9pond pas au v\u00f4tre, nous en fabriquerons sur mesure en fonction de vos besoins individuels. Peu importe que vous ayez besoin de palettes sp\u00e9ciales en grande quantit\u00e9 ou \u00e0 un seul exemplaire.<\/p>\n<p>Toutes nos palettes sont en bois plein et peuvent \u00eatre soulev\u00e9es des 4 c\u00f4t\u00e9s. Combin\u00e9es \u00e0 nos cadres pliables, elles constituent l\u2019emballage id\u00e9al \u00e0 usage unique ou multiple.[\/vc_column_text][\/vc_column][vc_column width=\u00a0\u00bb1\/2&Prime;][vc_column_text]<\/p>\n<h3>Aper\u00e7u de notre Full-Service:<\/h3>\n<p>[\/vc_column_text]<div class=\"gap\" style=\"line-height: 40px; height: 40px;\"><\/div><div class=\"standard-arrow list-divider bullet-top\"><h4>palettes lumi\u00e8re<\/h4>\n<ul>\n<li><i><\/i>120 x 80 cm, 80 x 60 cm<\/li>\n<\/ul>\n<h4>Palettes Euro-piscine<\/h4>\n<ul>\n<li><i><\/i>120 x 80 cm<\/li>\n<\/ul>\n<h4>Palettes de carton press\u00e9<\/h4>\n<ul>\n<li><i><\/i>120 x 80 cm, 80 x 60 cm<\/li>\n<\/ul>\n<h4>palettes sp\u00e9ciales<\/h4>\n<ul>\n<li><i><\/i>Masse und Ausf\u00fchrung nach Wunsch<\/li>\n<\/ul>\n<h4>sol de transport<\/h4>\n<ul>\n<li><i><\/i>2-seitig unterfahrbar, Masse und Ausf\u00fchrung nach Wunsch<\/li>\n<\/ul>\n<\/div><div class=\"gap\" style=\"line-height: 40px; height: 40px;\"><\/div>[\/vc_column][\/vc_row]<\/p>\n","protected":false},"excerpt":{"rendered":"<p>[vc_row margin_top=\u00a0\u00bb50&Prime; margin_bottom=\u00a0\u00bb100&Prime;][vc_column][\/vc_column][\/vc_row][vc_row][vc_column width=\u00a0\u00bb1\/2&Prime;][vc_column_text] Palettes en dimensions standard et non standard [\/vc_column_text][vc_column_text]Notre assortiment de palettes standard r\u00e9pond \u00e0 presque tous les besoins. Mais s\u2019il ne r\u00e9pond pas au v\u00f4tre, nous en fabriquerons sur mesure en fonction de vos besoins individuels. Peu importe que vous ayez besoin de palettes sp\u00e9ciales en grande quantit\u00e9 ou \u00e0 un&hellip;<\/p>\n","protected":false},"author":1,"featured_media":0,"parent":19627,"menu_order":0,"comment_status":"closed","ping_status":"open","template":"","meta":{"footnotes":""},"class_list":["post-19705","page","type-page","status-publish","hentry","description-off"],"_links":{"self":[{"href":"https:\/\/zauggag.com\/cina_new\/fr\/wp-json\/wp\/v2\/pages\/19705","targetHints":{"allow":["GET"]}}],"collection":[{"href":"https:\/\/zauggag.com\/cina_new\/fr\/wp-json\/wp\/v2\/pages"}],"about":[{"href":"https:\/\/zauggag.com\/cina_new\/fr\/wp-json\/wp\/v2\/types\/page"}],"author":[{"embeddable":true,"href":"https:\/\/zauggag.com\/cina_new\/fr\/wp-json\/wp\/v2\/users\/1"}],"replies":[{"embeddable":true,"href":"https:\/\/zauggag.com\/cina_new\/fr\/wp-json\/wp\/v2\/comments?post=19705"}],"version-history":[{"count":2,"href":"https:\/\/zauggag.com\/cina_new\/fr\/wp-json\/wp\/v2\/pages\/19705\/revisions"}],"predecessor-version":[{"id":19707,"href":"https:\/\/zauggag.com\/cina_new\/fr\/wp-json\/wp\/v2\/pages\/19705\/revisions\/19707"}],"up":[{"embeddable":true,"href":"https:\/\/zauggag.com\/cina_new\/fr\/wp-json\/wp\/v2\/pages\/19627"}],"wp:attachment":[{"href":"https:\/\/zauggag.com\/cina_new\/fr\/wp-json\/wp\/v2\/media?parent=19705"}],"curies":[{"name":"wp","href":"https:\/\/api.w.org\/{rel}","templated":true}]}}