{"id":19715,"date":"2014-01-12T14:52:43","date_gmt":"2014-01-12T12:52:43","guid":{"rendered":"http:\/\/zauggag.com\/cina_new\/verpackungsmaterial-3\/rahmen\/"},"modified":"2017-03-30T16:46:44","modified_gmt":"2017-03-30T16:46:44","slug":"rahmen","status":"publish","type":"page","link":"https:\/\/zauggag.com\/cina_new\/fr\/verpackungsmaterial-3\/rahmen\/","title":{"rendered":"Cadre enclipsable et pliable"},"content":{"rendered":"<p>[vc_row margin_top=\u00a0\u00bb50&Prime; margin_bottom=\u00a0\u00bb100&Prime;][vc_column]<style type=\"text\/css\" data-type=\"the7_shortcodes-inline-css\">.shortcode-single-image-wrap.shortcode-single-image-cf7ad7815a90602b59bb18aeff586627.enable-bg-rollover .rollover i,\n.shortcode-single-image-wrap.shortcode-single-image-cf7ad7815a90602b59bb18aeff586627.enable-bg-rollover .rollover-video i {\n  background: ;\n  background: -webkit-linear-gradient();\n  background: linear-gradient();\n}\n.shortcode-single-image-wrap.shortcode-single-image-cf7ad7815a90602b59bb18aeff586627 .rollover-icon {\n  font-size: 32px;\n  color: #ffffff;\n  min-width: 44px;\n  min-height: 44px;\n  line-height: 44px;\n  border-radius: 100px;\n  border-style: solid;\n  border-width: 0px;\n}\n.dt-icon-bg-on.shortcode-single-image-wrap.shortcode-single-image-cf7ad7815a90602b59bb18aeff586627 .rollover-icon {\n  background: rgba(255,255,255,0.3);\n  box-shadow: none;\n}<\/style><div class=\"shortcode-single-image-wrap shortcode-single-image-cf7ad7815a90602b59bb18aeff586627 alignnone  enable-bg-rollover dt-icon-bg-off\" style=\"margin-top:0px; margin-bottom:0px; margin-left:0px; margin-right:0px; width:1200px;\"><div class=\"shortcode-single-image\"><div class=\"fancy-media-wrap  layzr-bg\" style=\"\"><img fetchpriority=\"high\" decoding=\"async\" class=\"preload-me lazy-load aspect\" src=\"data:image\/svg+xml,%3Csvg%20xmlns%3D&#39;http%3A%2F%2Fwww.w3.org%2F2000%2Fsvg&#39;%20viewBox%3D&#39;0%200%20900%20900&#39;%2F%3E\" data-src=\"https:\/\/zauggag.com\/cina_new\/wp-content\/uploads\/2017\/03\/ramen.jpg\" data-srcset=\"https:\/\/zauggag.com\/cina_new\/wp-content\/uploads\/2017\/03\/ramen.jpg 900w\" loading=\"eager\" sizes=\"(max-width: 900px) 100vw, 900px\" width=\"900\" height=\"900\"  data-dt-location=\"https:\/\/zauggag.com\/cina_new\/fr\/ramen\/\" style=\"--ratio: 900 \/ 900;\" alt=\"\" \/><\/div><\/div><\/div>[\/vc_column][\/vc_row][vc_row][vc_column width=\u00a0\u00bb1\/2&Prime;][vc_column_text]<\/p>\n<h3>Cadre enclipsable et pliable \u00e0 r\u00e9utiliser<\/h3>\n<p>[\/vc_column_text][vc_empty_space height=\u00a0\u00bb40px\u00a0\u00bb][vc_column_text]Combin\u00e9s aux palettes et couvercles correspondants, nos cadres enclipsables forment un conteneur qui prot\u00e8ge parfaitement votre marchandise. Ils se plient en diagonal apr\u00e8s usage. Parfait pour un transport \u00e0 vide et un entreposage peu volumineux.<\/p>\n<p>&nbsp;<\/p>\n<p>Avec 21 mm d\u2019\u00e9paisseur, le bois pr\u00e9sente une longue dur\u00e9e de vie et peut \u00eatre r\u00e9utilis\u00e9 plusieurs fois. Cela pr\u00e9serve votre budget et notre environnement.<\/p>\n<p>Nos cadres aux dimensions standard sont trop petits pour votre marchandise? Alors nous en construirons un sur mesure. Nous conseillons toutefois cette solution pour les grandes quantit\u00e9s parce qu\u2019avant, nous avons d\u2019autres solutions qui conviennent mieux.[\/vc_column_text][\/vc_column][vc_column width=\u00a0\u00bb1\/2&Prime;][vc_empty_space height=\u00a0\u00bb100px\u00a0\u00bb]<div class=\"standard-arrow list-divider bullet-top\"><ul>\n<li><i><\/i>1&rsquo;200 x 1&rsquo;000 x 400 mm<\/li>\n<li><i><\/i>1&rsquo;200 x 1&rsquo;000 x 200 mm<\/li>\n<li><i><\/i>1&rsquo;200 x 800 x 400 mm<\/li>\n<li><i><\/i>1&rsquo;200 x 800 x 200 mm<\/li>\n<li><i><\/i>800 x 600 x 400 mm<\/li>\n<li><i><\/i>800 x 600 x 200 mm<\/li>\n<\/ul>\n<\/div><div class=\"gap\" style=\"line-height: 40px; height: 40px;\"><\/div>[\/vc_column][\/vc_row]<\/p>\n","protected":false},"excerpt":{"rendered":"<p>[vc_row margin_top=\u00a0\u00bb50&Prime; margin_bottom=\u00a0\u00bb100&Prime;][vc_column][\/vc_column][\/vc_row][vc_row][vc_column width=\u00a0\u00bb1\/2&Prime;][vc_column_text] Cadre enclipsable et pliable \u00e0 r\u00e9utiliser [\/vc_column_text][vc_empty_space height=\u00a0\u00bb40px\u00a0\u00bb][vc_column_text]Combin\u00e9s aux palettes et couvercles correspondants, nos cadres enclipsables forment un conteneur qui prot\u00e8ge parfaitement votre marchandise. Ils se plient en diagonal apr\u00e8s usage. Parfait pour un transport \u00e0 vide et un entreposage peu volumineux. &nbsp; Avec 21 mm d\u2019\u00e9paisseur, le bois pr\u00e9sente une&hellip;<\/p>\n","protected":false},"author":1,"featured_media":0,"parent":19627,"menu_order":0,"comment_status":"closed","ping_status":"closed","template":"","meta":{"footnotes":""},"class_list":["post-19715","page","type-page","status-publish","hentry","description-off"],"_links":{"self":[{"href":"https:\/\/zauggag.com\/cina_new\/fr\/wp-json\/wp\/v2\/pages\/19715","targetHints":{"allow":["GET"]}}],"collection":[{"href":"https:\/\/zauggag.com\/cina_new\/fr\/wp-json\/wp\/v2\/pages"}],"about":[{"href":"https:\/\/zauggag.com\/cina_new\/fr\/wp-json\/wp\/v2\/types\/page"}],"author":[{"embeddable":true,"href":"https:\/\/zauggag.com\/cina_new\/fr\/wp-json\/wp\/v2\/users\/1"}],"replies":[{"embeddable":true,"href":"https:\/\/zauggag.com\/cina_new\/fr\/wp-json\/wp\/v2\/comments?post=19715"}],"version-history":[{"count":1,"href":"https:\/\/zauggag.com\/cina_new\/fr\/wp-json\/wp\/v2\/pages\/19715\/revisions"}],"predecessor-version":[{"id":19716,"href":"https:\/\/zauggag.com\/cina_new\/fr\/wp-json\/wp\/v2\/pages\/19715\/revisions\/19716"}],"up":[{"embeddable":true,"href":"https:\/\/zauggag.com\/cina_new\/fr\/wp-json\/wp\/v2\/pages\/19627"}],"wp:attachment":[{"href":"https:\/\/zauggag.com\/cina_new\/fr\/wp-json\/wp\/v2\/media?parent=19715"}],"curies":[{"name":"wp","href":"https:\/\/api.w.org\/{rel}","templated":true}]}}