{"id":19723,"date":"2014-01-12T15:26:04","date_gmt":"2014-01-12T13:26:04","guid":{"rendered":"http:\/\/zauggag.com\/cina_new\/services-2\/lagerhaus-2\/"},"modified":"2017-03-31T07:49:05","modified_gmt":"2017-03-31T07:49:05","slug":"lagerhaus-2","status":"publish","type":"page","link":"https:\/\/zauggag.com\/cina_new\/fr\/services-2\/lagerhaus-2\/","title":{"rendered":"Entrep\u00f4t"},"content":{"rendered":"<p>[vc_row margin_top=\u00a0\u00bb50&Prime; margin_bottom=\u00a0\u00bb100&Prime;][vc_column]<style type=\"text\/css\" data-type=\"the7_shortcodes-inline-css\">.shortcode-single-image-wrap.shortcode-single-image-f6b7772d537c254913b86a1fd324be18.enable-bg-rollover .rollover i,\n.shortcode-single-image-wrap.shortcode-single-image-f6b7772d537c254913b86a1fd324be18.enable-bg-rollover .rollover-video i {\n  background: ;\n  background: -webkit-linear-gradient();\n  background: linear-gradient();\n}\n.shortcode-single-image-wrap.shortcode-single-image-f6b7772d537c254913b86a1fd324be18 .rollover-icon {\n  font-size: 32px;\n  color: #ffffff;\n  min-width: 44px;\n  min-height: 44px;\n  line-height: 44px;\n  border-radius: 100px;\n  border-style: solid;\n  border-width: 0px;\n}\n.dt-icon-bg-on.shortcode-single-image-wrap.shortcode-single-image-f6b7772d537c254913b86a1fd324be18 .rollover-icon {\n  background: rgba(255,255,255,0.3);\n  box-shadow: none;\n}<\/style><div class=\"shortcode-single-image-wrap shortcode-single-image-f6b7772d537c254913b86a1fd324be18 alignnone  enable-bg-rollover dt-icon-bg-off\" style=\"margin-top:0px; margin-bottom:0px; margin-left:0px; margin-right:0px; width:1200px;\"><div class=\"shortcode-single-image\"><div class=\"fancy-media-wrap  layzr-bg\" style=\"\"><img fetchpriority=\"high\" decoding=\"async\" class=\"preload-me lazy-load aspect\" src=\"data:image\/svg+xml,%3Csvg%20xmlns%3D&#39;http%3A%2F%2Fwww.w3.org%2F2000%2Fsvg&#39;%20viewBox%3D&#39;0%200%201200%20900&#39;%2F%3E\" data-src=\"https:\/\/zauggag.com\/cina_new\/wp-content\/uploads\/2017\/03\/Durchlauf-13-1-1200x900.jpg\" data-srcset=\"https:\/\/zauggag.com\/cina_new\/wp-content\/uploads\/2017\/03\/Durchlauf-13-1-1200x900.jpg 1200w, https:\/\/zauggag.com\/cina_new\/wp-content\/uploads\/2017\/03\/Durchlauf-13-1.jpg 1800w\" loading=\"eager\" sizes=\"(max-width: 1200px) 100vw, 1200px\" width=\"1200\" height=\"900\"  data-dt-location=\"https:\/\/zauggag.com\/cina_new\/fr\/durchlauf-13-2\/\" style=\"--ratio: 1200 \/ 900;\" alt=\"\" \/><\/div><\/div><\/div>[\/vc_column][\/vc_row][vc_row][vc_column width=\u00a0\u00bb1\/2&Prime;][vc_column_text]<\/p>\n<h3>Nous entreposons la machine et la pi\u00e8ce d\u00e9tach\u00e9e<\/h3>\n<p>[\/vc_column_text]<div class=\"gap\" style=\"line-height: 40px; height: 40px;\"><\/div>[vc_column_text]Nos entrep\u00f4ts sont grands. C\u2019est pourquoi nous ne sommes pas d\u00e9munis si vous souhaitez entreposer chez nous une installation m\u00e9canique compl\u00e8te. Nos entrep\u00f4ts sont vastes et \u00e9quip\u00e9s rationnellement. C\u2019est ainsi que nous pouvons g\u00e9rer et pr\u00e9parer pour vous toutes sortes de marchandises; de la pi\u00e8ce d\u00e9tach\u00e9e \u00e0 la marchandise en vrac.<\/p>\n<p>Tous nos emplacements de stockage sont prot\u00e9g\u00e9s des intemp\u00e9ries, bien a\u00e9r\u00e9s, \u00e0 l\u2019abri du vol et secs.\u00a0Vous \u00eates form\u00e9 au maniement des chariots de manutention et grues conform\u00e9ment aux prescriptions \u00e9tatiques et traitez vos marchandises avec comp\u00e9tence et soin.[\/vc_column_text]<div class=\"gap\" style=\"line-height: 40px; height: 40px;\"><\/div>[\/vc_column][vc_column width=\u00a0\u00bb1\/2&Prime;][\/vc_column][\/vc_row]<\/p>\n","protected":false},"excerpt":{"rendered":"<p>[vc_row margin_top=\u00a0\u00bb50&Prime; margin_bottom=\u00a0\u00bb100&Prime;][vc_column][\/vc_column][\/vc_row][vc_row][vc_column width=\u00a0\u00bb1\/2&Prime;][vc_column_text] Nous entreposons la machine et la pi\u00e8ce d\u00e9tach\u00e9e [\/vc_column_text][vc_column_text]Nos entrep\u00f4ts sont grands. C\u2019est pourquoi nous ne sommes pas d\u00e9munis si vous souhaitez entreposer chez nous une installation m\u00e9canique compl\u00e8te. Nos entrep\u00f4ts sont vastes et \u00e9quip\u00e9s rationnellement. C\u2019est ainsi que nous pouvons g\u00e9rer et pr\u00e9parer pour vous toutes sortes de marchandises; de&hellip;<\/p>\n","protected":false},"author":1,"featured_media":0,"parent":19655,"menu_order":0,"comment_status":"closed","ping_status":"open","template":"","meta":{"footnotes":""},"class_list":["post-19723","page","type-page","status-publish","hentry","description-off"],"_links":{"self":[{"href":"https:\/\/zauggag.com\/cina_new\/fr\/wp-json\/wp\/v2\/pages\/19723","targetHints":{"allow":["GET"]}}],"collection":[{"href":"https:\/\/zauggag.com\/cina_new\/fr\/wp-json\/wp\/v2\/pages"}],"about":[{"href":"https:\/\/zauggag.com\/cina_new\/fr\/wp-json\/wp\/v2\/types\/page"}],"author":[{"embeddable":true,"href":"https:\/\/zauggag.com\/cina_new\/fr\/wp-json\/wp\/v2\/users\/1"}],"replies":[{"embeddable":true,"href":"https:\/\/zauggag.com\/cina_new\/fr\/wp-json\/wp\/v2\/comments?post=19723"}],"version-history":[{"count":1,"href":"https:\/\/zauggag.com\/cina_new\/fr\/wp-json\/wp\/v2\/pages\/19723\/revisions"}],"predecessor-version":[{"id":19724,"href":"https:\/\/zauggag.com\/cina_new\/fr\/wp-json\/wp\/v2\/pages\/19723\/revisions\/19724"}],"up":[{"embeddable":true,"href":"https:\/\/zauggag.com\/cina_new\/fr\/wp-json\/wp\/v2\/pages\/19655"}],"wp:attachment":[{"href":"https:\/\/zauggag.com\/cina_new\/fr\/wp-json\/wp\/v2\/media?parent=19723"}],"curies":[{"name":"wp","href":"https:\/\/api.w.org\/{rel}","templated":true}]}}