{"id":19730,"date":"2014-01-12T14:18:05","date_gmt":"2014-01-12T12:18:05","guid":{"rendered":"http:\/\/zauggag.com\/cina_new\/logistik\/"},"modified":"2017-03-31T08:07:16","modified_gmt":"2017-03-31T08:07:16","slug":"logistik","status":"publish","type":"page","link":"https:\/\/zauggag.com\/cina_new\/fr\/logistik\/","title":{"rendered":"Logistique"},"content":{"rendered":"<p>[vc_row margin_top=\u00a0\u00bb50&Prime; margin_bottom=\u00a0\u00bb100&Prime;][vc_column]<style type=\"text\/css\" data-type=\"the7_shortcodes-inline-css\">.shortcode-single-image-wrap.shortcode-single-image-07bef45f31cf4682458d9158989decc9.enable-bg-rollover .rollover i,\n.shortcode-single-image-wrap.shortcode-single-image-07bef45f31cf4682458d9158989decc9.enable-bg-rollover .rollover-video i {\n  background: ;\n  background: -webkit-linear-gradient();\n  background: linear-gradient();\n}\n.shortcode-single-image-wrap.shortcode-single-image-07bef45f31cf4682458d9158989decc9 .rollover-icon {\n  font-size: 32px;\n  color: #ffffff;\n  min-width: 44px;\n  min-height: 44px;\n  line-height: 44px;\n  border-radius: 100px;\n  border-style: solid;\n  border-width: 0px;\n}\n.dt-icon-bg-on.shortcode-single-image-wrap.shortcode-single-image-07bef45f31cf4682458d9158989decc9 .rollover-icon {\n  background: rgba(255,255,255,0.3);\n  box-shadow: none;\n}<\/style><div class=\"shortcode-single-image-wrap shortcode-single-image-07bef45f31cf4682458d9158989decc9 alignnone  enable-bg-rollover dt-icon-bg-off\" style=\"margin-top:0px; margin-bottom:0px; margin-left:0px; margin-right:0px; width:1200px;\"><div class=\"shortcode-single-image\"><div class=\"fancy-media-wrap  layzr-bg\" style=\"\"><img fetchpriority=\"high\" decoding=\"async\" class=\"preload-me lazy-load aspect\" src=\"data:image\/svg+xml,%3Csvg%20xmlns%3D&#39;http%3A%2F%2Fwww.w3.org%2F2000%2Fsvg&#39;%20viewBox%3D&#39;0%200%201200%20675&#39;%2F%3E\" data-src=\"https:\/\/zauggag.com\/cina_new\/wp-content\/uploads\/2017\/03\/Logistik-1.jpg\" data-srcset=\"https:\/\/zauggag.com\/cina_new\/wp-content\/uploads\/2017\/03\/Logistik-1.jpg 1200w\" loading=\"eager\" sizes=\"(max-width: 1200px) 100vw, 1200px\" width=\"1200\" height=\"675\"  data-dt-location=\"https:\/\/zauggag.com\/cina_new\/fr\/logistik-6\/\" style=\"--ratio: 1200 \/ 675;\" alt=\"\" \/><\/div><\/div><\/div>[\/vc_column][\/vc_row][vc_row][vc_column width=\u00a0\u00bb1\/2&Prime;][vc_column_text]<\/p>\n<h3>Nous transportons dans le monde entier<\/h3>\n<p>[\/vc_column_text]<div class=\"gap\" style=\"line-height: 40px; height: 40px;\"><\/div>[vc_column_text]Chaque marchandise \u00e0 transporter pr\u00e9sente des exigences particuli\u00e8res qui conditionnent le choix du ou des moyens de transport. En tant que sp\u00e9cialistes de l\u2019emballage, nous connaissons ces exigences et utilisons notre savoir, afin de mettre en place la solution de transport optimale pour votre marchandise.<\/p>\n<p>Depuis le 1er janvier, il est obligatoire en Suisse d\u2019utiliser l\u2019informatique pour les proc\u00e9dures d\u2019exportation de marchandises. Prestataire en lien direct avec la direction g\u00e9n\u00e9rale des douanes, nous pouvons pr\u00e9parer \u00e0 votre place votre \u00abe-dec\u00bb.<\/p>\n<p>Gr\u00e2ce \u00e0 notre Shipping Information Tool , vous pouvez suivre votre marchandise \u00e0 la trace \u00e0 n\u2019importe quel moment et savez lorsqu\u2019elle arrive \u00e0 destination. Il vous suffit de demander vos identifiants de connexion.[\/vc_column_text]<div class=\"gap\" style=\"line-height: 50px; height: 50px;\"><\/div>[\/vc_column][vc_column width=\u00a0\u00bb1\/2&Prime;][\/vc_column][\/vc_row]<\/p>\n","protected":false},"excerpt":{"rendered":"<p>[vc_row margin_top=\u00a0\u00bb50&Prime; margin_bottom=\u00a0\u00bb100&Prime;][vc_column][\/vc_column][\/vc_row][vc_row][vc_column width=\u00a0\u00bb1\/2&Prime;][vc_column_text] Nous transportons dans le monde entier [\/vc_column_text][vc_column_text]Chaque marchandise \u00e0 transporter pr\u00e9sente des exigences particuli\u00e8res qui conditionnent le choix du ou des moyens de transport. En tant que sp\u00e9cialistes de l\u2019emballage, nous connaissons ces exigences et utilisons notre savoir, afin de mettre en place la solution de transport optimale pour votre marchandise.&hellip;<\/p>\n","protected":false},"author":1,"featured_media":0,"parent":0,"menu_order":0,"comment_status":"closed","ping_status":"closed","template":"","meta":{"footnotes":""},"class_list":["post-19730","page","type-page","status-publish","hentry","description-off"],"_links":{"self":[{"href":"https:\/\/zauggag.com\/cina_new\/fr\/wp-json\/wp\/v2\/pages\/19730","targetHints":{"allow":["GET"]}}],"collection":[{"href":"https:\/\/zauggag.com\/cina_new\/fr\/wp-json\/wp\/v2\/pages"}],"about":[{"href":"https:\/\/zauggag.com\/cina_new\/fr\/wp-json\/wp\/v2\/types\/page"}],"author":[{"embeddable":true,"href":"https:\/\/zauggag.com\/cina_new\/fr\/wp-json\/wp\/v2\/users\/1"}],"replies":[{"embeddable":true,"href":"https:\/\/zauggag.com\/cina_new\/fr\/wp-json\/wp\/v2\/comments?post=19730"}],"version-history":[{"count":1,"href":"https:\/\/zauggag.com\/cina_new\/fr\/wp-json\/wp\/v2\/pages\/19730\/revisions"}],"predecessor-version":[{"id":19731,"href":"https:\/\/zauggag.com\/cina_new\/fr\/wp-json\/wp\/v2\/pages\/19730\/revisions\/19731"}],"wp:attachment":[{"href":"https:\/\/zauggag.com\/cina_new\/fr\/wp-json\/wp\/v2\/media?parent=19730"}],"curies":[{"name":"wp","href":"https:\/\/api.w.org\/{rel}","templated":true}]}}