{"id":12996,"date":"2014-01-11T20:11:11","date_gmt":"2014-01-11T18:11:11","guid":{"rendered":"http:\/\/dbein.ch\/perfect-solution\/zaugg2\/?page_id=12996"},"modified":"2017-03-29T21:03:54","modified_gmt":"2017-03-29T21:03:54","slug":"unternehmen-2","status":"publish","type":"page","link":"https:\/\/zauggag.com\/cina_new\/unternehmen-2\/","title":{"rendered":"Unternehmen"},"content":{"rendered":"<p>[vc_row][vc_column][vc_column_text]<\/p>\n<div class=\"hr-thin\"><\/div>\n<div class=\"gap\" style=\"line-height: 25px; height: 25px;\"><\/div><style type=\"text\/css\" data-type=\"the7_shortcodes-inline-css\">.shortcode-single-image-wrap.shortcode-single-image-ad68a96bf4dd0ea40a7138a22e50cb52.enable-bg-rollover .rollover i,\n.shortcode-single-image-wrap.shortcode-single-image-ad68a96bf4dd0ea40a7138a22e50cb52.enable-bg-rollover .rollover-video i {\n  background: ;\n  background: -webkit-linear-gradient();\n  background: linear-gradient();\n}\n.shortcode-single-image-wrap.shortcode-single-image-ad68a96bf4dd0ea40a7138a22e50cb52 .rollover-icon {\n  font-size: 32px;\n  color: #ffffff;\n  min-width: 44px;\n  min-height: 44px;\n  line-height: 44px;\n  border-radius: 100px;\n  border-style: solid;\n  border-width: 0px;\n}\n.dt-icon-bg-on.shortcode-single-image-wrap.shortcode-single-image-ad68a96bf4dd0ea40a7138a22e50cb52 .rollover-icon {\n  background: rgba(255,255,255,0.3);\n  box-shadow: none;\n}<\/style><div class=\"shortcode-single-image-wrap shortcode-single-image-ad68a96bf4dd0ea40a7138a22e50cb52 alignnone  enable-bg-rollover dt-icon-bg-off\" style=\"margin-top:0px; margin-bottom:0px; margin-left:0px; margin-right:0px; width:1200px;\"><div class=\"shortcode-single-image\"><div class=\"fancy-media-wrap  layzr-bg\" style=\"\"><img decoding=\"async\" class=\"lazy-load\" src=\"data:image\/svg+xml;charset=utf-8,%3Csvg xmlns%3D&#039;http%3A%2F%2Fwww.w3.org%2F2000%2Fsvg&#039; viewBox%3D&#039;0 0 1200 0&#039;%2F%3E\" width=\"1200\" dt-data-location=\"http:\/\/zauggag.com\/cina_new\/wp-content\/uploads\/2017\/03\/Personalfoto-20140517.jpg\" data-srcset=\"http:\/\/zauggag.com\/cina_new\/wp-content\/uploads\/2017\/03\/Personalfoto-20140517.jpg 1200w\" data-src=\"http:\/\/zauggag.com\/cina_new\/wp-content\/uploads\/2017\/03\/Personalfoto-20140517.jpg\" \/><\/div><\/div><\/div><div class=\"gap\" style=\"line-height: 50px; height: 50px;\"><\/div>\n<div class=\"hr-thin\"><\/div>\n<div class=\"gap\" style=\"line-height: 50px; height: 50px;\"><\/div>[\/vc_column_text][\/vc_column][\/vc_row][vc_row margin_bottom=&#8220;20&#8243;][vc_column width=&#8220;2\/3&#8243;]<div class=\"gap\" style=\"line-height: 30px; height: 30px;\"><\/div>[vc_column_text]<\/p>\n<h2>Ein Familienunternehmen<br \/>\nschreibt Geschichte<\/h2>\n<p>&nbsp;<\/p>\n<p>Die Zaugg Emballeur AG wurde am 1. Januar 1977 durch Werner Zaugg gegr\u00fcndet. Das Areal des kurz zuvor stillgelegten Gaswerks in Schlieren erwies sich als idealer Standort f\u00fcr das Lagern und Verpacken von grossen, sperrigen G\u00fctern.<\/p>\n<p>Im Jahre 1985 vergr\u00f6sserte sich die Zaugg Emballeur AG. Sie kaufte der Stadt Z\u00fcrich die selber genutzten sowie weitere Liegenschaften im Baurecht ab. Die grossz\u00fcgigen Platzverh\u00e4ltnisse erlaubten es der Gesch\u00e4ftsleitung nun, das Lagerangebot f\u00fcr G\u00fcter auszubauen sowie die Abteilung \u00abFacility Management\u00bb zu gr\u00fcnden.<\/p>\n<p>Einen weiteren Meilenstein erreichte die Zaugg Emballeur AG im Jahre 1991. Am 1. Juli gr\u00fcndete sie die Filiale Biel mit Sitz in Br\u00fcgg. 1996 zog der Betrieb nach Biel um und wechselte im 2011 innerhalb von Biel noch einmal den Standort. Gleichzeitig erhielt die Filiale Biel den neuen Namen Werk Biel.<\/p>\n<p>1998 wurde die \u00dcbernahme des Familienunternehmens durch die zweite Generation eingeleitet. Sohn Michael Zaugg hat die Gesch\u00e4ftsf\u00fchrung \u00fcbernommen, w\u00e4hrend Werner Zaugg nach wie vor das Amt des Verwaltungsratspr\u00e4sidenten bekleidet.<\/p>\n<p>Der bestm\u00f6gliche Kundenservice ist ein zentrales Anliegen f\u00fcr die Zaugg\u00a0Emballeur AG. Daher gr\u00fcndete sie im 2007 die Abteilung Logistik. Mit Anbietern von Land-, Luft- und Seetransporten hat sie Vereinbarungen getroffen, die ihr erlauben, einen vollst\u00e4ndigen Service von der Abholung eines Gutes bis zur seiner Auslieferung am Zielort anzubieten. Dies in bester Qualit\u00e4t und zu marktgerechten Preisen.<\/p>\n<p>Als erster professioneller Schweizer Transportverpacker und Kistenfabrikant expandierte die Zaugg Emballeur AG im September 2011 nach China. Nach genauer Evaluation des Standortes hat sich die Gesch\u00e4ftsleitung f\u00fcr den Ort Changzhou, 150 km von Schanghai entfernt, entschieden. Zurzeit bedient die Zaugg (Changzhou) Packaging Co. Ltd. in China vorwiegend westliche Kunden, die einen professionellen Service und \u201eSwiss Quality produced in China\u201c suchen.<\/p>\n<p>In seiner Gesamtheit gilt das Unternehmen heute als ausgewiesener Spezialist f\u00fcr das Verpacken und weltweite Exportieren von G\u00fctern aller Art. Mit dem Ziel, in Bezug auf Sorgfalt, Qualit\u00e4t und Service h\u00f6chsten Anspr\u00fcchen gerecht zu werden.[\/vc_column_text][\/vc_column][vc_column width=&#8220;1\/3&#8243;]<div class=\"gap\" style=\"line-height: 30px; height: 30px;\"><\/div>[vc_column_text]<\/p>\n<h2>Zaugg Schweiz<\/h2>\n<p>[\/vc_column_text]<div class=\"gap\" style=\"line-height: 80px; height: 80px;\"><\/div>[vc_video link=&#8220;https:\/\/youtu.be\/3w2ZdcDwxCw&#8220;]<div class=\"gap\" style=\"line-height: 50px; height: 50px;\"><\/div><div class=\"standard-arrow list-divider bullet-top\"><ul>\n<li>\n<h4><a href=\"http:\/\/zauggag.com\/cina_new\/wp-content\/uploads\/2017\/03\/Organigram_China.pdf\" target=\"_blank\"><span style=\"font-size: 1em;\">Organigram<\/span>m<\/a><\/h4>\n<\/li>\n<li>\n<h4><a style=\"font-size: 1em;\" href=\"http:\/\/zauggag.com\/chang_zhou\/unternehmen-2\/team\/\">Team<\/a><\/h4>\n<\/li>\n<\/ul>\n<\/div>[\/vc_column][\/vc_row][vc_row margin_top=&#8220;50&#8243; margin_bottom=&#8220;30&#8243;][vc_column]<div class=\"hr-thin style-line\" style=\"width: 100%;border-top-width: 1px;\"><\/div>[vc_empty_space][vc_column_text]<\/p>\n<h2 style=\"text-align: center;\"><span style=\"color: #262626;\">Alles, was wir tun, unterstellen wir unserem Qualit\u00e4tslabel<\/span><br \/>\n<span style=\"color: #262626;\"> \u00abZaugg Swiss Quality\u00bb.<\/span><\/h2>\n<p style=\"text-align: center;\"><span style=\"color: #262626;\"><div class=\"gap\" style=\"line-height: 5px; height: 5px;\"><\/div><\/span><\/p>\n<h3 style=\"text-align: center;\"><span style=\"color: #262626;\">Als Resultat erreichen wir eine Leistung, die h\u00f6chste Anspr\u00fcche zufriedenstellt.<\/span><br \/>\n<span style=\"color: #262626;\"> Zu jeder Zeit und an jedem Ort.<\/span><\/h3>\n<p>[\/vc_column_text][vc_empty_space]<div class=\"hr-thin style-line\" style=\"width: 100%;border-top-width: 1px;\"><\/div>[\/vc_column][\/vc_row]<\/p>\n","protected":false},"excerpt":{"rendered":"<p>[vc_row][vc_column][vc_column_text][\/vc_column_text][\/vc_column][\/vc_row][vc_row margin_bottom=&#8220;20&#8243;][vc_column width=&#8220;2\/3&#8243;][vc_column_text] Ein Familienunternehmen schreibt Geschichte &nbsp; Die Zaugg Emballeur AG wurde am 1. Januar 1977 durch Werner Zaugg gegr\u00fcndet. Das Areal des kurz zuvor stillgelegten Gaswerks in Schlieren erwies sich als idealer Standort f\u00fcr das Lagern und Verpacken von grossen, sperrigen G\u00fctern. Im Jahre 1985 vergr\u00f6sserte sich die Zaugg Emballeur AG. Sie kaufte&hellip;<\/p>\n","protected":false},"author":1,"featured_media":0,"parent":0,"menu_order":0,"comment_status":"closed","ping_status":"open","template":"","meta":{"footnotes":""},"class_list":["post-12996","page","type-page","status-publish","hentry","description-off"],"_links":{"self":[{"href":"https:\/\/zauggag.com\/cina_new\/wp-json\/wp\/v2\/pages\/12996","targetHints":{"allow":["GET"]}}],"collection":[{"href":"https:\/\/zauggag.com\/cina_new\/wp-json\/wp\/v2\/pages"}],"about":[{"href":"https:\/\/zauggag.com\/cina_new\/wp-json\/wp\/v2\/types\/page"}],"author":[{"embeddable":true,"href":"https:\/\/zauggag.com\/cina_new\/wp-json\/wp\/v2\/users\/1"}],"replies":[{"embeddable":true,"href":"https:\/\/zauggag.com\/cina_new\/wp-json\/wp\/v2\/comments?post=12996"}],"version-history":[{"count":3,"href":"https:\/\/zauggag.com\/cina_new\/wp-json\/wp\/v2\/pages\/12996\/revisions"}],"predecessor-version":[{"id":19580,"href":"https:\/\/zauggag.com\/cina_new\/wp-json\/wp\/v2\/pages\/12996\/revisions\/19580"}],"wp:attachment":[{"href":"https:\/\/zauggag.com\/cina_new\/wp-json\/wp\/v2\/media?parent=12996"}],"curies":[{"name":"wp","href":"https:\/\/api.w.org\/{rel}","templated":true}]}}