{"id":13136,"date":"2014-01-12T12:57:31","date_gmt":"2014-01-12T10:57:31","guid":{"rendered":"http:\/\/dbein.ch\/perfect-solution\/zaugg2\/?page_id=13136"},"modified":"2017-03-30T15:58:18","modified_gmt":"2017-03-30T15:58:18","slug":"land-luft-und-see","status":"publish","type":"page","link":"https:\/\/zauggag.com\/cina_new\/land-luft-und-see\/","title":{"rendered":"Land-, Luft- und Seefrachtverpackungen"},"content":{"rendered":"<p>[vc_row margin_top=&#8220;50&#8243; margin_bottom=&#8220;100&#8243;][vc_column]<style type=\"text\/css\" data-type=\"the7_shortcodes-inline-css\">.shortcode-single-image-wrap.shortcode-single-image-3098e6f16ab3045d0906521b816c88fe.enable-bg-rollover .rollover i,\n.shortcode-single-image-wrap.shortcode-single-image-3098e6f16ab3045d0906521b816c88fe.enable-bg-rollover .rollover-video i {\n  background: ;\n  background: -webkit-linear-gradient();\n  background: linear-gradient();\n}\n.shortcode-single-image-wrap.shortcode-single-image-3098e6f16ab3045d0906521b816c88fe .rollover-icon {\n  font-size: 32px;\n  color: #ffffff;\n  min-width: 44px;\n  min-height: 44px;\n  line-height: 44px;\n  border-radius: 100px;\n  border-style: solid;\n  border-width: 0px;\n}\n.dt-icon-bg-on.shortcode-single-image-wrap.shortcode-single-image-3098e6f16ab3045d0906521b816c88fe .rollover-icon {\n  background: rgba(255,255,255,0.3);\n  box-shadow: none;\n}<\/style><div class=\"shortcode-single-image-wrap shortcode-single-image-3098e6f16ab3045d0906521b816c88fe alignnone  enable-bg-rollover dt-icon-bg-off\" style=\"margin-top:0px; margin-bottom:0px; margin-left:0px; margin-right:0px; width:1200px;\"><div class=\"shortcode-single-image\"><div class=\"fancy-media-wrap  layzr-bg\" style=\"\"><img fetchpriority=\"high\" decoding=\"async\" class=\"preload-me lazy-load aspect\" src=\"data:image\/svg+xml,%3Csvg%20xmlns%3D&#39;http%3A%2F%2Fwww.w3.org%2F2000%2Fsvg&#39;%20viewBox%3D&#39;0%200%201200%20676&#39;%2F%3E\" data-src=\"https:\/\/zauggag.com\/cina_new\/wp-content\/uploads\/2017\/03\/Meyer-Burger-China-1200x676.jpg\" data-srcset=\"https:\/\/zauggag.com\/cina_new\/wp-content\/uploads\/2017\/03\/Meyer-Burger-China-1200x676.jpg 1200w, https:\/\/zauggag.com\/cina_new\/wp-content\/uploads\/2017\/03\/Meyer-Burger-China.jpg 1800w\" loading=\"eager\" sizes=\"(max-width: 1200px) 100vw, 1200px\" width=\"1200\" height=\"676\"  data-dt-location=\"https:\/\/zauggag.com\/cina_new\/meyer-burger-china\/\" style=\"--ratio: 1200 \/ 676;\" alt=\"\" \/><\/div><\/div><\/div>[\/vc_column][\/vc_row][vc_row][vc_column width=&#8220;1\/2&#8243;][vc_column_text]<\/p>\n<h3>Wir verpacken auf Mass<\/h3>\n<p>[\/vc_column_text]<div class=\"gap\" style=\"line-height: 40px; height: 40px;\"><\/div>[vc_column_text]Wir verpacken grosse und sperrige G\u00fcter bis 15 m L\u00e4nge pro St\u00fcck fachkundig und mit Fingerspitzengef\u00fchl. Dazu konstruieren wir passgenaue Einweg- sowie Mehrwegtransportkisten aus Schweizer Holz. Oder wir kreieren alternative Verpackungen, die perfekt zu Ihrem Versandgut passen.<\/p>\n<p>Schwerwiegendes wiegt f\u00fcr uns nicht schwer. Im Werk Z\u00fcrich k\u00f6nnen wir mit unserem Deckenkran bis zu 36 t, im Werk Biel mit Kran und Stapler bis zu 22 t anheben. Wenn das nicht reicht, haben wir Zugriff auf mobile Pneukr\u00e4ne, die bis zu 300 t bew\u00e4ltigen.<\/p>\n<p>Ihr Gut ist bei uns zu jeder Zeit vor Witterung, Vandalismus oder Diebstahl gesch\u00fctzt. Lager- wie Packplatz befinden sich in einer entsprechend grossen Halle, die nach Betriebsschluss abgeschlossen wird. Kann Ihr Gut nicht zu uns kommen, kommen wir zu Ihrem Gut und verpacken es da, wo Sie es reisefertig machen wollen.[\/vc_column_text]<div class=\"gap\" style=\"line-height: 40px; height: 40px;\"><\/div>[\/vc_column][vc_column width=&#8220;1\/2&#8243;][vc_column_text]<\/p>\n<h3>Unser Full-Service auf einen Blick<\/h3>\n<p>[\/vc_column_text]<div class=\"gap\" style=\"line-height: 40px; height: 40px;\"><\/div><div class=\"standard-arrow list-divider bullet-top\"><ul>\n<li>Beratung zu Versand und Konstruktion der Verpackung<\/li>\n<li><i><\/i>Hauseigene Fabrikation von Transportkisten, Transportverschl\u00e4gen, Transportb\u00f6den in Einweg- oder Mehrwegqualit\u00e4t<\/li>\n<li><i><\/i>Hauseigene Fabrikation von Messeverpackungen<\/li>\n<li><i><\/i>Kreieren von alternativen Verpackungen<\/li>\n<\/ul>\n<\/div><div class=\"gap\" style=\"line-height: 40px; height: 40px;\"><\/div>[\/vc_column][\/vc_row]<\/p>\n","protected":false},"excerpt":{"rendered":"<p>[vc_row margin_top=&#8220;50&#8243; margin_bottom=&#8220;100&#8243;][vc_column][\/vc_column][\/vc_row][vc_row][vc_column width=&#8220;1\/2&#8243;][vc_column_text] Wir verpacken auf Mass [\/vc_column_text][vc_column_text]Wir verpacken grosse und sperrige G\u00fcter bis 15 m L\u00e4nge pro St\u00fcck fachkundig und mit Fingerspitzengef\u00fchl. Dazu konstruieren wir passgenaue Einweg- sowie Mehrwegtransportkisten aus Schweizer Holz. Oder wir kreieren alternative Verpackungen, die perfekt zu Ihrem Versandgut passen. Schwerwiegendes wiegt f\u00fcr uns nicht schwer. Im Werk Z\u00fcrich k\u00f6nnen&hellip;<\/p>\n","protected":false},"author":1,"featured_media":0,"parent":0,"menu_order":0,"comment_status":"closed","ping_status":"closed","template":"","meta":{"footnotes":""},"class_list":["post-13136","page","type-page","status-publish","hentry","description-off"],"_links":{"self":[{"href":"https:\/\/zauggag.com\/cina_new\/wp-json\/wp\/v2\/pages\/13136","targetHints":{"allow":["GET"]}}],"collection":[{"href":"https:\/\/zauggag.com\/cina_new\/wp-json\/wp\/v2\/pages"}],"about":[{"href":"https:\/\/zauggag.com\/cina_new\/wp-json\/wp\/v2\/types\/page"}],"author":[{"embeddable":true,"href":"https:\/\/zauggag.com\/cina_new\/wp-json\/wp\/v2\/users\/1"}],"replies":[{"embeddable":true,"href":"https:\/\/zauggag.com\/cina_new\/wp-json\/wp\/v2\/comments?post=13136"}],"version-history":[{"count":1,"href":"https:\/\/zauggag.com\/cina_new\/wp-json\/wp\/v2\/pages\/13136\/revisions"}],"predecessor-version":[{"id":19673,"href":"https:\/\/zauggag.com\/cina_new\/wp-json\/wp\/v2\/pages\/13136\/revisions\/19673"}],"wp:attachment":[{"href":"https:\/\/zauggag.com\/cina_new\/wp-json\/wp\/v2\/media?parent=13136"}],"curies":[{"name":"wp","href":"https:\/\/api.w.org\/{rel}","templated":true}]}}