{"id":13170,"date":"2014-01-12T13:45:18","date_gmt":"2014-01-12T11:45:18","guid":{"rendered":"http:\/\/dbein.ch\/perfect-solution\/zaugg2\/?page_id=13170"},"modified":"2017-03-30T16:18:41","modified_gmt":"2017-03-30T16:18:41","slug":"korrosionsschutz","status":"publish","type":"page","link":"https:\/\/zauggag.com\/cina_new\/korrosionsschutz\/","title":{"rendered":"Korrosionsschutz"},"content":{"rendered":"<p>[vc_row margin_top=&#8220;50&#8243; margin_bottom=&#8220;100&#8243;][vc_column]<style type=\"text\/css\" data-type=\"the7_shortcodes-inline-css\">.shortcode-single-image-wrap.shortcode-single-image-c0ad78e99d548fd5c57adaf198bd08bd.enable-bg-rollover .rollover i,\n.shortcode-single-image-wrap.shortcode-single-image-c0ad78e99d548fd5c57adaf198bd08bd.enable-bg-rollover .rollover-video i {\n  background: ;\n  background: -webkit-linear-gradient();\n  background: linear-gradient();\n}\n.shortcode-single-image-wrap.shortcode-single-image-c0ad78e99d548fd5c57adaf198bd08bd .rollover-icon {\n  font-size: 32px;\n  color: #ffffff;\n  min-width: 44px;\n  min-height: 44px;\n  line-height: 44px;\n  border-radius: 100px;\n  border-style: solid;\n  border-width: 0px;\n}\n.dt-icon-bg-on.shortcode-single-image-wrap.shortcode-single-image-c0ad78e99d548fd5c57adaf198bd08bd .rollover-icon {\n  background: rgba(255,255,255,0.3);\n  box-shadow: none;\n}<\/style><div class=\"shortcode-single-image-wrap shortcode-single-image-c0ad78e99d548fd5c57adaf198bd08bd alignnone  enable-bg-rollover dt-icon-bg-off\" style=\"margin-top:0px; margin-bottom:0px; margin-left:0px; margin-right:0px; width:1200px;\"><div class=\"shortcode-single-image\"><div class=\"fancy-media-wrap  layzr-bg\" style=\"\"><img fetchpriority=\"high\" decoding=\"async\" class=\"preload-me lazy-load aspect\" src=\"data:image\/svg+xml,%3Csvg%20xmlns%3D&#39;http%3A%2F%2Fwww.w3.org%2F2000%2Fsvg&#39;%20viewBox%3D&#39;0%200%201200%20675&#39;%2F%3E\" data-src=\"https:\/\/zauggag.com\/cina_new\/wp-content\/uploads\/2017\/03\/Emag-01-1200x675.jpg\" data-srcset=\"https:\/\/zauggag.com\/cina_new\/wp-content\/uploads\/2017\/03\/Emag-01-1200x675.jpg 1200w, https:\/\/zauggag.com\/cina_new\/wp-content\/uploads\/2017\/03\/Emag-01.jpg 1500w\" loading=\"eager\" sizes=\"(max-width: 1200px) 100vw, 1200px\" width=\"1200\" height=\"675\"  data-dt-location=\"https:\/\/zauggag.com\/cina_new\/emag-01\/\" style=\"--ratio: 1200 \/ 675;\" alt=\"\" \/><\/div><\/div><\/div>[\/vc_column][\/vc_row][vc_row][vc_column width=&#8220;1\/2&#8243;][vc_column_text]<\/p>\n<h3>Wir verpacken sorgf\u00e4ltig<\/h3>\n<p>[\/vc_column_text]<div class=\"gap\" style=\"line-height: 40px; height: 40px;\"><\/div>[vc_column_text]Korrosionsschutz nehmen wir ernst. Je nach Versandgut w\u00e4hlen wir die geeignete Verpackungsmethode aus. Dadurch stellen wir sicher, dass Ihr Versandgut unter normalen Transportbedingungen so ankommt, wie es Ihr Werk verlassen hat.<\/p>\n<p>All unsere Folien, H\u00fcllen, Hauben oder S\u00e4cke bestehen aus hochwertigen Materialien und werden von unseren Mitarbeitenden in jeder Dimension und Losgr\u00f6sse passgenau hergestellt. So garantieren wir bei sachgem\u00e4ssem Transport und korrekter Lagerung einen Korrosionsschutz von bis zu 12 Monaten. Wir verstehen uns auch auf die Trockenmittelmethode mit Feuchtigkeitsindikatoren nach DIN 55474, welche sich f\u00fcr die Langzeitlagerung von zwei bis f\u00fcnf Jahren eignet.[\/vc_column_text]<div class=\"gap\" style=\"line-height: 40px; height: 40px;\"><\/div>[\/vc_column][vc_column width=&#8220;1\/2&#8243;][vc_column_text]<\/p>\n<h3>Unser Full-Service auf einen Blick<\/h3>\n<p>[\/vc_column_text]<div class=\"gap\" style=\"line-height: 40px; height: 40px;\"><\/div><div class=\"standard-arrow list-divider bullet-top\"><ul>\n<li>Polyethylenfolien f\u00fcr den einfachen Staubschutz, als Folie, komplette H\u00fcllen, Hauben oder als S\u00e4cke in verschiedenen Dimensionen<\/li>\n<li><i><\/i>Polyethylenfolien f\u00fcr den einfachen Staubschutz, als Folie, komplette H\u00fcllen, Hauben oder als S\u00e4cke in verschiedenen Dimensionen<i><\/i><\/li>\n<li>Polyethylenfolien f\u00fcr den einfachen Staubschutz, als Folie, komplette H\u00fcllen, Hauben oder als S\u00e4cke in verschiedenen Dimensionen<\/li>\n<\/ul>\n<\/div><div class=\"gap\" style=\"line-height: 40px; height: 40px;\"><\/div>[\/vc_column][\/vc_row]<\/p>\n","protected":false},"excerpt":{"rendered":"<p>[vc_row margin_top=&#8220;50&#8243; margin_bottom=&#8220;100&#8243;][vc_column][\/vc_column][\/vc_row][vc_row][vc_column width=&#8220;1\/2&#8243;][vc_column_text] Wir verpacken sorgf\u00e4ltig [\/vc_column_text][vc_column_text]Korrosionsschutz nehmen wir ernst. Je nach Versandgut w\u00e4hlen wir die geeignete Verpackungsmethode aus. Dadurch stellen wir sicher, dass Ihr Versandgut unter normalen Transportbedingungen so ankommt, wie es Ihr Werk verlassen hat. All unsere Folien, H\u00fcllen, Hauben oder S\u00e4cke bestehen aus hochwertigen Materialien und werden von unseren Mitarbeitenden in&hellip;<\/p>\n","protected":false},"author":1,"featured_media":0,"parent":0,"menu_order":0,"comment_status":"closed","ping_status":"closed","template":"","meta":{"footnotes":""},"class_list":["post-13170","page","type-page","status-publish","hentry","description-off"],"_links":{"self":[{"href":"https:\/\/zauggag.com\/cina_new\/wp-json\/wp\/v2\/pages\/13170","targetHints":{"allow":["GET"]}}],"collection":[{"href":"https:\/\/zauggag.com\/cina_new\/wp-json\/wp\/v2\/pages"}],"about":[{"href":"https:\/\/zauggag.com\/cina_new\/wp-json\/wp\/v2\/types\/page"}],"author":[{"embeddable":true,"href":"https:\/\/zauggag.com\/cina_new\/wp-json\/wp\/v2\/users\/1"}],"replies":[{"embeddable":true,"href":"https:\/\/zauggag.com\/cina_new\/wp-json\/wp\/v2\/comments?post=13170"}],"version-history":[{"count":2,"href":"https:\/\/zauggag.com\/cina_new\/wp-json\/wp\/v2\/pages\/13170\/revisions"}],"predecessor-version":[{"id":19690,"href":"https:\/\/zauggag.com\/cina_new\/wp-json\/wp\/v2\/pages\/13170\/revisions\/19690"}],"wp:attachment":[{"href":"https:\/\/zauggag.com\/cina_new\/wp-json\/wp\/v2\/media?parent=13170"}],"curies":[{"name":"wp","href":"https:\/\/api.w.org\/{rel}","templated":true}]}}