{"id":13196,"date":"2014-01-12T14:25:48","date_gmt":"2014-01-12T12:25:48","guid":{"rendered":"http:\/\/dbein.ch\/perfect-solution\/zaugg2\/?page_id=13196"},"modified":"2017-03-30T16:21:19","modified_gmt":"2017-03-30T16:21:19","slug":"kartonagen","status":"publish","type":"page","link":"https:\/\/zauggag.com\/cina_new\/verpackungsmaterial-3\/kartonagen\/","title":{"rendered":"Kartonagen"},"content":{"rendered":"<p>[vc_row margin_top=&#8220;50&#8243; margin_bottom=&#8220;100&#8243;][vc_column]<style type=\"text\/css\" data-type=\"the7_shortcodes-inline-css\">.shortcode-single-image-wrap.shortcode-single-image-233c65dadc6b5ea9286d5cd906d2ccde.enable-bg-rollover .rollover i,\n.shortcode-single-image-wrap.shortcode-single-image-233c65dadc6b5ea9286d5cd906d2ccde.enable-bg-rollover .rollover-video i {\n  background: ;\n  background: -webkit-linear-gradient();\n  background: linear-gradient();\n}\n.shortcode-single-image-wrap.shortcode-single-image-233c65dadc6b5ea9286d5cd906d2ccde .rollover-icon {\n  font-size: 32px;\n  color: #ffffff;\n  min-width: 44px;\n  min-height: 44px;\n  line-height: 44px;\n  border-radius: 100px;\n  border-style: solid;\n  border-width: 0px;\n}\n.dt-icon-bg-on.shortcode-single-image-wrap.shortcode-single-image-233c65dadc6b5ea9286d5cd906d2ccde .rollover-icon {\n  background: rgba(255,255,255,0.3);\n  box-shadow: none;\n}<\/style><div class=\"shortcode-single-image-wrap shortcode-single-image-233c65dadc6b5ea9286d5cd906d2ccde alignnone  enable-bg-rollover dt-icon-bg-off\" style=\"margin-top:0px; margin-bottom:0px; margin-left:0px; margin-right:0px; width:1200px;\"><div class=\"shortcode-single-image\"><div class=\"fancy-media-wrap  layzr-bg\" style=\"\"><img fetchpriority=\"high\" decoding=\"async\" class=\"preload-me lazy-load aspect\" src=\"data:image\/svg+xml,%3Csvg%20xmlns%3D&#39;http%3A%2F%2Fwww.w3.org%2F2000%2Fsvg&#39;%20viewBox%3D&#39;0%200%201000%201000&#39;%2F%3E\" data-src=\"https:\/\/zauggag.com\/cina_new\/wp-content\/uploads\/2017\/03\/karton.jpg\" data-srcset=\"https:\/\/zauggag.com\/cina_new\/wp-content\/uploads\/2017\/03\/karton.jpg 1000w\" loading=\"eager\" sizes=\"(max-width: 1000px) 100vw, 1000px\" width=\"1000\" height=\"1000\"  data-dt-location=\"https:\/\/zauggag.com\/cina_new\/karton\/\" style=\"--ratio: 1000 \/ 1000;\" alt=\"\" \/><\/div><\/div><\/div>[\/vc_column][\/vc_row][vc_row][vc_column width=&#8220;1\/2&#8243;][vc_column_text]<\/p>\n<h3>Karton ist nicht gleich Karton<\/h3>\n<p>[\/vc_column_text]<div class=\"gap\" style=\"line-height: 40px; height: 40px;\"><\/div>[vc_column_text]Unsere Mitarbeiter kennen sich mit den verschiedenen Kartonqualit\u00e4ten aus. Daher k\u00f6nnen sie Ihnen genau sagen, ob Ihr Transportgut besser in einem ein-, zwei- oder dreiwelligen Karton verpackt wird. Ebenso wissen sie, ob die Verpackung ein Innenleben haben sollte oder nicht.<\/p>\n<p>Wenn Sie m\u00f6gen, kaufen Sie gleich einen Jahresbedarf und lagern die Verpackungen bei uns ein. Wir verwalten Ihr Verpackungsmaterial und schicken Ihnen kommissionierte Mengen gem\u00e4ss Ihrem Bedarf zu. Weiter erstellen wir die f\u00fcr Sie geeigneten Losgr\u00f6ssen (Menge pro Palette) oder eine bestimmte Form der Abstapelung.<\/p>\n<p>Bei gr\u00f6sseren Mengen oder schwereren Materialien empfehlen wir Aussenverpackungen aus Holzrahmen oder anderen Materialien. Gerne erarbeiten wir f\u00fcr Sie auch eine Gesamtl\u00f6sung, die all Ihre Bed\u00fcrfnisse zufriedenstellt.[\/vc_column_text]<div class=\"gap\" style=\"line-height: 40px; height: 40px;\"><\/div>[\/vc_column][vc_column width=&#8220;1\/2&#8243;][\/vc_column][\/vc_row]<\/p>\n","protected":false},"excerpt":{"rendered":"<p>[vc_row margin_top=&#8220;50&#8243; margin_bottom=&#8220;100&#8243;][vc_column][\/vc_column][\/vc_row][vc_row][vc_column width=&#8220;1\/2&#8243;][vc_column_text] Karton ist nicht gleich Karton [\/vc_column_text][vc_column_text]Unsere Mitarbeiter kennen sich mit den verschiedenen Kartonqualit\u00e4ten aus. Daher k\u00f6nnen sie Ihnen genau sagen, ob Ihr Transportgut besser in einem ein-, zwei- oder dreiwelligen Karton verpackt wird. Ebenso wissen sie, ob die Verpackung ein Innenleben haben sollte oder nicht. Wenn Sie m\u00f6gen, kaufen Sie gleich&hellip;<\/p>\n","protected":false},"author":1,"featured_media":0,"parent":13095,"menu_order":0,"comment_status":"closed","ping_status":"open","template":"","meta":{"footnotes":""},"class_list":["post-13196","page","type-page","status-publish","hentry","description-off"],"_links":{"self":[{"href":"https:\/\/zauggag.com\/cina_new\/wp-json\/wp\/v2\/pages\/13196","targetHints":{"allow":["GET"]}}],"collection":[{"href":"https:\/\/zauggag.com\/cina_new\/wp-json\/wp\/v2\/pages"}],"about":[{"href":"https:\/\/zauggag.com\/cina_new\/wp-json\/wp\/v2\/types\/page"}],"author":[{"embeddable":true,"href":"https:\/\/zauggag.com\/cina_new\/wp-json\/wp\/v2\/users\/1"}],"replies":[{"embeddable":true,"href":"https:\/\/zauggag.com\/cina_new\/wp-json\/wp\/v2\/comments?post=13196"}],"version-history":[{"count":1,"href":"https:\/\/zauggag.com\/cina_new\/wp-json\/wp\/v2\/pages\/13196\/revisions"}],"predecessor-version":[{"id":19694,"href":"https:\/\/zauggag.com\/cina_new\/wp-json\/wp\/v2\/pages\/13196\/revisions\/19694"}],"up":[{"embeddable":true,"href":"https:\/\/zauggag.com\/cina_new\/wp-json\/wp\/v2\/pages\/13095"}],"wp:attachment":[{"href":"https:\/\/zauggag.com\/cina_new\/wp-json\/wp\/v2\/media?parent=13196"}],"curies":[{"name":"wp","href":"https:\/\/api.w.org\/{rel}","templated":true}]}}