{"id":13206,"date":"2014-01-12T14:52:43","date_gmt":"2014-01-12T12:52:43","guid":{"rendered":"http:\/\/dbein.ch\/perfect-solution\/zaugg2\/?page_id=13206"},"modified":"2017-03-30T16:44:51","modified_gmt":"2017-03-30T16:44:51","slug":"rahmen","status":"publish","type":"page","link":"https:\/\/zauggag.com\/cina_new\/verpackungsmaterial-3\/rahmen\/","title":{"rendered":"Rahmen"},"content":{"rendered":"<p>[vc_row margin_top=&#8220;50&#8243; margin_bottom=&#8220;100&#8243;][vc_column]<style type=\"text\/css\" data-type=\"the7_shortcodes-inline-css\">.shortcode-single-image-wrap.shortcode-single-image-cf7ad7815a90602b59bb18aeff586627.enable-bg-rollover .rollover i,\n.shortcode-single-image-wrap.shortcode-single-image-cf7ad7815a90602b59bb18aeff586627.enable-bg-rollover .rollover-video i {\n  background: ;\n  background: -webkit-linear-gradient();\n  background: linear-gradient();\n}\n.shortcode-single-image-wrap.shortcode-single-image-cf7ad7815a90602b59bb18aeff586627 .rollover-icon {\n  font-size: 32px;\n  color: #ffffff;\n  min-width: 44px;\n  min-height: 44px;\n  line-height: 44px;\n  border-radius: 100px;\n  border-style: solid;\n  border-width: 0px;\n}\n.dt-icon-bg-on.shortcode-single-image-wrap.shortcode-single-image-cf7ad7815a90602b59bb18aeff586627 .rollover-icon {\n  background: rgba(255,255,255,0.3);\n  box-shadow: none;\n}<\/style><div class=\"shortcode-single-image-wrap shortcode-single-image-cf7ad7815a90602b59bb18aeff586627 alignnone  enable-bg-rollover dt-icon-bg-off\" style=\"margin-top:0px; margin-bottom:0px; margin-left:0px; margin-right:0px; width:1200px;\"><div class=\"shortcode-single-image\"><div class=\"fancy-media-wrap  layzr-bg\" style=\"\"><img fetchpriority=\"high\" decoding=\"async\" class=\"preload-me lazy-load aspect\" src=\"data:image\/svg+xml,%3Csvg%20xmlns%3D&#39;http%3A%2F%2Fwww.w3.org%2F2000%2Fsvg&#39;%20viewBox%3D&#39;0%200%20900%20900&#39;%2F%3E\" data-src=\"https:\/\/zauggag.com\/cina_new\/wp-content\/uploads\/2017\/03\/ramen.jpg\" data-srcset=\"https:\/\/zauggag.com\/cina_new\/wp-content\/uploads\/2017\/03\/ramen.jpg 900w\" loading=\"eager\" sizes=\"(max-width: 900px) 100vw, 900px\" width=\"900\" height=\"900\"  data-dt-location=\"https:\/\/zauggag.com\/cina_new\/ramen\/\" style=\"--ratio: 900 \/ 900;\" alt=\"\" \/><\/div><\/div><\/div>[\/vc_column][\/vc_row][vc_row][vc_column width=&#8220;1\/2&#8243;][vc_column_text]<\/p>\n<h3>Faltbare Aufsteckrahmen zum Wiederverwenden<\/h3>\n<p>[\/vc_column_text][vc_empty_space height=&#8220;40px&#8220;][vc_column_text]Kombiniert mit passenden Paletten und Deckel ergeben unsere Aufsteckrahmen einen Container, der das Transportgut optimal sch\u00fctzt. Nach Gebrauch lassen sich die Aufsteckrahmen diagonal falten. Perfekt f\u00fcr einen problemlosen Leertransport und eine platzsparende Lagerung.<\/p>\n<p>Das 21 mm dicke Holz sorgt f\u00fcr eine lange Lebensdauer und sichert so einen mehrmaligen Gebrauch. Das schont Ihr Budget wie auch die Umwelt.<\/p>\n<p>Ihre Versandg\u00fcter haben in den standardm\u00e4ssigen Aufsteckrahmen keinen Platz? Dann konstruieren wir f\u00fcr Sie ein Sondermass. Jedoch empfehlen wir dies erst ab einer gr\u00f6sseren Menge, weil sich vorher andere L\u00f6sungen besser rechnen.[\/vc_column_text][\/vc_column][vc_column width=&#8220;1\/2&#8243;][vc_empty_space height=&#8220;100px&#8220;]<div class=\"standard-arrow list-divider bullet-top\"><ul>\n<li><i><\/i>1&#8217;200 x 1&#8217;000 x 400 mm<\/li>\n<li><i><\/i>1&#8217;200 x 1&#8217;000 x 200 mm<\/li>\n<li><i><\/i>1&#8217;200 x 800 x 400 mm<\/li>\n<li><i><\/i>1&#8217;200 x 800 x 200 mm<\/li>\n<li><i><\/i>800 x 600 x 400 mm<\/li>\n<li><i><\/i>800 x 600 x 200 mm<\/li>\n<\/ul>\n<\/div><div class=\"gap\" style=\"line-height: 40px; height: 40px;\"><\/div>[\/vc_column][\/vc_row]<\/p>\n","protected":false},"excerpt":{"rendered":"<p>[vc_row margin_top=&#8220;50&#8243; margin_bottom=&#8220;100&#8243;][vc_column][\/vc_column][\/vc_row][vc_row][vc_column width=&#8220;1\/2&#8243;][vc_column_text] Faltbare Aufsteckrahmen zum Wiederverwenden [\/vc_column_text][vc_empty_space height=&#8220;40px&#8220;][vc_column_text]Kombiniert mit passenden Paletten und Deckel ergeben unsere Aufsteckrahmen einen Container, der das Transportgut optimal sch\u00fctzt. Nach Gebrauch lassen sich die Aufsteckrahmen diagonal falten. Perfekt f\u00fcr einen problemlosen Leertransport und eine platzsparende Lagerung. Das 21 mm dicke Holz sorgt f\u00fcr eine lange Lebensdauer und sichert so&hellip;<\/p>\n","protected":false},"author":1,"featured_media":0,"parent":13095,"menu_order":0,"comment_status":"closed","ping_status":"closed","template":"","meta":{"footnotes":""},"class_list":["post-13206","page","type-page","status-publish","hentry","description-off"],"_links":{"self":[{"href":"https:\/\/zauggag.com\/cina_new\/wp-json\/wp\/v2\/pages\/13206","targetHints":{"allow":["GET"]}}],"collection":[{"href":"https:\/\/zauggag.com\/cina_new\/wp-json\/wp\/v2\/pages"}],"about":[{"href":"https:\/\/zauggag.com\/cina_new\/wp-json\/wp\/v2\/types\/page"}],"author":[{"embeddable":true,"href":"https:\/\/zauggag.com\/cina_new\/wp-json\/wp\/v2\/users\/1"}],"replies":[{"embeddable":true,"href":"https:\/\/zauggag.com\/cina_new\/wp-json\/wp\/v2\/comments?post=13206"}],"version-history":[{"count":1,"href":"https:\/\/zauggag.com\/cina_new\/wp-json\/wp\/v2\/pages\/13206\/revisions"}],"predecessor-version":[{"id":19712,"href":"https:\/\/zauggag.com\/cina_new\/wp-json\/wp\/v2\/pages\/13206\/revisions\/19712"}],"up":[{"embeddable":true,"href":"https:\/\/zauggag.com\/cina_new\/wp-json\/wp\/v2\/pages\/13095"}],"wp:attachment":[{"href":"https:\/\/zauggag.com\/cina_new\/wp-json\/wp\/v2\/media?parent=13206"}],"curies":[{"name":"wp","href":"https:\/\/api.w.org\/{rel}","templated":true}]}}