{"id":13210,"date":"2014-01-12T14:59:16","date_gmt":"2014-01-12T12:59:16","guid":{"rendered":"http:\/\/dbein.ch\/perfect-solution\/zaugg2\/?page_id=13210"},"modified":"2017-03-30T16:29:53","modified_gmt":"2017-03-30T16:29:53","slug":"paletten","status":"publish","type":"page","link":"https:\/\/zauggag.com\/cina_new\/verpackungsmaterial-3\/paletten\/","title":{"rendered":"Paletten"},"content":{"rendered":"<p>[vc_row margin_top=&#8220;50&#8243; margin_bottom=&#8220;100&#8243;][vc_column]<style type=\"text\/css\" data-type=\"the7_shortcodes-inline-css\">.shortcode-single-image-wrap.shortcode-single-image-a04a271f731f012437f874b645de6c46.enable-bg-rollover .rollover i,\n.shortcode-single-image-wrap.shortcode-single-image-a04a271f731f012437f874b645de6c46.enable-bg-rollover .rollover-video i {\n  background: ;\n  background: -webkit-linear-gradient();\n  background: linear-gradient();\n}\n.shortcode-single-image-wrap.shortcode-single-image-a04a271f731f012437f874b645de6c46 .rollover-icon {\n  font-size: 32px;\n  color: #ffffff;\n  min-width: 44px;\n  min-height: 44px;\n  line-height: 44px;\n  border-radius: 100px;\n  border-style: solid;\n  border-width: 0px;\n}\n.dt-icon-bg-on.shortcode-single-image-wrap.shortcode-single-image-a04a271f731f012437f874b645de6c46 .rollover-icon {\n  background: rgba(255,255,255,0.3);\n  box-shadow: none;\n}<\/style><div class=\"shortcode-single-image-wrap shortcode-single-image-a04a271f731f012437f874b645de6c46 alignnone  enable-bg-rollover dt-icon-bg-off\" style=\"margin-top:0px; margin-bottom:0px; margin-left:0px; margin-right:0px; width:1200px;\"><div class=\"shortcode-single-image\"><div class=\"fancy-media-wrap  layzr-bg\" style=\"\"><img fetchpriority=\"high\" decoding=\"async\" class=\"preload-me lazy-load aspect\" src=\"data:image\/svg+xml,%3Csvg%20xmlns%3D&#39;http%3A%2F%2Fwww.w3.org%2F2000%2Fsvg&#39;%20viewBox%3D&#39;0%200%201200%20675&#39;%2F%3E\" data-src=\"https:\/\/zauggag.com\/cina_new\/wp-content\/uploads\/2017\/03\/paleten-1-1200x675.jpg\" data-srcset=\"https:\/\/zauggag.com\/cina_new\/wp-content\/uploads\/2017\/03\/paleten-1-1200x675.jpg 1200w, https:\/\/zauggag.com\/cina_new\/wp-content\/uploads\/2017\/03\/paleten-1.jpg 2000w\" loading=\"eager\" sizes=\"(max-width: 1200px) 100vw, 1200px\" width=\"1200\" height=\"675\"  data-dt-location=\"https:\/\/zauggag.com\/cina_new\/paleten-2\/\" style=\"--ratio: 1200 \/ 675;\" alt=\"\" \/><\/div><\/div><\/div>[\/vc_column][\/vc_row][vc_row][vc_column width=&#8220;1\/2&#8243;][vc_column_text]<\/p>\n<h3>Paletten in Standard und Sondermass<\/h3>\n<p>[\/vc_column_text]<div class=\"gap\" style=\"line-height: 40px; height: 40px;\"><\/div>[vc_column_text]Unsere Standardauswahl an Paletten l\u00e4sst fast keine W\u00fcnsche offen. Falls doch, fertigen wir f\u00fcr Sie Sondermasse an, die individuell auf Ihre Bed\u00fcrfnisse zugeschnitten sind. Dabei spielt es keine Rolle, ob Sie die Sondermass-Paletten in grossen Mengen oder als Einzelanfertigung ben\u00f6tigen.<\/p>\n<p>All unsere Paletten bestehen aus Vollholz und sind 4-seitig unterfahrbar. Kombiniert mit unseren <a href=\"\/~zauggagc\/?page_id=13206\">\u00a0faltbaren Aufsteckrahmen<\/a>\u00a0ergeben sich ideale Einweg- oder Mehrwegverpackungen.[\/vc_column_text][\/vc_column][vc_column width=&#8220;1\/2&#8243;][vc_column_text]<\/p>\n<h3>Unser Full-Service auf einen Blick<\/h3>\n<p>[\/vc_column_text]<div class=\"gap\" style=\"line-height: 40px; height: 40px;\"><\/div><div class=\"standard-arrow list-divider bullet-top\"><h4>Leichtpaletten<\/h4>\n<ul>\n<li><i><\/i>120 x 80 cm, 80 x 60 cm<\/li>\n<\/ul>\n<h4>\u00a0Euro-Poolpaletten<\/h4>\n<ul>\n<li><i><\/i>120 x 80 cm<\/li>\n<\/ul>\n<h4>Pressspan-Paletten<\/h4>\n<ul>\n<li><i><\/i>120 x 80 cm, 80 x 60 cm<\/li>\n<\/ul>\n<h4>Spezialpaletten<\/h4>\n<ul>\n<li><i><\/i>Masse und Ausf\u00fchrung nach Wunsch<\/li>\n<\/ul>\n<h4>Transportboden<\/h4>\n<ul>\n<li><i><\/i>2-seitig unterfahrbar, Masse und Ausf\u00fchrung nach Wunsch<\/li>\n<\/ul>\n<\/div><div class=\"gap\" style=\"line-height: 40px; height: 40px;\"><\/div>[\/vc_column][\/vc_row]<\/p>\n","protected":false},"excerpt":{"rendered":"<p>[vc_row margin_top=&#8220;50&#8243; margin_bottom=&#8220;100&#8243;][vc_column][\/vc_column][\/vc_row][vc_row][vc_column width=&#8220;1\/2&#8243;][vc_column_text] Paletten in Standard und Sondermass [\/vc_column_text][vc_column_text]Unsere Standardauswahl an Paletten l\u00e4sst fast keine W\u00fcnsche offen. Falls doch, fertigen wir f\u00fcr Sie Sondermasse an, die individuell auf Ihre Bed\u00fcrfnisse zugeschnitten sind. Dabei spielt es keine Rolle, ob Sie die Sondermass-Paletten in grossen Mengen oder als Einzelanfertigung ben\u00f6tigen. All unsere Paletten bestehen aus Vollholz&hellip;<\/p>\n","protected":false},"author":1,"featured_media":0,"parent":13095,"menu_order":0,"comment_status":"closed","ping_status":"open","template":"","meta":{"footnotes":""},"class_list":["post-13210","page","type-page","status-publish","hentry","description-off"],"_links":{"self":[{"href":"https:\/\/zauggag.com\/cina_new\/wp-json\/wp\/v2\/pages\/13210","targetHints":{"allow":["GET"]}}],"collection":[{"href":"https:\/\/zauggag.com\/cina_new\/wp-json\/wp\/v2\/pages"}],"about":[{"href":"https:\/\/zauggag.com\/cina_new\/wp-json\/wp\/v2\/types\/page"}],"author":[{"embeddable":true,"href":"https:\/\/zauggag.com\/cina_new\/wp-json\/wp\/v2\/users\/1"}],"replies":[{"embeddable":true,"href":"https:\/\/zauggag.com\/cina_new\/wp-json\/wp\/v2\/comments?post=13210"}],"version-history":[{"count":1,"href":"https:\/\/zauggag.com\/cina_new\/wp-json\/wp\/v2\/pages\/13210\/revisions"}],"predecessor-version":[{"id":19702,"href":"https:\/\/zauggag.com\/cina_new\/wp-json\/wp\/v2\/pages\/13210\/revisions\/19702"}],"up":[{"embeddable":true,"href":"https:\/\/zauggag.com\/cina_new\/wp-json\/wp\/v2\/pages\/13095"}],"wp:attachment":[{"href":"https:\/\/zauggag.com\/cina_new\/wp-json\/wp\/v2\/media?parent=13210"}],"curies":[{"name":"wp","href":"https:\/\/api.w.org\/{rel}","templated":true}]}}