{"id":13227,"date":"2014-01-12T15:26:04","date_gmt":"2014-01-12T13:26:04","guid":{"rendered":"http:\/\/dbein.ch\/perfect-solution\/zaugg2\/?page_id=13227"},"modified":"2017-03-31T07:47:50","modified_gmt":"2017-03-31T07:47:50","slug":"lagerhaus-2","status":"publish","type":"page","link":"https:\/\/zauggag.com\/cina_new\/services-2\/lagerhaus-2\/","title":{"rendered":"Lagerhaus"},"content":{"rendered":"<p>[vc_row margin_top=&#8220;50&#8243; margin_bottom=&#8220;100&#8243;][vc_column]<style type=\"text\/css\" data-type=\"the7_shortcodes-inline-css\">.shortcode-single-image-wrap.shortcode-single-image-f6b7772d537c254913b86a1fd324be18.enable-bg-rollover .rollover i,\n.shortcode-single-image-wrap.shortcode-single-image-f6b7772d537c254913b86a1fd324be18.enable-bg-rollover .rollover-video i {\n  background: ;\n  background: -webkit-linear-gradient();\n  background: linear-gradient();\n}\n.shortcode-single-image-wrap.shortcode-single-image-f6b7772d537c254913b86a1fd324be18 .rollover-icon {\n  font-size: 32px;\n  color: #ffffff;\n  min-width: 44px;\n  min-height: 44px;\n  line-height: 44px;\n  border-radius: 100px;\n  border-style: solid;\n  border-width: 0px;\n}\n.dt-icon-bg-on.shortcode-single-image-wrap.shortcode-single-image-f6b7772d537c254913b86a1fd324be18 .rollover-icon {\n  background: rgba(255,255,255,0.3);\n  box-shadow: none;\n}<\/style><div class=\"shortcode-single-image-wrap shortcode-single-image-f6b7772d537c254913b86a1fd324be18 alignnone  enable-bg-rollover dt-icon-bg-off\" style=\"margin-top:0px; margin-bottom:0px; margin-left:0px; margin-right:0px; width:1200px;\"><div class=\"shortcode-single-image\"><div class=\"fancy-media-wrap  layzr-bg\" style=\"\"><img fetchpriority=\"high\" decoding=\"async\" class=\"preload-me lazy-load aspect\" src=\"data:image\/svg+xml,%3Csvg%20xmlns%3D&#39;http%3A%2F%2Fwww.w3.org%2F2000%2Fsvg&#39;%20viewBox%3D&#39;0%200%201200%20900&#39;%2F%3E\" data-src=\"https:\/\/zauggag.com\/cina_new\/wp-content\/uploads\/2017\/03\/Durchlauf-13-1-1200x900.jpg\" data-srcset=\"https:\/\/zauggag.com\/cina_new\/wp-content\/uploads\/2017\/03\/Durchlauf-13-1-1200x900.jpg 1200w, https:\/\/zauggag.com\/cina_new\/wp-content\/uploads\/2017\/03\/Durchlauf-13-1.jpg 1800w\" loading=\"eager\" sizes=\"(max-width: 1200px) 100vw, 1200px\" width=\"1200\" height=\"900\"  data-dt-location=\"https:\/\/zauggag.com\/cina_new\/durchlauf-13-2\/\" style=\"--ratio: 1200 \/ 900;\" alt=\"\" \/><\/div><\/div><\/div>[\/vc_column][\/vc_row][vc_row][vc_column width=&#8220;1\/2&#8243;][vc_column_text]<\/p>\n<h3>Wir lagern die Maschine und das Ersatzteil<\/h3>\n<p>[\/vc_column_text]<div class=\"gap\" style=\"line-height: 40px; height: 40px;\"><\/div>[vc_column_text]Unsere Lagerhallen sind gross. Darum kommen wir nicht in Verlegenheit, wenn Sie eine ganze Maschinenanlage bei uns einlagern wollen. Unsere Lagerhallen haben Platz und sind \u00fcbersichtlich eingerichtet. Darum kommissionieren und konfektionieren wir f\u00fcr Sie alle G\u00fcter; vom Ersatzteil bis zur Massenware.<\/p>\n<p>All unsere Lagerpl\u00e4tze sind witterungsfest, gut durchl\u00fcftet, diebstahlsicher und trocken. Unsere Mitarbeitenden betreuen Ihre G\u00fcter wie ihre eigenen. Sie sind gem\u00e4ss den SUVA-Vorschriften auf Flurf\u00f6rderfahrzeugen und Kr\u00e4nen geschult und behandeln Ihre Waren mit Sachverstand und Sorgfalt.<\/p>\n<p>Unser Werk am Stadtrand von Z\u00fcrich ist dank der nahegelegenen Autobahnanschl\u00fcsse sowie der N\u00e4he zum Flughafen Z\u00fcrich ideal erschlossen. So steht einer effizienten Verteilung Ihrer Waren in die ganze Schweiz oder in die ganze Welt nichts im Wege. Das Gleiche gilt f\u00fcr unser Werk in Biel. Es bildet einen zentralen Lagerort f\u00fcr Unternehmen aus dem Industriestandort Bern\/Biel.[\/vc_column_text]<div class=\"gap\" style=\"line-height: 40px; height: 40px;\"><\/div>[\/vc_column][vc_column width=&#8220;1\/2&#8243;][\/vc_column][\/vc_row]<\/p>\n","protected":false},"excerpt":{"rendered":"<p>[vc_row margin_top=&#8220;50&#8243; margin_bottom=&#8220;100&#8243;][vc_column][\/vc_column][\/vc_row][vc_row][vc_column width=&#8220;1\/2&#8243;][vc_column_text] Wir lagern die Maschine und das Ersatzteil [\/vc_column_text][vc_column_text]Unsere Lagerhallen sind gross. Darum kommen wir nicht in Verlegenheit, wenn Sie eine ganze Maschinenanlage bei uns einlagern wollen. Unsere Lagerhallen haben Platz und sind \u00fcbersichtlich eingerichtet. Darum kommissionieren und konfektionieren wir f\u00fcr Sie alle G\u00fcter; vom Ersatzteil bis zur Massenware. All unsere Lagerpl\u00e4tze&hellip;<\/p>\n","protected":false},"author":1,"featured_media":0,"parent":13106,"menu_order":0,"comment_status":"closed","ping_status":"open","template":"","meta":{"footnotes":""},"class_list":["post-13227","page","type-page","status-publish","hentry","description-off"],"_links":{"self":[{"href":"https:\/\/zauggag.com\/cina_new\/wp-json\/wp\/v2\/pages\/13227","targetHints":{"allow":["GET"]}}],"collection":[{"href":"https:\/\/zauggag.com\/cina_new\/wp-json\/wp\/v2\/pages"}],"about":[{"href":"https:\/\/zauggag.com\/cina_new\/wp-json\/wp\/v2\/types\/page"}],"author":[{"embeddable":true,"href":"https:\/\/zauggag.com\/cina_new\/wp-json\/wp\/v2\/users\/1"}],"replies":[{"embeddable":true,"href":"https:\/\/zauggag.com\/cina_new\/wp-json\/wp\/v2\/comments?post=13227"}],"version-history":[{"count":1,"href":"https:\/\/zauggag.com\/cina_new\/wp-json\/wp\/v2\/pages\/13227\/revisions"}],"predecessor-version":[{"id":19720,"href":"https:\/\/zauggag.com\/cina_new\/wp-json\/wp\/v2\/pages\/13227\/revisions\/19720"}],"up":[{"embeddable":true,"href":"https:\/\/zauggag.com\/cina_new\/wp-json\/wp\/v2\/pages\/13106"}],"wp:attachment":[{"href":"https:\/\/zauggag.com\/cina_new\/wp-json\/wp\/v2\/media?parent=13227"}],"curies":[{"name":"wp","href":"https:\/\/api.w.org\/{rel}","templated":true}]}}