{"id":19699,"date":"2014-01-12T00:19:25","date_gmt":"2014-01-11T22:19:25","guid":{"rendered":"https:\/\/zauggag.com\/transportverpackungen\/"},"modified":"2017-04-14T22:46:06","modified_gmt":"2017-04-14T22:46:06","slug":"transportverpackungen","status":"publish","type":"page","link":"https:\/\/zauggag.com\/en\/transportverpackungen\/","title":{"rendered":"Transport Packaging"},"content":{"rendered":"<div class=\"wpb-content-wrapper\"><p>[vc_row margin_bottom=&#8221;70&#8243; css=&#8221;.vc_custom_1491255791295{margin-bottom: 50px !important;}&#8221;][vc_column]<section id=\"benefits-grid-1\" class=\"benefits-grid wf-container benefits-style-two light-bg light-hover-bg light-icon-color light-icon-hover-color\" data-width=\"180px\" data-columns=\"2\"><style type=\"text\/css\">#benefits-grid-1 .benefits-grid-ico > i { font-size: 36px; line-height: 36px; }<\/style><div class=\"wf-cell\"><div><div class=\"text-normal\"><div class=\"wf-table\"><div class=\"wf-td\"><a href=\"https:\/\/zauggag.com\/en\/transportverpackungen\/ispm-no-15-norm\/\" class=\"benefits-grid-ico\"><i class=\"fa fa-plane\"><\/i><\/a><\/div><div class=\"wf-td benefits-inner\"><h1 class=\"benefit-title\"><a href=\"https:\/\/zauggag.com\/en\/transportverpackungen\/ispm-no-15-norm\/\">Land, air and sea freight containers<\/a><\/h1><p>We pack large and bulky items up to 15 metres in length professionally and with an expert touch. We also construct tailor-made disposable and reusable transport boxes out of Swiss wood. Or we create alternative packaging that perfectly fits your goods.<\/p>\n<p>&nbsp;<\/p>\n<a href=\"https:\/\/zauggag.com\/en\/transportverpackungen\/ispm-no-15-norm\/\" class=\"btn-shortcode dt-btn-m dt-btn default-btn-color default-btn-hover-color default-btn-bg-color default-btn-bg-hover-color fadeIn animate-element animation-builder\" id=\"dt-btn-1\"><i class=\"fa fa-chevron-circle-right\"><\/i><span>READ MORE<\/span><\/a>\n<\/div><\/div><\/div><\/div><\/div><div class=\"wf-cell\"><div><div class=\"text-normal\"><div class=\"wf-table\"><div class=\"wf-td\"><a href=\"https:\/\/zauggag.com\/en\/transportverpackungen\/gefahrgutverpackungen\/\" class=\"benefits-grid-ico\"><i class=\"fa fa-fire\"><\/i><\/a><\/div><div class=\"wf-td benefits-inner\"><h1 class=\"benefit-title\"><a href=\"https:\/\/zauggag.com\/en\/transportverpackungen\/gefahrgutverpackungen\/\">Packaging for dangerous goods<\/a><\/h1><p>When it comes to dangerous goods packaging we think and act in an environmentally-sensitive manner. This is because dangerous goods don\u2019t allow any leeway. We know what packaging is right for dangerous goods. Similarly, we\u2019re familiar with the regulations concerning the transport of dangerous goods by water\u2026.<\/p>\n<p>&nbsp;<\/p>\n<a href=\"https:\/\/zauggag.com\/en\/transportverpackungen\/gefahrgutverpackungen\/\" class=\"btn-shortcode dt-btn-m dt-btn default-btn-color default-btn-hover-color default-btn-bg-color default-btn-bg-hover-color fadeIn animate-element animation-builder\" id=\"dt-btn-2\"><i class=\"fa fa-chevron-circle-right\"><\/i><span>READ MORE<\/span><\/a>\n<\/div><\/div><\/div><\/div><\/div><div class=\"wf-cell\"><div><div class=\"text-normal\"><div class=\"wf-table\"><div class=\"wf-td\"><a href=\"https:\/\/zauggag.com\/en\/transportverpackungen\/korrosionsschutz\/\" class=\"benefits-grid-ico\"><i class=\"fa fa-exclamation-triangle\"><\/i><\/a><\/div><div class=\"wf-td benefits-inner\"><h1 class=\"benefit-title\"><a href=\"https:\/\/zauggag.com\/en\/transportverpackungen\/korrosionsschutz\/\">Corrosion protection<\/a><\/h1><p>We take corrosion protection seriously, and select the appropriate packing method according to the type of good. In this way we ensure that your goods arrive in the exact same condition as when they left your plant under normal transport conditions.<\/p>\n<p>&nbsp;<\/p>\n<a href=\"https:\/\/zauggag.com\/en\/transportverpackungen\/korrosionsschutz\/\" class=\"btn-shortcode dt-btn-m dt-btn default-btn-color default-btn-hover-color default-btn-bg-color default-btn-bg-hover-color fadeIn animate-element animation-builder\" id=\"dt-btn-3\"><i class=\"fa fa-chevron-circle-right\"><\/i><span>READ MORE<\/span><\/a>\n<\/div><\/div><\/div><\/div><\/div><div class=\"wf-cell\"><div><div class=\"text-normal\"><div class=\"wf-table\"><div class=\"wf-td\"><a href=\"https:\/\/zauggag.com\/en\/transportverpackungen\/ispm-no-15-norm\/\" class=\"benefits-grid-ico\"><i class=\"fa fa-files-o\"><\/i><\/a><\/div><div class=\"wf-td benefits-inner\"><h1 class=\"benefit-title\"><a href=\"https:\/\/zauggag.com\/en\/transportverpackungen\/ispm-no-15-norm\/\">ISPM NO. 15-NORM<\/a><\/h1><p>Die ISPM No. 15-Norm zur Verhinderung der Einfuhr von Holzsch\u00e4dlingen ist durch fast jedes Land der Welt ratifiziert worden. Normstandard hin oder her, jedes Land hat daf\u00fcr eine eigene Auslegung. Die chinesischen Zollbeh\u00f6rden verlangen zum Beispiel \u00f6fters noch eine \u00abPacking Declaration\u00bb, obwohl dies gem\u00e4ss Norm nicht mehr n\u00f6tig ist.<\/p>\n<p>&nbsp;<\/p>\n<a href=\"https:\/\/zauggag.com\/en\/transportverpackungen\/ispm-no-15-norm\/\" class=\"btn-shortcode dt-btn-m dt-btn default-btn-color default-btn-hover-color default-btn-bg-color default-btn-bg-hover-color fadeIn animate-element animation-builder\" id=\"dt-btn-4\"><i class=\"fa fa-chevron-circle-right\"><\/i><span>READ MORE<\/span><\/a>\n<\/div><\/div><\/div><\/div><\/div><\/section>[\/vc_column][\/vc_row]<\/p>\n<\/div>","protected":false},"excerpt":{"rendered":"<p>[vc_row margin_bottom=&#8221;70&#8243; css=&#8221;.vc_custom_1491255791295{margin-bottom: 50px !important;}&#8221;][vc_column][\/vc_column][\/vc_row]<\/p>\n","protected":false},"author":2,"featured_media":0,"parent":0,"menu_order":0,"comment_status":"closed","ping_status":"open","template":"","meta":{"footnotes":""},"class_list":["post-19699","page","type-page","status-publish","hentry","description-off"],"_links":{"self":[{"href":"https:\/\/zauggag.com\/en\/wp-json\/wp\/v2\/pages\/19699","targetHints":{"allow":["GET"]}}],"collection":[{"href":"https:\/\/zauggag.com\/en\/wp-json\/wp\/v2\/pages"}],"about":[{"href":"https:\/\/zauggag.com\/en\/wp-json\/wp\/v2\/types\/page"}],"author":[{"embeddable":true,"href":"https:\/\/zauggag.com\/en\/wp-json\/wp\/v2\/users\/2"}],"replies":[{"embeddable":true,"href":"https:\/\/zauggag.com\/en\/wp-json\/wp\/v2\/comments?post=19699"}],"version-history":[{"count":3,"href":"https:\/\/zauggag.com\/en\/wp-json\/wp\/v2\/pages\/19699\/revisions"}],"predecessor-version":[{"id":19729,"href":"https:\/\/zauggag.com\/en\/wp-json\/wp\/v2\/pages\/19699\/revisions\/19729"}],"wp:attachment":[{"href":"https:\/\/zauggag.com\/en\/wp-json\/wp\/v2\/media?parent=19699"}],"curies":[{"name":"wp","href":"https:\/\/api.w.org\/{rel}","templated":true}]}}