{"id":19560,"date":"2013-11-22T14:51:54","date_gmt":"2013-11-22T14:51:54","guid":{"rendered":"https:\/\/zauggag.com\/02-business\/"},"modified":"2026-03-04T07:55:50","modified_gmt":"2026-03-04T07:55:50","slug":"02-business","status":"publish","type":"page","link":"https:\/\/zauggag.com\/fr\/","title":{"rendered":"Home"},"content":{"rendered":"<div class=\"wpb-content-wrapper\"><p>[vc_row margin_top=\u00a0\u00bb-45&Prime; margin_bottom=\u00a0\u00bb0&Prime; full_width_row=\u00a0\u00bbtrue\u00a0\u00bb css=\u00a0\u00bb.vc_custom_1491255484552{margin-bottom: 0px !important;}\u00a0\u00bb][vc_column][rev_slider_vc alias=\u00a0\u00bbhome_fr\u00a0\u00bb][\/vc_column][\/vc_row][vc_row margin_top=\u00a0\u00bb15&Prime; margin_bottom=\u00a0\u00bb51&Prime; css=\u00a0\u00bb.vc_custom_1491249474194{margin-bottom: 20px !important;}\u00a0\u00bb][vc_column][vc_column_text]<\/p>\n<h2 style=\"text-align: center;\">Les professionnels de l\u2019emballage et du transport international.<\/h2>\n<p>[\/vc_column_text][\/vc_column][\/vc_row][vc_row][vc_column width=\u00a0\u00bb1\/3&Prime;]<section class=\"shortcode-teaser frame-fancy frame-on text-centered\"><div class=\"shortcode-teaser-img\"><a class=\"layzr-bg rollover\" href=\"https:\/\/zauggag.com\/fr\/transportverpackungen\/\"><img decoding=\"async\" class=\"lazy-load\" src=\"data:image\/svg+xml;charset=utf-8,%3Csvg xmlns%3D&#039;http%3A%2F%2Fwww.w3.org%2F2000%2Fsvg&#039; viewBox%3D&#039;0 0 0 0&#039;%2F%3E\" data-srcset=\"https:\/\/zauggag.com\/cina_new\/schweiz\/wp-content\/uploads\/sites\/2\/2017\/04\/Transportverpackungen1.jpg 0w\" data-src=\"https:\/\/zauggag.com\/cina_new\/schweiz\/wp-content\/uploads\/sites\/2\/2017\/04\/Transportverpackungen1.jpg\" \/><\/a><\/div><div class=\"shortcode-teaser-content text-normal\"><h3>Emballages de Transport<\/h3>\n<p>Nous emballons votre voiture, votre machine ou votre marchandise dangereuse avec savoir-faire et pr\u00e9cision. Vos marchandises \u00e0 transporter sont ainsi toujours parfaitement prot\u00e9g\u00e9es, peu importe qu\u2019elles prennent ensuite le train, la route, le bateau ou l\u2019avion.<\/p>\n<div class=\"gap\" style=\"line-height: 10px; height: 10px;\"><\/div> <a href=\"https:\/\/zauggag.com\/fr\/transportverpackungen\/\" class=\"btn-shortcode dt-btn-s dt-btn default-btn-color default-btn-hover-color default-btn-bg-color default-btn-bg-hover-color\" id=\"dt-btn-1\"><span>plus<\/span><\/a><\/p>\n<\/div><\/section>[\/vc_column][vc_column width=\u00a0\u00bb1\/3&Prime;]<section class=\"shortcode-teaser frame-fancy frame-on text-centered\"><div class=\"shortcode-teaser-img\"><a class=\"layzr-bg rollover\" href=\"https:\/\/zauggag.com\/fr\/verpackungsmaterial\/\" target=\"_blank\"><img decoding=\"async\" class=\"lazy-load\" src=\"data:image\/svg+xml;charset=utf-8,%3Csvg xmlns%3D&#039;http%3A%2F%2Fwww.w3.org%2F2000%2Fsvg&#039; viewBox%3D&#039;0 0 0 0&#039;%2F%3E\" data-srcset=\"https:\/\/zauggag.com\/cina_new\/schweiz\/wp-content\/uploads\/sites\/2\/2017\/04\/Durchlauf-02.jpg 0w\" data-src=\"https:\/\/zauggag.com\/cina_new\/schweiz\/wp-content\/uploads\/sites\/2\/2017\/04\/Durchlauf-02.jpg\" \/><\/a><\/div><div class=\"shortcode-teaser-content text-normal\"><h3>Mat\u00e9riel d\u2019emballage<\/h3>\n<p>Nous vous fournissons le mat\u00e9riel d\u2019emballage qui convient \u00e0 votre marchandise. Souhaitez-vous \u00e9conomiser du temps et de l\u2019argent? Alors achetez sans tarder une capacit\u00e9 annuelle et entreposez les emballages chez nous.<\/p>\n<div class=\"gap\" style=\"line-height: 5px; height: 5px;\"><\/div> <a href=\"https:\/\/zauggag.com\/fr\/verpackungsmaterial\/\" class=\"btn-shortcode dt-btn-s dt-btn default-btn-color default-btn-hover-color default-btn-bg-color default-btn-bg-hover-color\" id=\"dt-btn-2\"><span>plus<\/span><\/a><\/p>\n<\/div><\/section>[\/vc_column][vc_column width=\u00a0\u00bb1\/3&Prime;]<section class=\"shortcode-teaser frame-fancy frame-on text-centered\"><div class=\"shortcode-teaser-img\"><a class=\"layzr-bg rollover\" href=\"https:\/\/zauggag.com\/fr\/services-2\/\" target=\"_blank\"><img decoding=\"async\" class=\"lazy-load\" src=\"data:image\/svg+xml;charset=utf-8,%3Csvg xmlns%3D&#039;http%3A%2F%2Fwww.w3.org%2F2000%2Fsvg&#039; viewBox%3D&#039;0 0 0 0&#039;%2F%3E\" data-srcset=\"https:\/\/zauggag.com\/cina_new\/schweiz\/wp-content\/uploads\/sites\/2\/2017\/04\/Facility-Management_16x9_2.jpg 0w\" data-src=\"https:\/\/zauggag.com\/cina_new\/schweiz\/wp-content\/uploads\/sites\/2\/2017\/04\/Facility-Management_16x9_2.jpg\" \/><\/a><\/div><div class=\"shortcode-teaser-content text-normal\"><h3>Services<\/h3>\n<p>Stockez vos marchandises dans nos locaux, louez des locaux ad\u00e9quats ou faites confiance \u00e0 notre service de logistique. Nous manipulons vos marchandises avec pr\u00e9caution et le plus grand soin.<div class=\"gap\" style=\"line-height: 28px; height: 28px;\"><\/div> <a href=\"https:\/\/zauggag.com\/fr\/services-2\/\" class=\"btn-shortcode dt-btn-s dt-btn default-btn-color default-btn-hover-color default-btn-bg-color default-btn-bg-hover-color\" id=\"dt-btn-3\"><span>plus<\/span><\/a><\/p>\n<\/div><\/section>[\/vc_column][\/vc_row][vc_row margin_top=\u00a0\u00bb40&Prime;][vc_column width=\u00a0\u00bb1\/2&Prime;][vc_column_text]<\/p>\n<p>nos clients<\/p>\n<p>[\/vc_column_text][vc_separator color=\u00a0\u00bbblack\u00a0\u00bb align=\u00a0\u00bbalign_left\u00a0\u00bb]<div class=\"gap\" style=\"line-height: 40px; height: 40px;\"><\/div><section class=\"logos-grid wf-container\" data-width=\"150px\" data-columns=\"3\"><div class=\"wf-cell\"><div><a class=\"layzr-bg\" href=\"http:\/\/www.ge.com\/ch\/\" target=\"_blank\" title=\"\" ><img loading=\"lazy\" decoding=\"async\" class=\"lazy-load\" src=\"data:image\/svg+xml;charset=utf-8,%3Csvg xmlns%3D&#039;http%3A%2F%2Fwww.w3.org%2F2000%2Fsvg&#039; viewBox%3D&#039;0 0 300 89&#039;%2F%3E\" width=\"300\" height=\"89\" alt=\"alstrom\" data-srcset=\"https:\/\/zauggag.com\/wp-content\/uploads\/2014\/01\/ge.jpg 300w\" data-src=\"https:\/\/zauggag.com\/wp-content\/uploads\/2014\/01\/ge.jpg\" \/><\/a><\/div><\/div><div class=\"wf-cell\"><div><a class=\"layzr-bg\" href=\"http:\/\/www.gfms.com\/\" target=\"_blank\" title=\"\" ><img loading=\"lazy\" decoding=\"async\" class=\"lazy-load\" src=\"data:image\/svg+xml;charset=utf-8,%3Csvg xmlns%3D&#039;http%3A%2F%2Fwww.w3.org%2F2000%2Fsvg&#039; viewBox%3D&#039;0 0 321 126&#039;%2F%3E\" width=\"321\" height=\"126\" alt=\"GF Machining Solutions\" data-srcset=\"https:\/\/zauggag.com\/wp-content\/uploads\/2014\/06\/gf.jpg 321w\" data-src=\"https:\/\/zauggag.com\/wp-content\/uploads\/2014\/06\/gf.jpg\" \/><\/a><\/div><\/div><div class=\"wf-cell\"><div><a class=\"layzr-bg\" href=\"http:\/\/www.gleason-pfauter.ch\" target=\"_blank\" title=\"\" ><img loading=\"lazy\" decoding=\"async\" class=\"lazy-load\" src=\"data:image\/svg+xml;charset=utf-8,%3Csvg xmlns%3D&#039;http%3A%2F%2Fwww.w3.org%2F2000%2Fsvg&#039; viewBox%3D&#039;0 0 306 145&#039;%2F%3E\" width=\"306\" height=\"145\" alt=\"Gleason-Pfauter\" data-srcset=\"https:\/\/zauggag.com\/wp-content\/uploads\/2014\/06\/Gleason.jpg 306w\" data-src=\"https:\/\/zauggag.com\/wp-content\/uploads\/2014\/06\/Gleason.jpg\" \/><\/a><\/div><\/div><div class=\"wf-cell\"><div><a class=\"layzr-bg\" href=\"http:\/\/www.vsei.ch\" target=\"_blank\" title=\"\" ><img loading=\"lazy\" decoding=\"async\" class=\"lazy-load\" src=\"data:image\/svg+xml;charset=utf-8,%3Csvg xmlns%3D&#039;http%3A%2F%2Fwww.w3.org%2F2000%2Fsvg&#039; viewBox%3D&#039;0 0 546 240&#039;%2F%3E\" width=\"546\" height=\"240\" alt=\"VSEI\/USIE\" data-srcset=\"https:\/\/zauggag.com\/wp-content\/uploads\/2017\/04\/vsei.png 546w, https:\/\/zauggag.com\/wp-content\/uploads\/2017\/04\/vsei.png 546w\" data-src=\"https:\/\/zauggag.com\/wp-content\/uploads\/2017\/04\/vsei.png\" \/><\/a><\/div><\/div><div class=\"wf-cell\"><div><a class=\"layzr-bg\" href=\"http:\/\/joulia.com\" target=\"_blank\" title=\"\" ><img loading=\"lazy\" decoding=\"async\" class=\"lazy-load\" src=\"data:image\/svg+xml;charset=utf-8,%3Csvg xmlns%3D&#039;http%3A%2F%2Fwww.w3.org%2F2000%2Fsvg&#039; viewBox%3D&#039;0 0 172 87&#039;%2F%3E\" width=\"172\" height=\"87\" alt=\"Joulia\" data-srcset=\"https:\/\/zauggag.com\/wp-content\/uploads\/2017\/05\/Joulia-inline-300x80.jpg 172w\" data-src=\"https:\/\/zauggag.com\/wp-content\/uploads\/2017\/05\/Joulia-inline-300x80.jpg\" \/><\/a><\/div><\/div><\/section><div class=\"gap\" style=\"line-height: 50px; height: 50px;\"><\/div>[\/vc_column][vc_column width=\u00a0\u00bb1\/2&Prime;][vc_column_text]<\/p>\n<p>Testimonials<\/p>\n<p>[\/vc_column_text][vc_separator color=\u00a0\u00bbblack\u00a0\u00bb align=\u00a0\u00bbalign_left\u00a0\u00bb]<div class=\"gap\" style=\"line-height: 20px; height: 20px;\"><\/div><section class=\"testimonial-item testimonial-item-slider\"><div class=\"testimonials slider-content owl-carousel dt-owl-carousel-init\" data-autoslide=\"5000\">\n<article>\n\t<div class=\"testimonial-content\">\n\t\t<p>Mes demandes sont toujours trait\u00e9es rapidement et avec beaucoup d&rsquo;amabilit\u00e9. Les commandes sont ex\u00e9cut\u00e9es\u00a0de mani\u00e8re efficace et avec suivi. Je me r\u00e9jouis de poursuivre cette collaboration active.<\/p>\n\t<\/div>\n\t<div class=\"testimonial-vcard\">\n\t\t<div class=\"testimonial-thumbnail\">\n\t\t\t<span class=\"alignleft no-avatar\"><svg version=\"1.1\" id=\"Layer_1\" xmlns=\"http:\/\/www.w3.org\/2000\/svg\" xmlns:xlink=\"http:\/\/www.w3.org\/1999\/xlink\" x=\"0px\" y=\"0px\"\n\t viewBox=\"0 0 16 16\" style=\"enable-background:new 0 0 16 16;\" xml:space=\"preserve\"><path d=\"M8,8c2.2,0,4-1.8,4-4s-1.8-4-4-4S4,1.8,4,4S5.8,8,8,8z M8,10c-2.7,0-8,1.3-8,4v1c0,0.5,0.4,1,1,1h14c0.5,0,1-0.5,1-1v-1\n\tC16,11.3,10.7,10,8,10z\"\/><\/svg><\/span>\t\t<\/div>\n\t\t<div class=\"testimonial-desc\">\n\t\t\t<span class=\"text-primary\">Rolf Stauffer<\/span><span class=\"text-secondary color-secondary\">service Transport\r\nStuder-Biennaform AG, Biel<\/span>\t\t<\/div>\n\t<\/div>\n<\/article>\n<article>\n\t<div class=\"testimonial-content\">\n\t\t<p>Zaugg livre tr\u00e8s rapidement et toujours en parfait \u00e9tat. Ce service\u00a0nous est propos\u00e9 \u00e0 un bon rapport qualit\u00e9\/prix.<\/p>\n\t<\/div>\n\t<div class=\"testimonial-vcard\">\n\t\t<div class=\"testimonial-thumbnail\">\n\t\t\t<span class=\"alignleft no-avatar\"><svg version=\"1.1\" id=\"Layer_1\" xmlns=\"http:\/\/www.w3.org\/2000\/svg\" xmlns:xlink=\"http:\/\/www.w3.org\/1999\/xlink\" x=\"0px\" y=\"0px\"\n\t viewBox=\"0 0 16 16\" style=\"enable-background:new 0 0 16 16;\" xml:space=\"preserve\"><path d=\"M8,8c2.2,0,4-1.8,4-4s-1.8-4-4-4S4,1.8,4,4S5.8,8,8,8z M8,10c-2.7,0-8,1.3-8,4v1c0,0.5,0.4,1,1,1h14c0.5,0,1-0.5,1-1v-1\n\tC16,11.3,10.7,10,8,10z\"\/><\/svg><\/span>\t\t<\/div>\n\t\t<div class=\"testimonial-desc\">\n\t\t\t<span class=\"text-primary\">Sandra Kreis<\/span><span class=\"text-secondary color-secondary\">service Achats\r\nGleason Pfauter Maschinenfabrik GmbH, Studen<\/span>\t\t<\/div>\n\t<\/div>\n<\/article>\n<article>\n\t<div class=\"testimonial-content\">\n\t\t<p>\u00c0 chaque fois que j&rsquo;ai des exigences sp\u00e9cifiques ou un d\u00e9lai particulier \u00e0 respecter,\u00a0je peux \u00eatre s\u00fbr que Zaugg r\u00e9pondra \u00e0 mes attentes.<\/p>\n\t<\/div>\n\t<div class=\"testimonial-vcard\">\n\t\t<div class=\"testimonial-thumbnail\">\n\t\t\t<span class=\"alignleft no-avatar\"><svg version=\"1.1\" id=\"Layer_1\" xmlns=\"http:\/\/www.w3.org\/2000\/svg\" xmlns:xlink=\"http:\/\/www.w3.org\/1999\/xlink\" x=\"0px\" y=\"0px\"\n\t viewBox=\"0 0 16 16\" style=\"enable-background:new 0 0 16 16;\" xml:space=\"preserve\"><path d=\"M8,8c2.2,0,4-1.8,4-4s-1.8-4-4-4S4,1.8,4,4S5.8,8,8,8z M8,10c-2.7,0-8,1.3-8,4v1c0,0.5,0.4,1,1,1h14c0.5,0,1-0.5,1-1v-1\n\tC16,11.3,10.7,10,8,10z\"\/><\/svg><\/span>\t\t<\/div>\n\t\t<div class=\"testimonial-desc\">\n\t\t\t<span class=\"text-primary\">ZhaoHong Wang<\/span><span class=\"text-secondary color-secondary\">logisticien\r\nAgie Charmilles North China, Peking<\/span>\t\t<\/div>\n\t<\/div>\n<\/article>\n<article>\n\t<div class=\"testimonial-content\">\n\t\t<p>Zaugg me garantit \u00e0 chaque fois un service parfait.\u00a0Le service en ligne pour les donn\u00e9es d&#8217;emballage est pour moi une aide pr\u00e9cieuse.<\/p>\n\t<\/div>\n\t<div class=\"testimonial-vcard\">\n\t\t<div class=\"testimonial-thumbnail\">\n\t\t\t<span class=\"alignleft no-avatar\"><svg version=\"1.1\" id=\"Layer_1\" xmlns=\"http:\/\/www.w3.org\/2000\/svg\" xmlns:xlink=\"http:\/\/www.w3.org\/1999\/xlink\" x=\"0px\" y=\"0px\"\n\t viewBox=\"0 0 16 16\" style=\"enable-background:new 0 0 16 16;\" xml:space=\"preserve\"><path d=\"M8,8c2.2,0,4-1.8,4-4s-1.8-4-4-4S4,1.8,4,4S5.8,8,8,8z M8,10c-2.7,0-8,1.3-8,4v1c0,0.5,0.4,1,1,1h14c0.5,0,1-0.5,1-1v-1\n\tC16,11.3,10.7,10,8,10z\"\/><\/svg><\/span>\t\t<\/div>\n\t\t<div class=\"testimonial-desc\">\n\t\t\t<span class=\"text-primary\">Rainbow Lai<\/span><span class=\"text-secondary color-secondary\">responsable logistique\r\nGeorg Fischer Machining Solution, Hong Kong<\/span>\t\t<\/div>\n\t<\/div>\n<\/article>\n<\/div>\n<\/section><div class=\"gap\" style=\"line-height: 50px; height: 50px;\"><\/div>[\/vc_column][\/vc_row][vc_row][vc_column][vc_separator color=\u00a0\u00bbblack\u00a0\u00bb align=\u00a0\u00bbalign_left\u00a0\u00bb][\/vc_column][\/vc_row][vc_row margin_top=\u00a0\u00bb15&Prime; margin_bottom=\u00a0\u00bb50&Prime;][vc_column]<section class=\"shortcode-action-box box-style-table shortcode-action-bg block-style-widget\"><div class=\"\"><p>Restons en contact.<\/p>\n<p>Entrez sans attendre et, quoi qu\u2019il en soit, le 28 f\u00e9vrier 2014 au plus tard les nouveaux num\u00e9ros de t\u00e9l\u00e9phone de vos interlocuteurs dans votre banque de donn\u00e9es d\u2019adresses. Nous n\u2019aurons ainsi aucun probl\u00e8me \u00e0 rester en contact.<\/p>\n<\/div><div class=\"shortcode-action-container action-button\"><a href=\"https:\/\/zauggag.com\/cina_new\/schweiz\/wp-content\/uploads\/sites\/2\/2017\/04\/Bleiben-Sie-mit-uns-in-Kontakt1.pdf\" class=\"btn-shortcode dt-btn-l dt-btn default-btn-color default-btn-hover-color default-btn-bg-color default-btn-bg-hover-color scale-up animation-builder\" target=\"_blank\" id=\"dt-btn-4\" rel=\"noopener\"><span>Voici une liste des principaux num\u00e9ros<\/span><\/a><\/div><\/section>[\/vc_column][\/vc_row]<\/p>\n<\/div>","protected":false},"excerpt":{"rendered":"<p>[vc_row margin_top=\u00a0\u00bb-45&Prime; margin_bottom=\u00a0\u00bb0&Prime; full_width_row=\u00a0\u00bbtrue\u00a0\u00bb css=\u00a0\u00bb.vc_custom_1491255484552{margin-bottom: 0px !important;}\u00a0\u00bb][vc_column][rev_slider_vc alias=\u00a0\u00bbhome_fr\u00a0\u00bb][\/vc_column][\/vc_row][vc_row margin_top=\u00a0\u00bb15&Prime; margin_bottom=\u00a0\u00bb51&Prime; css=\u00a0\u00bb.vc_custom_1491249474194{margin-bottom: 20px !important;}\u00a0\u00bb][vc_column][vc_column_text] Les professionnels de l\u2019emballage et du transport international. [\/vc_column_text][\/vc_column][\/vc_row][vc_row][vc_column width=\u00a0\u00bb1\/3&Prime;][\/vc_column][vc_column width=\u00a0\u00bb1\/3&Prime;][\/vc_column][vc_column width=\u00a0\u00bb1\/3&Prime;][\/vc_column][\/vc_row][vc_row margin_top=\u00a0\u00bb40&Prime;][vc_column width=\u00a0\u00bb1\/2&Prime;][vc_column_text] nos clients [\/vc_column_text][vc_separator color=\u00a0\u00bbblack\u00a0\u00bb align=\u00a0\u00bbalign_left\u00a0\u00bb][\/vc_column][vc_column width=\u00a0\u00bb1\/2&Prime;][vc_column_text] Testimonials [\/vc_column_text][vc_separator color=\u00a0\u00bbblack\u00a0\u00bb align=\u00a0\u00bbalign_left\u00a0\u00bb][\/vc_column][\/vc_row][vc_row][vc_column][vc_separator color=\u00a0\u00bbblack\u00a0\u00bb align=\u00a0\u00bbalign_left\u00a0\u00bb][\/vc_column][\/vc_row][vc_row margin_top=\u00a0\u00bb15&Prime; margin_bottom=\u00a0\u00bb50&Prime;][vc_column][\/vc_column][\/vc_row]<\/p>\n","protected":false},"author":2,"featured_media":0,"parent":0,"menu_order":20,"comment_status":"closed","ping_status":"closed","template":"","meta":{"footnotes":""},"class_list":["post-19560","page","type-page","status-publish","hentry","description-off"],"_links":{"self":[{"href":"https:\/\/zauggag.com\/fr\/wp-json\/wp\/v2\/pages\/19560","targetHints":{"allow":["GET"]}}],"collection":[{"href":"https:\/\/zauggag.com\/fr\/wp-json\/wp\/v2\/pages"}],"about":[{"href":"https:\/\/zauggag.com\/fr\/wp-json\/wp\/v2\/types\/page"}],"author":[{"embeddable":true,"href":"https:\/\/zauggag.com\/fr\/wp-json\/wp\/v2\/users\/2"}],"replies":[{"embeddable":true,"href":"https:\/\/zauggag.com\/fr\/wp-json\/wp\/v2\/comments?post=19560"}],"version-history":[{"count":17,"href":"https:\/\/zauggag.com\/fr\/wp-json\/wp\/v2\/pages\/19560\/revisions"}],"predecessor-version":[{"id":20651,"href":"https:\/\/zauggag.com\/fr\/wp-json\/wp\/v2\/pages\/19560\/revisions\/20651"}],"wp:attachment":[{"href":"https:\/\/zauggag.com\/fr\/wp-json\/wp\/v2\/media?parent=19560"}],"curies":[{"name":"wp","href":"https:\/\/api.w.org\/{rel}","templated":true}]}}