{"id":19580,"date":"2014-01-11T20:11:11","date_gmt":"2014-01-11T18:11:11","guid":{"rendered":"https:\/\/zauggag.com\/unternehmen\/"},"modified":"2022-08-02T09:18:45","modified_gmt":"2022-08-02T09:18:45","slug":"unternehmen","status":"publish","type":"page","link":"https:\/\/zauggag.com\/fr\/unternehmen\/","title":{"rendered":"L\u2019entreprise"},"content":{"rendered":"<div class=\"wpb-content-wrapper\"><p>[vc_row margin_bottom=\u00a0\u00bb20&Prime;][vc_column width=\u00a0\u00bb1\/2&Prime;][vc_column_text]<\/p>\n<h2>Une entreprise familiale<br \/>\nentr\u00e9e dans l\u2019histoire<\/h2>\n<p>&nbsp;<\/p>\n<p>Zaugg Emballeur AG a \u00e9t\u00e9 fond\u00e9e par Werner Zaugg le 1<sup>er<\/sup> janvier 1977. Le site de l\u2019usine \u00e0 gaz de Schlieren ferm\u00e9e depuis peu s\u2019av\u00e9ra id\u00e9al pour entreposer et emballer des produits de grande taille et encombrants.<\/p>\n<p>En 1985, Zaugg Emballeur AG s\u2019agrandit. Elle ach\u00e8te en droit de superficie \u00e0 la ville de Zurich les b\u00e2timents qu\u2019elle occupe ainsi que d\u2019autres immeubles. Disposant \u00e0 pr\u00e9sent de suffisamment de place, la direction d\u00e9cide alors de d\u00e9velopper l\u2019offre d\u2019entreposage de marchandises et de cr\u00e9er le d\u00e9partement \u00abFacility Management\u00bb.<\/p>\n<p>Zaugg Emballeur AG pose un nouveau jalon en 1991. Le 1<sup>er<\/sup> juillet, elle fonde la filiale de Bienne,dont le si\u00e8ge est \u00e0 Br\u00fcgg. En 1996, l\u2019entreprise d\u00e9m\u00e9nage \u00e0 Bienne puis change une nouvelle fois de site en 2011 dans la m\u00eame ville. Simultan\u00e9ment, la filiale de Bienne est renomm\u00e9e usine de Bienne.<\/p>\n<p>En 1998, la reprise de l\u2019entreprise familiale par la deuxi\u00e8me g\u00e9n\u00e9ration est initi\u00e9e. Le fils, Michael Zaugg, assure d\u00e9sormais la direction tandis que Werner Zaugg reste dans ses fonctions de pr\u00e9sident du conseil d\u2019administration.[\/vc_column_text][\/vc_column][vc_column width=\u00a0\u00bb1\/2&Prime;][vc_empty_space height=\u00a0\u00bb120px\u00a0\u00bb][vc_column_text]La priorit\u00e9 de Zaugg Emballeur AG est d\u2019offrir \u00e0 ses clients le meilleur service possible. C\u2019est en ce sens qu\u2019est cr\u00e9\u00e9 le d\u00e9partement logistique en 2007. En passant des accords avec des prestataires de transport terrestre, a\u00e9rien et maritime, elle peut alors proposer un service complet, de l\u2019enl\u00e8vement de la marchandise \u00e0 la livraison \u00e0 destination. Des services de premi\u00e8re qualit\u00e9, \u00e0 des prix adapt\u00e9s au march\u00e9.<\/p>\n<p>En septembre 2011, Zaugg Emballeur AG est le premier sp\u00e9cialiste suisse des emballages de transport et de la fabrication de caisses \u00e0 ouvrir une filiale en Chine. Apr\u00e8s une \u00e9tude approfondie du site, la direction d\u00e9cide de s\u2019implanter \u00e0 Changzhou situ\u00e9 \u00e0 150 km de Shanghai. En Chine, Zaugg (Changzhou) Packaging Co. Ltd. dispose actuellement d\u2019une client\u00e8le principalement constitu\u00e9e d\u2019occidentaux qui recherchent un service professionnel et la \u00abSwiss Quality produced in China\u00bb.<\/p>\n<p>Dans sa globalit\u00e9, l\u2019entreprise est aujourd\u2019hui consid\u00e9r\u00e9e comme un sp\u00e9cialiste exp\u00e9riment\u00e9 de l\u2019emballage et de l\u2019exportation de produits de tout type dans le monde entier. En termes de diligence, de qualit\u00e9 et de service, son objectif est de r\u00e9pondre aux exigences les plus \u00e9lev\u00e9es.[\/vc_column_text]<div class=\"standard-arrow list-divider bullet-top\"><ul>\n<li>\n<h4><a style=\"font-size: 1em;\" href=\"https:\/\/zauggag.com\/fr\/unternehmen\/team\/\">Team<\/a><\/h4>\n<\/li>\n<\/ul>\n<\/div>[\/vc_column][\/vc_row][vc_row type=\u00a0\u00bb5&Prime; margin_top=\u00a0\u00bb10&Prime; margin_bottom=\u00a0\u00bb30&Prime; padding_top=\u00a0\u00bb40&Prime; padding_bottom=\u00a0\u00bb40&Prime; enable_parallax=\u00a0\u00bbfalse\u00a0\u00bb][vc_column][vc_separator color=\u00a0\u00bbblack\u00a0\u00bb][vc_column_text]<\/p>\n<h2 style=\"text-align: center;\">Tout ce que nous faisons est soumis \u00e0 notre label de qualit\u00e9 \u00abZaugg Swiss Quality\u00bb.<\/h2>\n<p style=\"text-align: center;\"><span style=\"color: #262626;\"><div class=\"gap\" style=\"line-height: 5px; height: 5px;\"><\/div><\/span><\/p>\n<h4 style=\"text-align: center;\">Avec pour r\u00e9sultat une prestation qui r\u00e9pond aux exigences les plus \u00e9lev\u00e9es. En tout temps et en tout lieu.<\/h4>\n<p>[\/vc_column_text][vc_separator color=\u00a0\u00bbblack\u00a0\u00bb][\/vc_column][\/vc_row]<\/p>\n<\/div>","protected":false},"excerpt":{"rendered":"<p>[vc_row margin_bottom=\u00a0\u00bb20&Prime;][vc_column width=\u00a0\u00bb1\/2&Prime;][vc_column_text] Une entreprise familiale entr\u00e9e dans l\u2019histoire &nbsp; Zaugg Emballeur AG a \u00e9t\u00e9 fond\u00e9e par Werner Zaugg le 1er janvier 1977. Le site de l\u2019usine \u00e0 gaz de Schlieren ferm\u00e9e depuis peu s\u2019av\u00e9ra id\u00e9al pour entreposer et emballer des produits de grande taille et encombrants. En 1985, Zaugg Emballeur AG s\u2019agrandit. Elle ach\u00e8te&hellip;<\/p>\n","protected":false},"author":2,"featured_media":0,"parent":0,"menu_order":0,"comment_status":"closed","ping_status":"open","template":"","meta":{"footnotes":""},"class_list":["post-19580","page","type-page","status-publish","hentry","description-off"],"_links":{"self":[{"href":"https:\/\/zauggag.com\/fr\/wp-json\/wp\/v2\/pages\/19580","targetHints":{"allow":["GET"]}}],"collection":[{"href":"https:\/\/zauggag.com\/fr\/wp-json\/wp\/v2\/pages"}],"about":[{"href":"https:\/\/zauggag.com\/fr\/wp-json\/wp\/v2\/types\/page"}],"author":[{"embeddable":true,"href":"https:\/\/zauggag.com\/fr\/wp-json\/wp\/v2\/users\/2"}],"replies":[{"embeddable":true,"href":"https:\/\/zauggag.com\/fr\/wp-json\/wp\/v2\/comments?post=19580"}],"version-history":[{"count":4,"href":"https:\/\/zauggag.com\/fr\/wp-json\/wp\/v2\/pages\/19580\/revisions"}],"predecessor-version":[{"id":20696,"href":"https:\/\/zauggag.com\/fr\/wp-json\/wp\/v2\/pages\/19580\/revisions\/20696"}],"wp:attachment":[{"href":"https:\/\/zauggag.com\/fr\/wp-json\/wp\/v2\/media?parent=19580"}],"curies":[{"name":"wp","href":"https:\/\/api.w.org\/{rel}","templated":true}]}}