{"id":19700,"date":"2014-01-12T00:19:25","date_gmt":"2014-01-11T22:19:25","guid":{"rendered":"https:\/\/zauggag.com\/transportverpackungen\/"},"modified":"2017-04-14T22:45:39","modified_gmt":"2017-04-14T22:45:39","slug":"transportverpackungen","status":"publish","type":"page","link":"https:\/\/zauggag.com\/fr\/transportverpackungen\/","title":{"rendered":"Les emballages de transport"},"content":{"rendered":"<div class=\"wpb-content-wrapper\"><p>[vc_row margin_bottom=\u00a0\u00bb70&Prime; css=\u00a0\u00bb.vc_custom_1491255791295{margin-bottom: 50px !important;}\u00a0\u00bb][vc_column]<section id=\"benefits-grid-1\" class=\"benefits-grid wf-container benefits-style-two light-bg light-hover-bg light-icon-color light-icon-hover-color\" data-width=\"180px\" data-columns=\"2\"><style type=\"text\/css\">#benefits-grid-1 .benefits-grid-ico > i { font-size: 36px; line-height: 36px; }<\/style><div class=\"wf-cell\"><div><div class=\"text-normal\"><div class=\"wf-table\"><div class=\"wf-td\"><a href=\"https:\/\/zauggag.com\/fr\/transportverpackungen\/ispm-no-15-norm\/\" class=\"benefits-grid-ico\"><i class=\"fa fa-plane\"><\/i><\/a><\/div><div class=\"wf-td benefits-inner\"><h1 class=\"benefit-title\"><a href=\"https:\/\/zauggag.com\/fr\/transportverpackungen\/ispm-no-15-norm\/\">Conteneurs de fret terrestre, a\u00e9rien et maritime<\/a><\/h1><p>Nous emballons de mani\u00e8re professionnelle et soign\u00e9e les marchandises encombrantes jusqu\u2019\u00e0 15 m de long. Nous concevons \u00e0 cet effet des caisses de transport en bois suisse, jetables ou r\u00e9utilisables, au centim\u00e8tre pr\u00e8s. Ou alors nous cr\u00e9ons des emballages alternatifs parfaitement adapt\u00e9s \u00e0 la marchandise \u00e0 exp\u00e9dier.<\/p>\n<p>&nbsp;<\/p>\n<a href=\"https:\/\/zauggag.com\/fr\/transportverpackungen\/ispm-no-15-norm\/\" class=\"btn-shortcode dt-btn-m dt-btn default-btn-color default-btn-hover-color default-btn-bg-color default-btn-bg-hover-color fadeIn animate-element animation-builder\" id=\"dt-btn-1\"><i class=\"fa fa-chevron-circle-right\"><\/i><span>PLUS<\/span><\/a>\n<\/div><\/div><\/div><\/div><\/div><div class=\"wf-cell\"><div><div class=\"text-normal\"><div class=\"wf-table\"><div class=\"wf-td\"><a href=\"https:\/\/zauggag.com\/fr\/transportverpackungen\/gefahrgutverpackungen\/\" class=\"benefits-grid-ico\"><i class=\"fa fa-fire\"><\/i><\/a><\/div><div class=\"wf-td benefits-inner\"><h1 class=\"benefit-title\"><a href=\"https:\/\/zauggag.com\/fr\/transportverpackungen\/gefahrgutverpackungen\/\">Emballage de marchandises dangereuses<\/a><\/h1><p>Pour les emballages de marchandises dangereuses, nous pensons et agissons dans un souci de respect de l\u2019environnement. Car il n\u2019y a aucune marge de man\u0153uvre pour ce type de produits. Nous savons quel type d\u2019emballage convient \u00e0 quel type de marchandise dangereuse.<\/p>\n<p>&nbsp;<\/p>\n<a href=\"https:\/\/zauggag.com\/fr\/transportverpackungen\/gefahrgutverpackungen\/\" class=\"btn-shortcode dt-btn-m dt-btn default-btn-color default-btn-hover-color default-btn-bg-color default-btn-bg-hover-color fadeIn animate-element animation-builder\" id=\"dt-btn-2\"><i class=\"fa fa-chevron-circle-right\"><\/i><span>PLUS<\/span><\/a>\n<\/div><\/div><\/div><\/div><\/div><div class=\"wf-cell\"><div><div class=\"text-normal\"><div class=\"wf-table\"><div class=\"wf-td\"><a href=\"https:\/\/zauggag.com\/fr\/transportverpackungen\/korrosionsschutz\/\" class=\"benefits-grid-ico\"><i class=\"fa fa-exclamation-triangle\"><\/i><\/a><\/div><div class=\"wf-td benefits-inner\"><h1 class=\"benefit-title\"><a href=\"https:\/\/zauggag.com\/fr\/transportverpackungen\/korrosionsschutz\/\">Protection contre la corrosion<\/a><\/h1><p>Nous ne prenons pas \u00e0 la l\u00e9g\u00e8re la protection contre la corrosion. Nous choisissons la m\u00e9thode d\u2019emballage qui convient \u00e0 la marchandise \u00e0 transporter. Nous nous assurons ainsi que votre marchandise arrive \u00e0 destination dans l\u2019\u00e9tat o\u00f9 elle a quitt\u00e9 l\u2019usine dans des conditions de transport normales.<\/p>\n<p>&nbsp;<\/p>\n<a href=\"https:\/\/zauggag.com\/fr\/transportverpackungen\/korrosionsschutz\/\" class=\"btn-shortcode dt-btn-m dt-btn default-btn-color default-btn-hover-color default-btn-bg-color default-btn-bg-hover-color fadeIn animate-element animation-builder\" id=\"dt-btn-3\"><i class=\"fa fa-chevron-circle-right\"><\/i><span>PLUS<\/span><\/a>\n<\/div><\/div><\/div><\/div><\/div><div class=\"wf-cell\"><div><div class=\"text-normal\"><div class=\"wf-table\"><div class=\"wf-td\"><a href=\"https:\/\/zauggag.com\/fr\/transportverpackungen\/ispm-no-15-norm\/\" class=\"benefits-grid-ico\"><i class=\"fa fa-files-o\"><\/i><\/a><\/div><div class=\"wf-td benefits-inner\"><h1 class=\"benefit-title\"><a href=\"https:\/\/zauggag.com\/fr\/transportverpackungen\/ispm-no-15-norm\/\">ISPM NO. 15-NORM<\/a><\/h1><p>La norme phytosanitaire NIMP 15 destin\u00e9e \u00e0 apporter une parade au risque de diss\u00e9mination d\u2019organismes nuisibles a \u00e9t\u00e9 ratifi\u00e9e par presque tous les pays du monde. Mais norme ou pas, chaque pays en fait sa propre interpr\u00e9tation. Les autorit\u00e9s douani\u00e8res chinoises par exemple r\u00e9clament tr\u00e8s souvent une \u00abPacking Declaration\u00bb bien que cela ne soit plus n\u00e9cessaire selon la norme.<\/p>\n<p>&nbsp;<\/p>\n<a href=\"https:\/\/zauggag.com\/fr\/transportverpackungen\/ispm-no-15-norm\/\" class=\"btn-shortcode dt-btn-m dt-btn default-btn-color default-btn-hover-color default-btn-bg-color default-btn-bg-hover-color fadeIn animate-element animation-builder\" id=\"dt-btn-4\"><i class=\"fa fa-chevron-circle-right\"><\/i><span>PLUS<\/span><\/a>\n<\/div><\/div><\/div><\/div><\/div><\/section>[\/vc_column][\/vc_row]<\/p>\n<\/div>","protected":false},"excerpt":{"rendered":"<p>[vc_row margin_bottom=\u00a0\u00bb70&Prime; css=\u00a0\u00bb.vc_custom_1491255791295{margin-bottom: 50px !important;}\u00a0\u00bb][vc_column][\/vc_column][\/vc_row]<\/p>\n","protected":false},"author":2,"featured_media":0,"parent":0,"menu_order":0,"comment_status":"closed","ping_status":"open","template":"","meta":{"footnotes":""},"class_list":["post-19700","page","type-page","status-publish","hentry","description-off"],"_links":{"self":[{"href":"https:\/\/zauggag.com\/fr\/wp-json\/wp\/v2\/pages\/19700","targetHints":{"allow":["GET"]}}],"collection":[{"href":"https:\/\/zauggag.com\/fr\/wp-json\/wp\/v2\/pages"}],"about":[{"href":"https:\/\/zauggag.com\/fr\/wp-json\/wp\/v2\/types\/page"}],"author":[{"embeddable":true,"href":"https:\/\/zauggag.com\/fr\/wp-json\/wp\/v2\/users\/2"}],"replies":[{"embeddable":true,"href":"https:\/\/zauggag.com\/fr\/wp-json\/wp\/v2\/comments?post=19700"}],"version-history":[{"count":3,"href":"https:\/\/zauggag.com\/fr\/wp-json\/wp\/v2\/pages\/19700\/revisions"}],"predecessor-version":[{"id":19728,"href":"https:\/\/zauggag.com\/fr\/wp-json\/wp\/v2\/pages\/19700\/revisions\/19728"}],"wp:attachment":[{"href":"https:\/\/zauggag.com\/fr\/wp-json\/wp\/v2\/media?parent=19700"}],"curies":[{"name":"wp","href":"https:\/\/api.w.org\/{rel}","templated":true}]}}