{"id":19708,"date":"2014-01-12T02:14:56","date_gmt":"2014-01-12T00:14:56","guid":{"rendered":"https:\/\/zauggag.com\/verpackungsmaterial\/"},"modified":"2017-04-14T22:33:15","modified_gmt":"2017-04-14T22:33:15","slug":"verpackungsmaterial","status":"publish","type":"page","link":"https:\/\/zauggag.com\/fr\/verpackungsmaterial\/","title":{"rendered":"Mat\u00e9riel d\u2019emballage"},"content":{"rendered":"<div class=\"wpb-content-wrapper\"><p>[vc_row margin_bottom=\u00a0\u00bb50&Prime;][vc_column]<section id=\"benefits-grid-1\" class=\"benefits-grid wf-container benefits-style-two light-bg light-hover-bg light-icon-color light-icon-hover-color\" data-width=\"180px\" data-columns=\"3\"><style type=\"text\/css\">#benefits-grid-1 .benefits-grid-ico > i { font-size: 36px; line-height: 36px; }<\/style><div class=\"wf-cell\"><div><div class=\"text-normal\"><div class=\"wf-table\"><div class=\"wf-td\"><a href=\"https:\/\/zauggag.com\/fr\/verpackungsmaterial\/kartonagen\/\" class=\"benefits-grid-ico\"><i class=\"fa fa-check-square-o\"><\/i><\/a><\/div><div class=\"wf-td benefits-inner\"><h1 class=\"benefit-title\"><a href=\"https:\/\/zauggag.com\/fr\/verpackungsmaterial\/kartonagen\/\">Carton<\/a><\/h1><p>Nos collaborateurs connaissent toutes les qualit\u00e9s de carton. Ils peuvent donc vous dire s\u2019il vaut mieux emballer votre marchandise dans un carton \u00e0 cannelure simple, double ou triple. Ils savent aussi si l\u2019emballage doit \u00eatre garni ou pas.<\/p>\n<p>&nbsp;<\/p>\n<a href=\"https:\/\/zauggag.com\/fr\/verpackungsmaterial\/kartonagen\/\" class=\"btn-shortcode dt-btn-m dt-btn default-btn-color default-btn-hover-color default-btn-bg-color default-btn-bg-hover-color fadeIn animate-element animation-builder\" id=\"dt-btn-1\"><i class=\"fa fa-chevron-circle-right\"><\/i><span>PLUS<\/span><\/a>\n<\/div><\/div><\/div><\/div><\/div><div class=\"wf-cell\"><div><div class=\"text-normal\"><div class=\"wf-table\"><div class=\"wf-td\"><a href=\"https:\/\/zauggag.com\/fr\/verpackungsmaterial\/sperrholzkisten\/\" class=\"benefits-grid-ico\"><i class=\"fa fa-check-square-o\"><\/i><\/a><\/div><div class=\"wf-td benefits-inner\"><h1 class=\"benefit-title\"><a href=\"https:\/\/zauggag.com\/fr\/verpackungsmaterial\/sperrholzkisten\/\">Bo\u00eetes en contreplaqu\u00e9<\/a><\/h1><p>Nos caisses en contreplaqu\u00e9 avec cadre en m\u00e9tal l\u00e9ger sont con\u00e7ues comme des emballages \u00e0 usage unique mais peuvent resservir plusieurs fois sans probl\u00e8me. L\u2019aspect pratique de ces caisses est qu\u2019elles sont pliables et peuvent \u00eatre entrepos\u00e9es sans occuper trop de place.<\/p>\n<p>&nbsp;<\/p>\n<a href=\"https:\/\/zauggag.com\/fr\/verpackungsmaterial\/sperrholzkisten\/\" class=\"btn-shortcode dt-btn-m dt-btn default-btn-color default-btn-hover-color default-btn-bg-color default-btn-bg-hover-color fadeIn animate-element animation-builder\" id=\"dt-btn-2\"><i class=\"fa fa-chevron-circle-right\"><\/i><span>PLUS<\/span><\/a>\n<\/div><\/div><\/div><\/div><\/div><div class=\"wf-cell\"><div><div class=\"text-normal\"><div class=\"wf-table\"><div class=\"wf-td\"><a href=\"https:\/\/zauggag.com\/fr\/verpackungsmaterial\/fill-pac\/\" class=\"benefits-grid-ico\"><i class=\"fa fa-check-square-o\"><\/i><\/a><\/div><div class=\"wf-td benefits-inner\"><h1 class=\"benefit-title\"><a href=\"https:\/\/zauggag.com\/fr\/verpackungsmaterial\/fill-pac\/\">FILL-PAC<\/a><\/h1><p>Pour les garnitures, nous conseillons le Fill-Pac. Le Fill-Pac est constitu\u00e9 de bandes de polystyr\u00e8ne fabriqu\u00e9 \u00e0 base d\u2019hydrog\u00e8ne chimiquement neutre. Contrairement aux chips de polystyr\u00e8ne ordinaires, Fill-Pac ne se brise pas et est tr\u00e8s difficilement inflammable.<\/p>\n<p>&nbsp;<\/p>\n<a href=\"https:\/\/zauggag.com\/fr\/verpackungsmaterial\/fill-pac\/\" class=\"btn-shortcode dt-btn-m dt-btn default-btn-color default-btn-hover-color default-btn-bg-color default-btn-bg-hover-color fadeIn animate-element animation-builder\" id=\"dt-btn-3\"><i class=\"fa fa-chevron-circle-right\"><\/i><span>PLUS<\/span><\/a>\n<\/div><\/div><\/div><\/div><\/div><div class=\"wf-cell\"><div><div class=\"text-normal\"><div class=\"wf-table\"><div class=\"wf-td\"><a href=\"https:\/\/zauggag.com\/fr\/verpackungsmaterial\/rahmen\/\" class=\"benefits-grid-ico\"><i class=\"fa fa-check-square-o\"><\/i><\/a><\/div><div class=\"wf-td benefits-inner\"><h1 class=\"benefit-title\"><a href=\"https:\/\/zauggag.com\/fr\/verpackungsmaterial\/rahmen\/\">Cadre enclipsable et pliable<\/a><\/h1><p>Combin\u00e9s aux palettes et couvercles correspondants, nos cadres enclipsables forment un conteneur qui prot\u00e8ge parfaitement votre marchandise. Ils se plient en diagonal apr\u00e8s usage. Parfait pour un transport \u00e0 vide et un entreposage peu volumineux.<\/p>\n<p>&nbsp;<\/p>\n<a href=\"https:\/\/zauggag.com\/fr\/verpackungsmaterial\/rahmen\/\" class=\"btn-shortcode dt-btn-m dt-btn default-btn-color default-btn-hover-color default-btn-bg-color default-btn-bg-hover-color fadeIn animate-element animation-builder\" id=\"dt-btn-4\"><i class=\"fa fa-chevron-circle-right\"><\/i><span>PLUS<\/span><\/a>\n<\/div><\/div><\/div><\/div><\/div><div class=\"wf-cell\"><div><div class=\"text-normal\"><div class=\"wf-table\"><div class=\"wf-td\"><a href=\"https:\/\/zauggag.com\/fr\/verpackungsmaterial\/paletten\/\" class=\"benefits-grid-ico\"><i class=\"fa fa-check-square-o\"><\/i><\/a><\/div><div class=\"wf-td benefits-inner\"><h1 class=\"benefit-title\"><a href=\"https:\/\/zauggag.com\/fr\/verpackungsmaterial\/paletten\/\">Palettes<\/a><\/h1><p>Notre assortiment de palettes standard r\u00e9pond \u00e0 presque tous les besoins. Mais s\u2019il ne r\u00e9pond pas au v\u00f4tre, nous en fabriquerons sur mesure en fonction de vos besoins individuels. Peu importe que vous ayez besoin de palettes sp\u00e9ciales en grande quantit\u00e9 ou \u00e0 un seul exemplaire.<\/p>\n<p>&nbsp;<\/p>\n<a href=\"https:\/\/zauggag.com\/fr\/verpackungsmaterial\/paletten\/\" class=\"btn-shortcode dt-btn-m dt-btn default-btn-color default-btn-hover-color default-btn-bg-color default-btn-bg-hover-color fadeIn animate-element animation-builder\" id=\"dt-btn-5\"><i class=\"fa fa-chevron-circle-right\"><\/i><span>PLUS<\/span><\/a>\n<\/div><\/div><\/div><\/div><\/div><div class=\"wf-cell\"><div><div class=\"text-normal\"><div class=\"wf-table\"><div class=\"wf-td\"><a href=\"https:\/\/zauggag.com\/fr\/verpackungsmaterial\/packhilfsmittel\/\" class=\"benefits-grid-ico\"><i class=\"fa fa-check-square-o\"><\/i><\/a><\/div><div class=\"wf-td benefits-inner\"><h1 class=\"benefit-title\"><a href=\"https:\/\/zauggag.com\/fr\/verpackungsmaterial\/packhilfsmittel\/\">Conditionnement des aides<\/a><\/h1><p>En tant que pros de l\u2019emballage, nous disposons d\u2019un large assortiment d\u2019ustensiles utiles. Vous pouvez vous procurer les accessoires d\u2019emballage suivants:<\/p>\n<p>&nbsp;<\/p>\n<a href=\"https:\/\/zauggag.com\/fr\/verpackungsmaterial\/packhilfsmittel\/\" class=\"btn-shortcode dt-btn-m dt-btn default-btn-color default-btn-hover-color default-btn-bg-color default-btn-bg-hover-color fadeIn animate-element animation-builder\" id=\"dt-btn-6\"><i class=\"fa fa-chevron-circle-right\"><\/i><span>PLUS<\/span><\/a>\n<\/div><\/div><\/div><\/div><\/div><\/section>[\/vc_column][\/vc_row]<\/p>\n<\/div>","protected":false},"excerpt":{"rendered":"<p>[vc_row margin_bottom=\u00a0\u00bb50&Prime;][vc_column][\/vc_column][\/vc_row]<\/p>\n","protected":false},"author":2,"featured_media":0,"parent":0,"menu_order":0,"comment_status":"closed","ping_status":"open","template":"","meta":{"footnotes":""},"class_list":["post-19708","page","type-page","status-publish","hentry","description-off"],"_links":{"self":[{"href":"https:\/\/zauggag.com\/fr\/wp-json\/wp\/v2\/pages\/19708","targetHints":{"allow":["GET"]}}],"collection":[{"href":"https:\/\/zauggag.com\/fr\/wp-json\/wp\/v2\/pages"}],"about":[{"href":"https:\/\/zauggag.com\/fr\/wp-json\/wp\/v2\/types\/page"}],"author":[{"embeddable":true,"href":"https:\/\/zauggag.com\/fr\/wp-json\/wp\/v2\/users\/2"}],"replies":[{"embeddable":true,"href":"https:\/\/zauggag.com\/fr\/wp-json\/wp\/v2\/comments?post=19708"}],"version-history":[{"count":1,"href":"https:\/\/zauggag.com\/fr\/wp-json\/wp\/v2\/pages\/19708\/revisions"}],"predecessor-version":[{"id":19711,"href":"https:\/\/zauggag.com\/fr\/wp-json\/wp\/v2\/pages\/19708\/revisions\/19711"}],"wp:attachment":[{"href":"https:\/\/zauggag.com\/fr\/wp-json\/wp\/v2\/media?parent=19708"}],"curies":[{"name":"wp","href":"https:\/\/api.w.org\/{rel}","templated":true}]}}