{"id":19721,"date":"2014-01-12T02:41:00","date_gmt":"2014-01-12T00:41:00","guid":{"rendered":"https:\/\/zauggag.com\/services-2\/"},"modified":"2017-04-14T22:42:27","modified_gmt":"2017-04-14T22:42:27","slug":"services-2","status":"publish","type":"page","link":"https:\/\/zauggag.com\/fr\/services-2\/","title":{"rendered":"Services"},"content":{"rendered":"<div class=\"wpb-content-wrapper\"><p>[vc_row margin_bottom=\u00a0\u00bb50&Prime;][vc_column]<section id=\"benefits-grid-1\" class=\"benefits-grid wf-container benefits-style-two light-bg light-hover-bg light-icon-color light-icon-hover-color\" data-width=\"180px\" data-columns=\"3\"><style type=\"text\/css\">#benefits-grid-1 .benefits-grid-ico > i { font-size: 36px; line-height: 36px; }<\/style><div class=\"wf-cell\"><div><div class=\"text-normal\"><div class=\"wf-table\"><div class=\"wf-td\"><a href=\"https:\/\/zauggag.com\/fr\/services-2\/lagerhaus\/\" class=\"benefits-grid-ico\"><i class=\"fa fa-trello\"><\/i><\/a><\/div><div class=\"wf-td benefits-inner\"><h1 class=\"benefit-title\"><a href=\"https:\/\/zauggag.com\/fr\/services-2\/lagerhaus\/\">Entrep\u00f4t<\/a><\/h1><p>Nos entrep\u00f4ts sont grands. C\u2019est pourquoi nous ne sommes pas d\u00e9munis si vous souhaitez entreposer chez nous une installation m\u00e9canique compl\u00e8te. Nos entrep\u00f4ts sont vastes et \u00e9quip\u00e9s rationnellement. C\u2019est ainsi que nous pouvons g\u00e9rer et pr\u00e9parer pour vous toutes sortes de marchandises; de la pi\u00e8ce d\u00e9tach\u00e9e \u00e0 la marchandise en vrac.<\/p>\n<p>&nbsp;<\/p>\n<a href=\"https:\/\/zauggag.com\/fr\/services-2\/lagerhaus\/\" class=\"btn-shortcode dt-btn-m dt-btn default-btn-color default-btn-hover-color default-btn-bg-color default-btn-bg-hover-color fadeIn animate-element animation-builder\" id=\"dt-btn-1\"><i class=\"fa fa-chevron-circle-right\"><\/i><span>PLUS<\/span><\/a>\n<\/div><\/div><\/div><\/div><\/div><div class=\"wf-cell\"><div><div class=\"text-normal\"><div class=\"wf-table\"><div class=\"wf-td\"><a href=\"https:\/\/zauggag.com\/fr\/services-2\/logistik\/\" class=\"benefits-grid-ico\"><i class=\"fa fa-truck\"><\/i><\/a><\/div><div class=\"wf-td benefits-inner\"><h1 class=\"benefit-title\"><a href=\"https:\/\/zauggag.com\/fr\/services-2\/logistik\/\">Logistique<\/a><\/h1><p>Chaque marchandise \u00e0 ses besoins propres qui d\u00e9terminent le choix du ou des moyens de transport. Sp\u00e9cialistes de l\u2019emballage, nous connaissons ces besoins et mettons notre savoir en \u0153uvre pour d\u00e9terminer la voie de transport id\u00e9ale pour votre marchandise.<\/p>\n<p>&nbsp;<\/p>\n<a href=\"https:\/\/zauggag.com\/fr\/services-2\/logistik\/\" class=\"btn-shortcode dt-btn-m dt-btn default-btn-color default-btn-hover-color default-btn-bg-color default-btn-bg-hover-color fadeIn animate-element animation-builder\" id=\"dt-btn-2\"><i class=\"fa fa-chevron-circle-right\"><\/i><span>PLUS<\/span><\/a>\n<\/div><\/div><\/div><\/div><\/div><div class=\"wf-cell\"><div><div class=\"text-normal\"><div class=\"wf-table\"><div class=\"wf-td\"><a href=\"https:\/\/zauggag.com\/fr\/services-2\/facility-management\/\" class=\"benefits-grid-ico\"><i class=\"fa fa-home\"><\/i><\/a><\/div><div class=\"wf-td benefits-inner\"><h1 class=\"benefit-title\"><a href=\"https:\/\/zauggag.com\/fr\/services-2\/facility-management\/\">FACILITY MANAGEMENT<\/a><\/h1><p>Le sur mesure est la notion qui r\u00e9sume le mieux nos Facilities. Locaux commerciaux et de stockage, studio photo ou bureaux \u2013 nous avons le local \u00e0 louer que vous recherchez.<\/p>\n<p>&nbsp;<\/p>\n<a href=\"https:\/\/zauggag.com\/fr\/services-2\/facility-management\/\" class=\"btn-shortcode dt-btn-m dt-btn default-btn-color default-btn-hover-color default-btn-bg-color default-btn-bg-hover-color fadeIn animate-element animation-builder\" id=\"dt-btn-3\"><i class=\"fa fa-chevron-circle-right\"><\/i><span>PLUS<\/span><\/a>\n<\/div><\/div><\/div><\/div><\/div><\/section>[\/vc_column][\/vc_row]<\/p>\n<\/div>","protected":false},"excerpt":{"rendered":"<p>[vc_row margin_bottom=\u00a0\u00bb50&Prime;][vc_column][\/vc_column][\/vc_row]<\/p>\n","protected":false},"author":2,"featured_media":0,"parent":0,"menu_order":0,"comment_status":"closed","ping_status":"open","template":"","meta":{"footnotes":""},"class_list":["post-19721","page","type-page","status-publish","hentry","description-off"],"_links":{"self":[{"href":"https:\/\/zauggag.com\/fr\/wp-json\/wp\/v2\/pages\/19721","targetHints":{"allow":["GET"]}}],"collection":[{"href":"https:\/\/zauggag.com\/fr\/wp-json\/wp\/v2\/pages"}],"about":[{"href":"https:\/\/zauggag.com\/fr\/wp-json\/wp\/v2\/types\/page"}],"author":[{"embeddable":true,"href":"https:\/\/zauggag.com\/fr\/wp-json\/wp\/v2\/users\/2"}],"replies":[{"embeddable":true,"href":"https:\/\/zauggag.com\/fr\/wp-json\/wp\/v2\/comments?post=19721"}],"version-history":[{"count":1,"href":"https:\/\/zauggag.com\/fr\/wp-json\/wp\/v2\/pages\/19721\/revisions"}],"predecessor-version":[{"id":19724,"href":"https:\/\/zauggag.com\/fr\/wp-json\/wp\/v2\/pages\/19721\/revisions\/19724"}],"wp:attachment":[{"href":"https:\/\/zauggag.com\/fr\/wp-json\/wp\/v2\/media?parent=19721"}],"curies":[{"name":"wp","href":"https:\/\/api.w.org\/{rel}","templated":true}]}}