{"id":19738,"date":"2014-01-12T12:57:31","date_gmt":"2014-01-12T10:57:31","guid":{"rendered":"https:\/\/zauggag.com\/transportverpackungen\/land-luft-und-see\/"},"modified":"2017-04-15T16:52:05","modified_gmt":"2017-04-15T16:52:05","slug":"land-luft-und-see","status":"publish","type":"page","link":"https:\/\/zauggag.com\/fr\/transportverpackungen\/land-luft-und-see\/","title":{"rendered":"Conteneurs de fret terrestre, a\u00e9rien et maritime"},"content":{"rendered":"<div class=\"wpb-content-wrapper\"><p>[vc_row margin_bottom=\u00a0\u00bb40&Prime;][vc_column width=\u00a0\u00bb1\/2&Prime;][vc_column_text]<\/p>\n<h3>Nous emballons sur mesure<\/h3>\n<p>[\/vc_column_text][vc_empty_space height=\u00a0\u00bb40px\u00a0\u00bb][vc_column_text]Nous emballons de mani\u00e8re professionnelle et soign\u00e9e les marchandises encombrantes jusqu\u2019\u00e0 15 m de long. Nous concevons \u00e0 cet effet des caisses de transport en bois suisse, jetables ou r\u00e9utilisables, au centim\u00e8tre pr\u00e8s. Ou alors nous cr\u00e9ons des emballages alternatifs parfaitement adapt\u00e9s \u00e0 la marchandise \u00e0 exp\u00e9dier.<\/p>\n<p>Le poids n\u2019a pour nous aucune importance. A l\u2019usine de Zurich, notre pont roulant peut soulever des charges allant jusqu\u2019\u00e0 35 t et \u00e0 l\u2019usine de Bienne, grue et chariot-\u00e9l\u00e9vateur soul\u00e8vent jusqu\u2019\u00e0 22 t. Et lorsque cela ne suffit pas, nous faisons appel \u00e0 des grues pneumatiques mobiles qui soul\u00e8vent jusqu\u2019\u00e0 300 t.<\/p>\n<p>Chez nous, vos marchandises sont prot\u00e9g\u00e9es \u00e0 tout instant contre les intemp\u00e9ries, le vandalisme et le vol. L\u2019entrep\u00f4t et le poste d\u2019emballage se trouvent dans une immense halle ferm\u00e9e \u00e0 cl\u00e9 en dehors du service. Si vous ne pouvez pas nous amener votre marchandise, nous venons \u00e0 elle et l\u2019emballons \u00e0 l\u2019endroit o\u00f9 vous souhaitez la pr\u00e9parer pour le transport.[\/vc_column_text][\/vc_column][vc_column width=\u00a0\u00bb1\/2&Prime;][vc_column_text]<\/p>\n<div class=\"wpb_text_column wpb_content_element \">\n<div class=\"wpb_wrapper\">\n<h3>Aper\u00e7u de notre Full-Service:<\/h3>\n<\/div>\n<\/div>\n<p>[\/vc_column_text][vc_empty_space height=\u00a0\u00bb40px\u00a0\u00bb]<div class=\"standard-arrow list-divider bullet-top\"><ul>\n<li>Conseil pour le transport et conception de l\u2019emballage<\/li>\n<li>Fabrication maison de caisses, caissons ou fonds de transport dans la version jetable ou r\u00e9utilisable.<\/li>\n<li>Fabrication d\u2019emballages pour les salons<\/li>\n<li>Cr\u00e9ation d\u2019emballages alternatifs<\/li>\n<li>Service d\u2019emballage dans nos locaux ou sur place chez vous<\/li>\n<li>Entreposage de la marchandise et de l\u2019emballage jusqu\u2019au transport<\/li>\n<li>Chargement sur poids-lourd ou en conteneur<\/li>\n<li>Transport par poids-lourd, fret a\u00e9rien ou maritime dans le monde entier<\/li>\n<li><\/li>\n<\/ul>\n<\/div>[\/vc_column][\/vc_row][vc_row type=\u00a0\u00bb2&Prime; margin_top=\u00a0\u00bb40&Prime; margin_bottom=\u00a0\u00bb70&Prime; padding_top=\u00a0\u00bb40&Prime; padding_bottom=\u00a0\u00bb40&Prime; css=\u00a0\u00bb.vc_custom_1491227062397{margin-bottom: 0px !important;}\u00a0\u00bb][vc_column]<div class=\"dt-photos-shortcode slider-wrapper owl-carousel dt-owl-carousel-init  shortcode-instagram dt-gallery-container arrows-light enable-mobile-arrows\" data-padding-side=\"20\" data-autoslide=\"true\" data-delay=\"3000\" data-loop=\"false\" data-arrows=\"true\">\n<article class=\"post post-20227 attachment type-attachment status-inherit hentry no-img description-off\">\n\n\t<figure class=\"rollover-project links-hovers-disabled\">\n\t<a href=\"https:\/\/zauggag.com\/wp-content\/uploads\/2014\/01\/Durchlauf-01.jpg\" class=\"rollover rollover-zoom dt-pswp-item layzr-bg\" title=\"Durchlauf-01\" data-dt-img-description=\"\"  data-large_image_width=\"1800\" data-large_image_height = \"1192\" ><img fetchpriority=\"high\" decoding=\"async\" class=\"preload-me lazy-load aspect\" src=\"data:image\/svg+xml,%3Csvg%20xmlns%3D&#39;http%3A%2F%2Fwww.w3.org%2F2000%2Fsvg&#39;%20viewBox%3D&#39;0%200%20317%20210&#39;%2F%3E\" data-src=\"https:\/\/zauggag.com\/wp-content\/uploads\/2014\/01\/Durchlauf-01-317x210.jpg\" data-srcset=\"https:\/\/zauggag.com\/wp-content\/uploads\/2014\/01\/Durchlauf-01-317x210.jpg 317w, https:\/\/zauggag.com\/wp-content\/uploads\/2014\/01\/Durchlauf-01-634x420.jpg 634w\" loading=\"eager\" style=\"--ratio: 317 \/ 210\" sizes=\"(max-width: 317px) 100vw, 317px\" alt=\"\" width=\"317\" height=\"210\"  \/><\/a>\t<\/figure>\n<\/article>\n\n\n<article class=\"post post-20230 attachment type-attachment status-inherit hentry no-img description-off\">\n\n\t<figure class=\"rollover-project links-hovers-disabled\">\n\t<a href=\"https:\/\/zauggag.com\/wp-content\/uploads\/2014\/01\/Durchlauf-02.jpg\" class=\"rollover rollover-zoom dt-pswp-item layzr-bg\" title=\"Durchlauf-02\" data-dt-img-description=\"\"  data-large_image_width=\"1800\" data-large_image_height = \"1192\" ><img decoding=\"async\" class=\"preload-me lazy-load aspect\" src=\"data:image\/svg+xml,%3Csvg%20xmlns%3D&#39;http%3A%2F%2Fwww.w3.org%2F2000%2Fsvg&#39;%20viewBox%3D&#39;0%200%20317%20210&#39;%2F%3E\" data-src=\"https:\/\/zauggag.com\/wp-content\/uploads\/2014\/01\/Durchlauf-02-317x210.jpg\" data-srcset=\"https:\/\/zauggag.com\/wp-content\/uploads\/2014\/01\/Durchlauf-02-317x210.jpg 317w, https:\/\/zauggag.com\/wp-content\/uploads\/2014\/01\/Durchlauf-02-634x420.jpg 634w\" loading=\"eager\" style=\"--ratio: 317 \/ 210\" sizes=\"(max-width: 317px) 100vw, 317px\" alt=\"\" width=\"317\" height=\"210\"  \/><\/a>\t<\/figure>\n<\/article>\n\n\n<article class=\"post post-20233 attachment type-attachment status-inherit hentry no-img description-off\">\n\n\t<figure class=\"rollover-project links-hovers-disabled\">\n\t<a href=\"https:\/\/zauggag.com\/wp-content\/uploads\/2014\/01\/Durchlauf-04.jpg\" class=\"rollover rollover-zoom dt-pswp-item layzr-bg\" title=\"Durchlauf-04\" data-dt-img-description=\"\"  data-large_image_width=\"1800\" data-large_image_height = \"1350\" ><img decoding=\"async\" class=\"preload-me lazy-load aspect\" src=\"data:image\/svg+xml,%3Csvg%20xmlns%3D&#39;http%3A%2F%2Fwww.w3.org%2F2000%2Fsvg&#39;%20viewBox%3D&#39;0%200%20280%20210&#39;%2F%3E\" data-src=\"https:\/\/zauggag.com\/wp-content\/uploads\/2014\/01\/Durchlauf-04-280x210.jpg\" data-srcset=\"https:\/\/zauggag.com\/wp-content\/uploads\/2014\/01\/Durchlauf-04-280x210.jpg 280w, https:\/\/zauggag.com\/wp-content\/uploads\/2014\/01\/Durchlauf-04-560x420.jpg 560w\" loading=\"eager\" style=\"--ratio: 280 \/ 210\" sizes=\"(max-width: 280px) 100vw, 280px\" alt=\"\" width=\"280\" height=\"210\"  \/><\/a>\t<\/figure>\n<\/article>\n\n\n<article class=\"post post-20236 attachment type-attachment status-inherit hentry no-img description-off\">\n\n\t<figure class=\"rollover-project links-hovers-disabled\">\n\t<a href=\"https:\/\/zauggag.com\/wp-content\/uploads\/2014\/01\/Durchlauf-05.jpg\" class=\"rollover rollover-zoom dt-pswp-item layzr-bg\" title=\"Durchlauf-05\" data-dt-img-description=\"\"  data-large_image_width=\"1800\" data-large_image_height = \"1350\" ><img decoding=\"async\" class=\"preload-me lazy-load aspect\" src=\"data:image\/svg+xml,%3Csvg%20xmlns%3D&#39;http%3A%2F%2Fwww.w3.org%2F2000%2Fsvg&#39;%20viewBox%3D&#39;0%200%20280%20210&#39;%2F%3E\" data-src=\"https:\/\/zauggag.com\/wp-content\/uploads\/2014\/01\/Durchlauf-05-280x210.jpg\" data-srcset=\"https:\/\/zauggag.com\/wp-content\/uploads\/2014\/01\/Durchlauf-05-280x210.jpg 280w, https:\/\/zauggag.com\/wp-content\/uploads\/2014\/01\/Durchlauf-05-560x420.jpg 560w\" loading=\"eager\" style=\"--ratio: 280 \/ 210\" sizes=\"(max-width: 280px) 100vw, 280px\" alt=\"\" width=\"280\" height=\"210\"  \/><\/a>\t<\/figure>\n<\/article>\n\n\n<article class=\"post post-20239 attachment type-attachment status-inherit hentry no-img description-off\">\n\n\t<figure class=\"rollover-project links-hovers-disabled\">\n\t<a href=\"https:\/\/zauggag.com\/wp-content\/uploads\/2014\/01\/Durchlauf-06.jpg\" class=\"rollover rollover-zoom dt-pswp-item layzr-bg\" title=\"Durchlauf-06\" data-dt-img-description=\"\"  data-large_image_width=\"1800\" data-large_image_height = \"1350\" ><img decoding=\"async\" class=\"preload-me lazy-load aspect\" src=\"data:image\/svg+xml,%3Csvg%20xmlns%3D&#39;http%3A%2F%2Fwww.w3.org%2F2000%2Fsvg&#39;%20viewBox%3D&#39;0%200%20280%20210&#39;%2F%3E\" data-src=\"https:\/\/zauggag.com\/wp-content\/uploads\/2014\/01\/Durchlauf-06-280x210.jpg\" data-srcset=\"https:\/\/zauggag.com\/wp-content\/uploads\/2014\/01\/Durchlauf-06-280x210.jpg 280w, https:\/\/zauggag.com\/wp-content\/uploads\/2014\/01\/Durchlauf-06-560x420.jpg 560w\" loading=\"eager\" style=\"--ratio: 280 \/ 210\" sizes=\"(max-width: 280px) 100vw, 280px\" alt=\"\" width=\"280\" height=\"210\"  \/><\/a>\t<\/figure>\n<\/article>\n\n\n<article class=\"post post-20242 attachment type-attachment status-inherit hentry no-img description-off\">\n\n\t<figure class=\"rollover-project links-hovers-disabled\">\n\t<a href=\"https:\/\/zauggag.com\/wp-content\/uploads\/2014\/01\/Durchlauf-07.jpg\" class=\"rollover rollover-zoom dt-pswp-item layzr-bg\" title=\"Durchlauf-07\" data-dt-img-description=\"\"  data-large_image_width=\"1800\" data-large_image_height = \"1350\" ><img decoding=\"async\" class=\"preload-me lazy-load aspect\" src=\"data:image\/svg+xml,%3Csvg%20xmlns%3D&#39;http%3A%2F%2Fwww.w3.org%2F2000%2Fsvg&#39;%20viewBox%3D&#39;0%200%20280%20210&#39;%2F%3E\" data-src=\"https:\/\/zauggag.com\/wp-content\/uploads\/2014\/01\/Durchlauf-07-280x210.jpg\" data-srcset=\"https:\/\/zauggag.com\/wp-content\/uploads\/2014\/01\/Durchlauf-07-280x210.jpg 280w, https:\/\/zauggag.com\/wp-content\/uploads\/2014\/01\/Durchlauf-07-560x420.jpg 560w\" loading=\"eager\" style=\"--ratio: 280 \/ 210\" sizes=\"(max-width: 280px) 100vw, 280px\" alt=\"\" width=\"280\" height=\"210\"  \/><\/a>\t<\/figure>\n<\/article>\n\n\n<article class=\"post post-20245 attachment type-attachment status-inherit hentry no-img description-off\">\n\n\t<figure class=\"rollover-project links-hovers-disabled\">\n\t<a href=\"https:\/\/zauggag.com\/wp-content\/uploads\/2014\/01\/Durchlauf-08.jpg\" class=\"rollover rollover-zoom dt-pswp-item layzr-bg\" title=\"Durchlauf-08\" data-dt-img-description=\"\"  data-large_image_width=\"1800\" data-large_image_height = \"1350\" ><img decoding=\"async\" class=\"preload-me lazy-load aspect\" src=\"data:image\/svg+xml,%3Csvg%20xmlns%3D&#39;http%3A%2F%2Fwww.w3.org%2F2000%2Fsvg&#39;%20viewBox%3D&#39;0%200%20280%20210&#39;%2F%3E\" data-src=\"https:\/\/zauggag.com\/wp-content\/uploads\/2014\/01\/Durchlauf-08-280x210.jpg\" data-srcset=\"https:\/\/zauggag.com\/wp-content\/uploads\/2014\/01\/Durchlauf-08-280x210.jpg 280w, https:\/\/zauggag.com\/wp-content\/uploads\/2014\/01\/Durchlauf-08-560x420.jpg 560w\" loading=\"eager\" style=\"--ratio: 280 \/ 210\" sizes=\"(max-width: 280px) 100vw, 280px\" alt=\"\" width=\"280\" height=\"210\"  \/><\/a>\t<\/figure>\n<\/article>\n\n\n<article class=\"post post-20248 attachment type-attachment status-inherit hentry no-img description-off\">\n\n\t<figure class=\"rollover-project links-hovers-disabled\">\n\t<a href=\"https:\/\/zauggag.com\/wp-content\/uploads\/2014\/01\/Durchlauf-09.jpg\" class=\"rollover rollover-zoom dt-pswp-item layzr-bg\" title=\"Durchlauf-09\" data-dt-img-description=\"\"  data-large_image_width=\"1800\" data-large_image_height = \"1350\" ><img decoding=\"async\" class=\"preload-me lazy-load aspect\" src=\"data:image\/svg+xml,%3Csvg%20xmlns%3D&#39;http%3A%2F%2Fwww.w3.org%2F2000%2Fsvg&#39;%20viewBox%3D&#39;0%200%20280%20210&#39;%2F%3E\" data-src=\"https:\/\/zauggag.com\/wp-content\/uploads\/2014\/01\/Durchlauf-09-280x210.jpg\" data-srcset=\"https:\/\/zauggag.com\/wp-content\/uploads\/2014\/01\/Durchlauf-09-280x210.jpg 280w, https:\/\/zauggag.com\/wp-content\/uploads\/2014\/01\/Durchlauf-09-560x420.jpg 560w\" loading=\"eager\" style=\"--ratio: 280 \/ 210\" sizes=\"(max-width: 280px) 100vw, 280px\" alt=\"\" width=\"280\" height=\"210\"  \/><\/a>\t<\/figure>\n<\/article>\n\n\n<article class=\"post post-20251 attachment type-attachment status-inherit hentry no-img description-off\">\n\n\t<figure class=\"rollover-project links-hovers-disabled\">\n\t<a href=\"https:\/\/zauggag.com\/wp-content\/uploads\/2014\/01\/Durchlauf-10.jpg\" class=\"rollover rollover-zoom dt-pswp-item layzr-bg\" title=\"Durchlauf-10\" data-dt-img-description=\"\"  data-large_image_width=\"1800\" data-large_image_height = \"1350\" ><img decoding=\"async\" class=\"preload-me lazy-load aspect\" src=\"data:image\/svg+xml,%3Csvg%20xmlns%3D&#39;http%3A%2F%2Fwww.w3.org%2F2000%2Fsvg&#39;%20viewBox%3D&#39;0%200%20280%20210&#39;%2F%3E\" data-src=\"https:\/\/zauggag.com\/wp-content\/uploads\/2014\/01\/Durchlauf-10-280x210.jpg\" data-srcset=\"https:\/\/zauggag.com\/wp-content\/uploads\/2014\/01\/Durchlauf-10-280x210.jpg 280w, https:\/\/zauggag.com\/wp-content\/uploads\/2014\/01\/Durchlauf-10-560x420.jpg 560w\" loading=\"eager\" style=\"--ratio: 280 \/ 210\" sizes=\"(max-width: 280px) 100vw, 280px\" alt=\"\" width=\"280\" height=\"210\"  \/><\/a>\t<\/figure>\n<\/article>\n\n\n<article class=\"post post-20254 attachment type-attachment status-inherit hentry no-img description-off\">\n\n\t<figure class=\"rollover-project links-hovers-disabled\">\n\t<a href=\"https:\/\/zauggag.com\/wp-content\/uploads\/2014\/01\/Durchlauf-11.jpg\" class=\"rollover rollover-zoom dt-pswp-item layzr-bg\" title=\"Durchlauf-11\" data-dt-img-description=\"\"  data-large_image_width=\"1800\" data-large_image_height = \"1350\" ><img decoding=\"async\" class=\"preload-me lazy-load aspect\" src=\"data:image\/svg+xml,%3Csvg%20xmlns%3D&#39;http%3A%2F%2Fwww.w3.org%2F2000%2Fsvg&#39;%20viewBox%3D&#39;0%200%20280%20210&#39;%2F%3E\" data-src=\"https:\/\/zauggag.com\/wp-content\/uploads\/2014\/01\/Durchlauf-11-280x210.jpg\" data-srcset=\"https:\/\/zauggag.com\/wp-content\/uploads\/2014\/01\/Durchlauf-11-280x210.jpg 280w, https:\/\/zauggag.com\/wp-content\/uploads\/2014\/01\/Durchlauf-11-560x420.jpg 560w\" loading=\"eager\" style=\"--ratio: 280 \/ 210\" sizes=\"(max-width: 280px) 100vw, 280px\" alt=\"\" width=\"280\" height=\"210\"  \/><\/a>\t<\/figure>\n<\/article>\n\n\n<article class=\"post post-20257 attachment type-attachment status-inherit hentry no-img description-off\">\n\n\t<figure class=\"rollover-project links-hovers-disabled\">\n\t<a href=\"https:\/\/zauggag.com\/wp-content\/uploads\/2014\/01\/Durchlauf-12.jpg\" class=\"rollover rollover-zoom dt-pswp-item layzr-bg\" title=\"Durchlauf-12\" data-dt-img-description=\"\"  data-large_image_width=\"1800\" data-large_image_height = \"1350\" ><img decoding=\"async\" class=\"preload-me lazy-load aspect\" src=\"data:image\/svg+xml,%3Csvg%20xmlns%3D&#39;http%3A%2F%2Fwww.w3.org%2F2000%2Fsvg&#39;%20viewBox%3D&#39;0%200%20280%20210&#39;%2F%3E\" data-src=\"https:\/\/zauggag.com\/wp-content\/uploads\/2014\/01\/Durchlauf-12-280x210.jpg\" data-srcset=\"https:\/\/zauggag.com\/wp-content\/uploads\/2014\/01\/Durchlauf-12-280x210.jpg 280w, https:\/\/zauggag.com\/wp-content\/uploads\/2014\/01\/Durchlauf-12-560x420.jpg 560w\" loading=\"eager\" style=\"--ratio: 280 \/ 210\" sizes=\"(max-width: 280px) 100vw, 280px\" alt=\"\" width=\"280\" height=\"210\"  \/><\/a>\t<\/figure>\n<\/article>\n\n\n<article class=\"post post-20260 attachment type-attachment status-inherit hentry no-img description-off\">\n\n\t<figure class=\"rollover-project links-hovers-disabled\">\n\t<a href=\"https:\/\/zauggag.com\/wp-content\/uploads\/2014\/01\/Durchlauf-13.jpg\" class=\"rollover rollover-zoom dt-pswp-item layzr-bg\" title=\"Durchlauf-13\" data-dt-img-description=\"\"  data-large_image_width=\"1800\" data-large_image_height = \"1350\" ><img decoding=\"async\" class=\"preload-me lazy-load aspect\" src=\"data:image\/svg+xml,%3Csvg%20xmlns%3D&#39;http%3A%2F%2Fwww.w3.org%2F2000%2Fsvg&#39;%20viewBox%3D&#39;0%200%20280%20210&#39;%2F%3E\" data-src=\"https:\/\/zauggag.com\/wp-content\/uploads\/2014\/01\/Durchlauf-13-280x210.jpg\" data-srcset=\"https:\/\/zauggag.com\/wp-content\/uploads\/2014\/01\/Durchlauf-13-280x210.jpg 280w, https:\/\/zauggag.com\/wp-content\/uploads\/2014\/01\/Durchlauf-13-560x420.jpg 560w\" loading=\"eager\" style=\"--ratio: 280 \/ 210\" sizes=\"(max-width: 280px) 100vw, 280px\" alt=\"\" width=\"280\" height=\"210\"  \/><\/a>\t<\/figure>\n<\/article>\n\n<\/div>[\/vc_column][\/vc_row]<\/p>\n<\/div>","protected":false},"excerpt":{"rendered":"<p>[vc_row margin_bottom=\u00a0\u00bb40&Prime;][vc_column width=\u00a0\u00bb1\/2&Prime;][vc_column_text] Nous emballons sur mesure [\/vc_column_text][vc_empty_space height=\u00a0\u00bb40px\u00a0\u00bb][vc_column_text]Nous emballons de mani\u00e8re professionnelle et soign\u00e9e les marchandises encombrantes jusqu\u2019\u00e0 15 m de long. Nous concevons \u00e0 cet effet des caisses de transport en bois suisse, jetables ou r\u00e9utilisables, au centim\u00e8tre pr\u00e8s. Ou alors nous cr\u00e9ons des emballages alternatifs parfaitement adapt\u00e9s \u00e0 la marchandise \u00e0 exp\u00e9dier.&hellip;<\/p>\n","protected":false},"author":2,"featured_media":0,"parent":19700,"menu_order":0,"comment_status":"closed","ping_status":"closed","template":"","meta":{"footnotes":""},"class_list":["post-19738","page","type-page","status-publish","hentry","description-off"],"_links":{"self":[{"href":"https:\/\/zauggag.com\/fr\/wp-json\/wp\/v2\/pages\/19738","targetHints":{"allow":["GET"]}}],"collection":[{"href":"https:\/\/zauggag.com\/fr\/wp-json\/wp\/v2\/pages"}],"about":[{"href":"https:\/\/zauggag.com\/fr\/wp-json\/wp\/v2\/types\/page"}],"author":[{"embeddable":true,"href":"https:\/\/zauggag.com\/fr\/wp-json\/wp\/v2\/users\/2"}],"replies":[{"embeddable":true,"href":"https:\/\/zauggag.com\/fr\/wp-json\/wp\/v2\/comments?post=19738"}],"version-history":[{"count":2,"href":"https:\/\/zauggag.com\/fr\/wp-json\/wp\/v2\/pages\/19738\/revisions"}],"predecessor-version":[{"id":20017,"href":"https:\/\/zauggag.com\/fr\/wp-json\/wp\/v2\/pages\/19738\/revisions\/20017"}],"up":[{"embeddable":true,"href":"https:\/\/zauggag.com\/fr\/wp-json\/wp\/v2\/pages\/19700"}],"wp:attachment":[{"href":"https:\/\/zauggag.com\/fr\/wp-json\/wp\/v2\/media?parent=19738"}],"curies":[{"name":"wp","href":"https:\/\/api.w.org\/{rel}","templated":true}]}}