{"id":19749,"date":"2014-01-12T13:35:34","date_gmt":"2014-01-12T11:35:34","guid":{"rendered":"https:\/\/zauggag.com\/transportverpackungen\/gefahrgutverpackungen\/"},"modified":"2017-04-15T16:54:56","modified_gmt":"2017-04-15T16:54:56","slug":"gefahrgutverpackungen","status":"publish","type":"page","link":"https:\/\/zauggag.com\/fr\/transportverpackungen\/gefahrgutverpackungen\/","title":{"rendered":"Emballage de marchandises dangereuses"},"content":{"rendered":"<div class=\"wpb-content-wrapper\"><p>[vc_row margin_bottom=\u00a0\u00bb40&Prime;][vc_column width=\u00a0\u00bb1\/2&Prime;][vc_column_text]<\/p>\n<h3>Nous emballons de mani\u00e8re s\u00fbre<\/h3>\n<p>[\/vc_column_text][vc_empty_space height=\u00a0\u00bb40px\u00a0\u00bb][vc_column_text]Pour les emballages de marchandises dangereuses, nous pensons et agissons dans un souci de respect de l\u2019environnement. Car il n\u2019y a aucune marge de man\u0153uvre pour ce type de produits. Nous savons quel type d\u2019emballage convient \u00e0 quel type de marchandise dangereuse. Nous connaissons \u00e9galement les dispositions l\u00e9gales relatives au transport maritime, terrestre ou a\u00e9rien des marchandises dangereuses.\u00a0 Nos sp\u00e9cialistes des produits dangereux sont des experts certifi\u00e9s pour le transport selon les normes ADR, RID, ADNR, IMO ou IATA.<\/p>\n<p>Nous pouvons vous fournir l\u2019emballage ad\u00e9quat pour votre produit dangereux et vous pouvez ensuite vous occuper de tout le reste. Ou vous pouvez faire confiance \u00e0 notre service complet incluant l\u2019emballage, l\u2019envoi et le r\u00e8glement de toutes les formalit\u00e9s. Notre offre ne comprend pas les marchandises dangereuses de classe 7 (marchandises radioactives).[\/vc_column_text][\/vc_column][vc_column width=\u00a0\u00bb1\/2&Prime;][vc_column_text]<\/p>\n<h3>Aper\u00e7u de notre Full-Service:<\/h3>\n<p>[\/vc_column_text][vc_empty_space height=\u00a0\u00bb40px\u00a0\u00bb]<div class=\"standard-arrow list-divider bullet-top\"><ul>\n<li>Conseil et choix du type d\u2019emballage et de la taille des contenants<\/li>\n<li>\u00abSupply-Chain\u00bb pour emballages UN 4D(V), UN 4G(V) ou autres, en particulier pour la classe 6.2<\/li>\n<li>Cr\u00e9ation d\u2019emballages parfaitement adapt\u00e9s \u00e0 votre produit<\/li>\n<li>Service d\u2019emballage dans nos locaux ou sur place chez vous<\/li>\n<li>\u00c9laboration de documents concernant la marchandise dangereuse (Shippers Declaration, d\u00e9claration IMO, instruction \u00e9crite, etc.)<\/li>\n<li>Entreposage de la marchandise et de l\u2019emballage jusqu\u2019au transport<\/li>\n<li>Chargement sur poids-lourd ou en conteneur<\/li>\n<li>Transport par poids-lourd, fret a\u00e9rien ou maritime dans le monde entier<\/li>\n<li><\/li>\n<\/ul>\n<\/div>[\/vc_column][\/vc_row][vc_row type=\u00a0\u00bb2&Prime; margin_top=\u00a0\u00bb40&Prime; margin_bottom=\u00a0\u00bb70&Prime; padding_top=\u00a0\u00bb40&Prime; padding_bottom=\u00a0\u00bb40&Prime; css=\u00a0\u00bb.vc_custom_1491230110854{margin-bottom: 0px !important;}\u00a0\u00bb][vc_column]<div class=\"dt-photos-shortcode slider-wrapper owl-carousel dt-owl-carousel-init  shortcode-instagram dt-gallery-container arrows-light enable-mobile-arrows\" data-padding-side=\"20\" data-autoslide=\"true\" data-delay=\"3000\" data-loop=\"false\" data-arrows=\"true\">\n<article class=\"post post-20227 attachment type-attachment status-inherit hentry no-img description-off\">\n\n\t<figure class=\"rollover-project links-hovers-disabled\">\n\t<a href=\"https:\/\/zauggag.com\/wp-content\/uploads\/2014\/01\/Durchlauf-01.jpg\" class=\"rollover rollover-zoom dt-pswp-item layzr-bg\" title=\"Durchlauf-01\" data-dt-img-description=\"\"  data-large_image_width=\"1800\" data-large_image_height = \"1192\" ><img fetchpriority=\"high\" decoding=\"async\" class=\"preload-me lazy-load aspect\" src=\"data:image\/svg+xml,%3Csvg%20xmlns%3D&#39;http%3A%2F%2Fwww.w3.org%2F2000%2Fsvg&#39;%20viewBox%3D&#39;0%200%20317%20210&#39;%2F%3E\" data-src=\"https:\/\/zauggag.com\/wp-content\/uploads\/2014\/01\/Durchlauf-01-317x210.jpg\" data-srcset=\"https:\/\/zauggag.com\/wp-content\/uploads\/2014\/01\/Durchlauf-01-317x210.jpg 317w, https:\/\/zauggag.com\/wp-content\/uploads\/2014\/01\/Durchlauf-01-634x420.jpg 634w\" loading=\"eager\" style=\"--ratio: 317 \/ 210\" sizes=\"(max-width: 317px) 100vw, 317px\" alt=\"\" width=\"317\" height=\"210\"  \/><\/a>\t<\/figure>\n<\/article>\n\n\n<article class=\"post post-20230 attachment type-attachment status-inherit hentry no-img description-off\">\n\n\t<figure class=\"rollover-project links-hovers-disabled\">\n\t<a href=\"https:\/\/zauggag.com\/wp-content\/uploads\/2014\/01\/Durchlauf-02.jpg\" class=\"rollover rollover-zoom dt-pswp-item layzr-bg\" title=\"Durchlauf-02\" data-dt-img-description=\"\"  data-large_image_width=\"1800\" data-large_image_height = \"1192\" ><img decoding=\"async\" class=\"preload-me lazy-load aspect\" src=\"data:image\/svg+xml,%3Csvg%20xmlns%3D&#39;http%3A%2F%2Fwww.w3.org%2F2000%2Fsvg&#39;%20viewBox%3D&#39;0%200%20317%20210&#39;%2F%3E\" data-src=\"https:\/\/zauggag.com\/wp-content\/uploads\/2014\/01\/Durchlauf-02-317x210.jpg\" data-srcset=\"https:\/\/zauggag.com\/wp-content\/uploads\/2014\/01\/Durchlauf-02-317x210.jpg 317w, https:\/\/zauggag.com\/wp-content\/uploads\/2014\/01\/Durchlauf-02-634x420.jpg 634w\" loading=\"eager\" style=\"--ratio: 317 \/ 210\" sizes=\"(max-width: 317px) 100vw, 317px\" alt=\"\" width=\"317\" height=\"210\"  \/><\/a>\t<\/figure>\n<\/article>\n\n\n<article class=\"post post-20233 attachment type-attachment status-inherit hentry no-img description-off\">\n\n\t<figure class=\"rollover-project links-hovers-disabled\">\n\t<a href=\"https:\/\/zauggag.com\/wp-content\/uploads\/2014\/01\/Durchlauf-04.jpg\" class=\"rollover rollover-zoom dt-pswp-item layzr-bg\" title=\"Durchlauf-04\" data-dt-img-description=\"\"  data-large_image_width=\"1800\" data-large_image_height = \"1350\" ><img decoding=\"async\" class=\"preload-me lazy-load aspect\" src=\"data:image\/svg+xml,%3Csvg%20xmlns%3D&#39;http%3A%2F%2Fwww.w3.org%2F2000%2Fsvg&#39;%20viewBox%3D&#39;0%200%20280%20210&#39;%2F%3E\" data-src=\"https:\/\/zauggag.com\/wp-content\/uploads\/2014\/01\/Durchlauf-04-280x210.jpg\" data-srcset=\"https:\/\/zauggag.com\/wp-content\/uploads\/2014\/01\/Durchlauf-04-280x210.jpg 280w, https:\/\/zauggag.com\/wp-content\/uploads\/2014\/01\/Durchlauf-04-560x420.jpg 560w\" loading=\"eager\" style=\"--ratio: 280 \/ 210\" sizes=\"(max-width: 280px) 100vw, 280px\" alt=\"\" width=\"280\" height=\"210\"  \/><\/a>\t<\/figure>\n<\/article>\n\n\n<article class=\"post post-20236 attachment type-attachment status-inherit hentry no-img description-off\">\n\n\t<figure class=\"rollover-project links-hovers-disabled\">\n\t<a href=\"https:\/\/zauggag.com\/wp-content\/uploads\/2014\/01\/Durchlauf-05.jpg\" class=\"rollover rollover-zoom dt-pswp-item layzr-bg\" title=\"Durchlauf-05\" data-dt-img-description=\"\"  data-large_image_width=\"1800\" data-large_image_height = \"1350\" ><img decoding=\"async\" class=\"preload-me lazy-load aspect\" src=\"data:image\/svg+xml,%3Csvg%20xmlns%3D&#39;http%3A%2F%2Fwww.w3.org%2F2000%2Fsvg&#39;%20viewBox%3D&#39;0%200%20280%20210&#39;%2F%3E\" data-src=\"https:\/\/zauggag.com\/wp-content\/uploads\/2014\/01\/Durchlauf-05-280x210.jpg\" data-srcset=\"https:\/\/zauggag.com\/wp-content\/uploads\/2014\/01\/Durchlauf-05-280x210.jpg 280w, https:\/\/zauggag.com\/wp-content\/uploads\/2014\/01\/Durchlauf-05-560x420.jpg 560w\" loading=\"eager\" style=\"--ratio: 280 \/ 210\" sizes=\"(max-width: 280px) 100vw, 280px\" alt=\"\" width=\"280\" height=\"210\"  \/><\/a>\t<\/figure>\n<\/article>\n\n\n<article class=\"post post-20239 attachment type-attachment status-inherit hentry no-img description-off\">\n\n\t<figure class=\"rollover-project links-hovers-disabled\">\n\t<a href=\"https:\/\/zauggag.com\/wp-content\/uploads\/2014\/01\/Durchlauf-06.jpg\" class=\"rollover rollover-zoom dt-pswp-item layzr-bg\" title=\"Durchlauf-06\" data-dt-img-description=\"\"  data-large_image_width=\"1800\" data-large_image_height = \"1350\" ><img decoding=\"async\" class=\"preload-me lazy-load aspect\" src=\"data:image\/svg+xml,%3Csvg%20xmlns%3D&#39;http%3A%2F%2Fwww.w3.org%2F2000%2Fsvg&#39;%20viewBox%3D&#39;0%200%20280%20210&#39;%2F%3E\" data-src=\"https:\/\/zauggag.com\/wp-content\/uploads\/2014\/01\/Durchlauf-06-280x210.jpg\" data-srcset=\"https:\/\/zauggag.com\/wp-content\/uploads\/2014\/01\/Durchlauf-06-280x210.jpg 280w, https:\/\/zauggag.com\/wp-content\/uploads\/2014\/01\/Durchlauf-06-560x420.jpg 560w\" loading=\"eager\" style=\"--ratio: 280 \/ 210\" sizes=\"(max-width: 280px) 100vw, 280px\" alt=\"\" width=\"280\" height=\"210\"  \/><\/a>\t<\/figure>\n<\/article>\n\n\n<article class=\"post post-20242 attachment type-attachment status-inherit hentry no-img description-off\">\n\n\t<figure class=\"rollover-project links-hovers-disabled\">\n\t<a href=\"https:\/\/zauggag.com\/wp-content\/uploads\/2014\/01\/Durchlauf-07.jpg\" class=\"rollover rollover-zoom dt-pswp-item layzr-bg\" title=\"Durchlauf-07\" data-dt-img-description=\"\"  data-large_image_width=\"1800\" data-large_image_height = \"1350\" ><img decoding=\"async\" class=\"preload-me lazy-load aspect\" src=\"data:image\/svg+xml,%3Csvg%20xmlns%3D&#39;http%3A%2F%2Fwww.w3.org%2F2000%2Fsvg&#39;%20viewBox%3D&#39;0%200%20280%20210&#39;%2F%3E\" data-src=\"https:\/\/zauggag.com\/wp-content\/uploads\/2014\/01\/Durchlauf-07-280x210.jpg\" data-srcset=\"https:\/\/zauggag.com\/wp-content\/uploads\/2014\/01\/Durchlauf-07-280x210.jpg 280w, https:\/\/zauggag.com\/wp-content\/uploads\/2014\/01\/Durchlauf-07-560x420.jpg 560w\" loading=\"eager\" style=\"--ratio: 280 \/ 210\" sizes=\"(max-width: 280px) 100vw, 280px\" alt=\"\" width=\"280\" height=\"210\"  \/><\/a>\t<\/figure>\n<\/article>\n\n\n<article class=\"post post-20245 attachment type-attachment status-inherit hentry no-img description-off\">\n\n\t<figure class=\"rollover-project links-hovers-disabled\">\n\t<a href=\"https:\/\/zauggag.com\/wp-content\/uploads\/2014\/01\/Durchlauf-08.jpg\" class=\"rollover rollover-zoom dt-pswp-item layzr-bg\" title=\"Durchlauf-08\" data-dt-img-description=\"\"  data-large_image_width=\"1800\" data-large_image_height = \"1350\" ><img decoding=\"async\" class=\"preload-me lazy-load aspect\" src=\"data:image\/svg+xml,%3Csvg%20xmlns%3D&#39;http%3A%2F%2Fwww.w3.org%2F2000%2Fsvg&#39;%20viewBox%3D&#39;0%200%20280%20210&#39;%2F%3E\" data-src=\"https:\/\/zauggag.com\/wp-content\/uploads\/2014\/01\/Durchlauf-08-280x210.jpg\" data-srcset=\"https:\/\/zauggag.com\/wp-content\/uploads\/2014\/01\/Durchlauf-08-280x210.jpg 280w, https:\/\/zauggag.com\/wp-content\/uploads\/2014\/01\/Durchlauf-08-560x420.jpg 560w\" loading=\"eager\" style=\"--ratio: 280 \/ 210\" sizes=\"(max-width: 280px) 100vw, 280px\" alt=\"\" width=\"280\" height=\"210\"  \/><\/a>\t<\/figure>\n<\/article>\n\n\n<article class=\"post post-20248 attachment type-attachment status-inherit hentry no-img description-off\">\n\n\t<figure class=\"rollover-project links-hovers-disabled\">\n\t<a href=\"https:\/\/zauggag.com\/wp-content\/uploads\/2014\/01\/Durchlauf-09.jpg\" class=\"rollover rollover-zoom dt-pswp-item layzr-bg\" title=\"Durchlauf-09\" data-dt-img-description=\"\"  data-large_image_width=\"1800\" data-large_image_height = \"1350\" ><img decoding=\"async\" class=\"preload-me lazy-load aspect\" src=\"data:image\/svg+xml,%3Csvg%20xmlns%3D&#39;http%3A%2F%2Fwww.w3.org%2F2000%2Fsvg&#39;%20viewBox%3D&#39;0%200%20280%20210&#39;%2F%3E\" data-src=\"https:\/\/zauggag.com\/wp-content\/uploads\/2014\/01\/Durchlauf-09-280x210.jpg\" data-srcset=\"https:\/\/zauggag.com\/wp-content\/uploads\/2014\/01\/Durchlauf-09-280x210.jpg 280w, https:\/\/zauggag.com\/wp-content\/uploads\/2014\/01\/Durchlauf-09-560x420.jpg 560w\" loading=\"eager\" style=\"--ratio: 280 \/ 210\" sizes=\"(max-width: 280px) 100vw, 280px\" alt=\"\" width=\"280\" height=\"210\"  \/><\/a>\t<\/figure>\n<\/article>\n\n\n<article class=\"post post-20251 attachment type-attachment status-inherit hentry no-img description-off\">\n\n\t<figure class=\"rollover-project links-hovers-disabled\">\n\t<a href=\"https:\/\/zauggag.com\/wp-content\/uploads\/2014\/01\/Durchlauf-10.jpg\" class=\"rollover rollover-zoom dt-pswp-item layzr-bg\" title=\"Durchlauf-10\" data-dt-img-description=\"\"  data-large_image_width=\"1800\" data-large_image_height = \"1350\" ><img decoding=\"async\" class=\"preload-me lazy-load aspect\" src=\"data:image\/svg+xml,%3Csvg%20xmlns%3D&#39;http%3A%2F%2Fwww.w3.org%2F2000%2Fsvg&#39;%20viewBox%3D&#39;0%200%20280%20210&#39;%2F%3E\" data-src=\"https:\/\/zauggag.com\/wp-content\/uploads\/2014\/01\/Durchlauf-10-280x210.jpg\" data-srcset=\"https:\/\/zauggag.com\/wp-content\/uploads\/2014\/01\/Durchlauf-10-280x210.jpg 280w, https:\/\/zauggag.com\/wp-content\/uploads\/2014\/01\/Durchlauf-10-560x420.jpg 560w\" loading=\"eager\" style=\"--ratio: 280 \/ 210\" sizes=\"(max-width: 280px) 100vw, 280px\" alt=\"\" width=\"280\" height=\"210\"  \/><\/a>\t<\/figure>\n<\/article>\n\n\n<article class=\"post post-20254 attachment type-attachment status-inherit hentry no-img description-off\">\n\n\t<figure class=\"rollover-project links-hovers-disabled\">\n\t<a href=\"https:\/\/zauggag.com\/wp-content\/uploads\/2014\/01\/Durchlauf-11.jpg\" class=\"rollover rollover-zoom dt-pswp-item layzr-bg\" title=\"Durchlauf-11\" data-dt-img-description=\"\"  data-large_image_width=\"1800\" data-large_image_height = \"1350\" ><img decoding=\"async\" class=\"preload-me lazy-load aspect\" src=\"data:image\/svg+xml,%3Csvg%20xmlns%3D&#39;http%3A%2F%2Fwww.w3.org%2F2000%2Fsvg&#39;%20viewBox%3D&#39;0%200%20280%20210&#39;%2F%3E\" data-src=\"https:\/\/zauggag.com\/wp-content\/uploads\/2014\/01\/Durchlauf-11-280x210.jpg\" data-srcset=\"https:\/\/zauggag.com\/wp-content\/uploads\/2014\/01\/Durchlauf-11-280x210.jpg 280w, https:\/\/zauggag.com\/wp-content\/uploads\/2014\/01\/Durchlauf-11-560x420.jpg 560w\" loading=\"eager\" style=\"--ratio: 280 \/ 210\" sizes=\"(max-width: 280px) 100vw, 280px\" alt=\"\" width=\"280\" height=\"210\"  \/><\/a>\t<\/figure>\n<\/article>\n\n\n<article class=\"post post-20257 attachment type-attachment status-inherit hentry no-img description-off\">\n\n\t<figure class=\"rollover-project links-hovers-disabled\">\n\t<a href=\"https:\/\/zauggag.com\/wp-content\/uploads\/2014\/01\/Durchlauf-12.jpg\" class=\"rollover rollover-zoom dt-pswp-item layzr-bg\" title=\"Durchlauf-12\" data-dt-img-description=\"\"  data-large_image_width=\"1800\" data-large_image_height = \"1350\" ><img decoding=\"async\" class=\"preload-me lazy-load aspect\" src=\"data:image\/svg+xml,%3Csvg%20xmlns%3D&#39;http%3A%2F%2Fwww.w3.org%2F2000%2Fsvg&#39;%20viewBox%3D&#39;0%200%20280%20210&#39;%2F%3E\" data-src=\"https:\/\/zauggag.com\/wp-content\/uploads\/2014\/01\/Durchlauf-12-280x210.jpg\" data-srcset=\"https:\/\/zauggag.com\/wp-content\/uploads\/2014\/01\/Durchlauf-12-280x210.jpg 280w, https:\/\/zauggag.com\/wp-content\/uploads\/2014\/01\/Durchlauf-12-560x420.jpg 560w\" loading=\"eager\" style=\"--ratio: 280 \/ 210\" sizes=\"(max-width: 280px) 100vw, 280px\" alt=\"\" width=\"280\" height=\"210\"  \/><\/a>\t<\/figure>\n<\/article>\n\n\n<article class=\"post post-20260 attachment type-attachment status-inherit hentry no-img description-off\">\n\n\t<figure class=\"rollover-project links-hovers-disabled\">\n\t<a href=\"https:\/\/zauggag.com\/wp-content\/uploads\/2014\/01\/Durchlauf-13.jpg\" class=\"rollover rollover-zoom dt-pswp-item layzr-bg\" title=\"Durchlauf-13\" data-dt-img-description=\"\"  data-large_image_width=\"1800\" data-large_image_height = \"1350\" ><img decoding=\"async\" class=\"preload-me lazy-load aspect\" src=\"data:image\/svg+xml,%3Csvg%20xmlns%3D&#39;http%3A%2F%2Fwww.w3.org%2F2000%2Fsvg&#39;%20viewBox%3D&#39;0%200%20280%20210&#39;%2F%3E\" data-src=\"https:\/\/zauggag.com\/wp-content\/uploads\/2014\/01\/Durchlauf-13-280x210.jpg\" data-srcset=\"https:\/\/zauggag.com\/wp-content\/uploads\/2014\/01\/Durchlauf-13-280x210.jpg 280w, https:\/\/zauggag.com\/wp-content\/uploads\/2014\/01\/Durchlauf-13-560x420.jpg 560w\" loading=\"eager\" style=\"--ratio: 280 \/ 210\" sizes=\"(max-width: 280px) 100vw, 280px\" alt=\"\" width=\"280\" height=\"210\"  \/><\/a>\t<\/figure>\n<\/article>\n\n<\/div>[\/vc_column][\/vc_row]<\/p>\n<\/div>","protected":false},"excerpt":{"rendered":"<p>[vc_row margin_bottom=\u00a0\u00bb40&Prime;][vc_column width=\u00a0\u00bb1\/2&Prime;][vc_column_text] Nous emballons de mani\u00e8re s\u00fbre [\/vc_column_text][vc_empty_space height=\u00a0\u00bb40px\u00a0\u00bb][vc_column_text]Pour les emballages de marchandises dangereuses, nous pensons et agissons dans un souci de respect de l\u2019environnement. Car il n\u2019y a aucune marge de man\u0153uvre pour ce type de produits. Nous savons quel type d\u2019emballage convient \u00e0 quel type de marchandise dangereuse. Nous connaissons \u00e9galement les&hellip;<\/p>\n","protected":false},"author":2,"featured_media":0,"parent":19700,"menu_order":0,"comment_status":"closed","ping_status":"closed","template":"","meta":{"footnotes":""},"class_list":["post-19749","page","type-page","status-publish","hentry","description-off"],"_links":{"self":[{"href":"https:\/\/zauggag.com\/fr\/wp-json\/wp\/v2\/pages\/19749","targetHints":{"allow":["GET"]}}],"collection":[{"href":"https:\/\/zauggag.com\/fr\/wp-json\/wp\/v2\/pages"}],"about":[{"href":"https:\/\/zauggag.com\/fr\/wp-json\/wp\/v2\/types\/page"}],"author":[{"embeddable":true,"href":"https:\/\/zauggag.com\/fr\/wp-json\/wp\/v2\/users\/2"}],"replies":[{"embeddable":true,"href":"https:\/\/zauggag.com\/fr\/wp-json\/wp\/v2\/comments?post=19749"}],"version-history":[{"count":2,"href":"https:\/\/zauggag.com\/fr\/wp-json\/wp\/v2\/pages\/19749\/revisions"}],"predecessor-version":[{"id":20022,"href":"https:\/\/zauggag.com\/fr\/wp-json\/wp\/v2\/pages\/19749\/revisions\/20022"}],"up":[{"embeddable":true,"href":"https:\/\/zauggag.com\/fr\/wp-json\/wp\/v2\/pages\/19700"}],"wp:attachment":[{"href":"https:\/\/zauggag.com\/fr\/wp-json\/wp\/v2\/media?parent=19749"}],"curies":[{"name":"wp","href":"https:\/\/api.w.org\/{rel}","templated":true}]}}