{"id":19759,"date":"2014-01-12T13:45:18","date_gmt":"2014-01-12T11:45:18","guid":{"rendered":"https:\/\/zauggag.com\/transportverpackungen\/korrosionsschutz\/"},"modified":"2017-04-15T16:55:43","modified_gmt":"2017-04-15T16:55:43","slug":"korrosionsschutz","status":"publish","type":"page","link":"https:\/\/zauggag.com\/fr\/transportverpackungen\/korrosionsschutz\/","title":{"rendered":"Protection contre la corrosion"},"content":{"rendered":"<div class=\"wpb-content-wrapper\"><p>[vc_row margin_bottom=\u00a0\u00bb40&Prime;][vc_column width=\u00a0\u00bb1\/2&Prime;][vc_column_text]<\/p>\n<h3>Nous emballons avec soin<\/h3>\n<p>[\/vc_column_text][vc_empty_space height=\u00a0\u00bb40px\u00a0\u00bb][vc_column_text]Nous ne prenons pas \u00e0 la l\u00e9g\u00e8re la protection contre la corrosion. Nous choisissons la m\u00e9thode d\u2019emballage qui convient \u00e0 la marchandise \u00e0 transporter. Nous nous assurons ainsi que votre marchandise arrive \u00e0 destination dans l\u2019\u00e9tat o\u00f9 elle a quitt\u00e9 l\u2019usine dans des conditions de transport normales.<\/p>\n<p>Tous nos films de protection, housses, gaines et sacs sont fabriqu\u00e9s dans des mat\u00e9riaux de premi\u00e8re qualit\u00e9 et sont pr\u00e9par\u00e9s sur mesure par nos collaborateurs pour n\u2019importe quelle dimension ou taille de lot. Nous garantissons ainsi jusqu\u2019\u00e0 12 mois de protection contre la corrosion dans des conditions de transport normales et pour un entreposage correct. Nous ma\u00eetrisons aussi la m\u00e9thode de d\u00e9shydratation avec t\u00e9moins d\u2019humidit\u00e9 selon la norme DIN 55474 pour l\u2019entreposage de longue dur\u00e9e, soit de deux \u00e0 cinq ans.[\/vc_column_text][\/vc_column][vc_column width=\u00a0\u00bb1\/2&Prime;][vc_column_text]<\/p>\n<h3>Aper\u00e7u de notre Full-Service:<\/h3>\n<p>[\/vc_column_text][vc_empty_space height=\u00a0\u00bb40px\u00a0\u00bb]<div class=\"standard-arrow list-divider bullet-top\"><ul>\n<li>Film de poly\u00e9thyl\u00e8ne pour la simple protection contre la poussi\u00e8re, sous forme de films, de housses compl\u00e8tes, de gaines ou de sacs en diff\u00e9rents formats<\/li>\n<li>Protection contre la corrosion VCI, sous forme de films, de housses compl\u00e8tes, de gaines ou de sacs en diff\u00e9rents formats<\/li>\n<li>Film composite aluminium avec et sans t\u00e9moins d\u2019humidit\u00e9, sous forme de housses compl\u00e8tes ou de sacs de diff\u00e9rents formats<i><\/i><\/li>\n<\/ul>\n<\/div>[\/vc_column][\/vc_row][vc_row type=\u00a0\u00bb2&Prime; margin_top=\u00a0\u00bb40&Prime; margin_bottom=\u00a0\u00bb70&Prime; padding_top=\u00a0\u00bb40&Prime; padding_bottom=\u00a0\u00bb40&Prime; css=\u00a0\u00bb.vc_custom_1491230627808{margin-bottom: 0px !important;}\u00a0\u00bb][vc_column]<div class=\"dt-photos-shortcode slider-wrapper owl-carousel dt-owl-carousel-init  shortcode-instagram dt-gallery-container arrows-light enable-mobile-arrows\" data-padding-side=\"20\" data-autoslide=\"true\" data-delay=\"3000\" data-loop=\"false\" data-arrows=\"true\">\n<article class=\"post post-20227 attachment type-attachment status-inherit hentry no-img description-off\">\n\n\t<figure class=\"rollover-project links-hovers-disabled\">\n\t<a href=\"https:\/\/zauggag.com\/wp-content\/uploads\/2014\/01\/Durchlauf-01.jpg\" class=\"rollover rollover-zoom dt-pswp-item layzr-bg\" title=\"Durchlauf-01\" data-dt-img-description=\"\"  data-large_image_width=\"1800\" data-large_image_height = \"1192\" ><img fetchpriority=\"high\" decoding=\"async\" class=\"preload-me lazy-load aspect\" src=\"data:image\/svg+xml,%3Csvg%20xmlns%3D&#39;http%3A%2F%2Fwww.w3.org%2F2000%2Fsvg&#39;%20viewBox%3D&#39;0%200%20317%20210&#39;%2F%3E\" data-src=\"https:\/\/zauggag.com\/wp-content\/uploads\/2014\/01\/Durchlauf-01-317x210.jpg\" data-srcset=\"https:\/\/zauggag.com\/wp-content\/uploads\/2014\/01\/Durchlauf-01-317x210.jpg 317w, https:\/\/zauggag.com\/wp-content\/uploads\/2014\/01\/Durchlauf-01-634x420.jpg 634w\" loading=\"eager\" style=\"--ratio: 317 \/ 210\" sizes=\"(max-width: 317px) 100vw, 317px\" alt=\"\" width=\"317\" height=\"210\"  \/><\/a>\t<\/figure>\n<\/article>\n\n\n<article class=\"post post-20230 attachment type-attachment status-inherit hentry no-img description-off\">\n\n\t<figure class=\"rollover-project links-hovers-disabled\">\n\t<a href=\"https:\/\/zauggag.com\/wp-content\/uploads\/2014\/01\/Durchlauf-02.jpg\" class=\"rollover rollover-zoom dt-pswp-item layzr-bg\" title=\"Durchlauf-02\" data-dt-img-description=\"\"  data-large_image_width=\"1800\" data-large_image_height = \"1192\" ><img decoding=\"async\" class=\"preload-me lazy-load aspect\" src=\"data:image\/svg+xml,%3Csvg%20xmlns%3D&#39;http%3A%2F%2Fwww.w3.org%2F2000%2Fsvg&#39;%20viewBox%3D&#39;0%200%20317%20210&#39;%2F%3E\" data-src=\"https:\/\/zauggag.com\/wp-content\/uploads\/2014\/01\/Durchlauf-02-317x210.jpg\" data-srcset=\"https:\/\/zauggag.com\/wp-content\/uploads\/2014\/01\/Durchlauf-02-317x210.jpg 317w, https:\/\/zauggag.com\/wp-content\/uploads\/2014\/01\/Durchlauf-02-634x420.jpg 634w\" loading=\"eager\" style=\"--ratio: 317 \/ 210\" sizes=\"(max-width: 317px) 100vw, 317px\" alt=\"\" width=\"317\" height=\"210\"  \/><\/a>\t<\/figure>\n<\/article>\n\n\n<article class=\"post post-20233 attachment type-attachment status-inherit hentry no-img description-off\">\n\n\t<figure class=\"rollover-project links-hovers-disabled\">\n\t<a href=\"https:\/\/zauggag.com\/wp-content\/uploads\/2014\/01\/Durchlauf-04.jpg\" class=\"rollover rollover-zoom dt-pswp-item layzr-bg\" title=\"Durchlauf-04\" data-dt-img-description=\"\"  data-large_image_width=\"1800\" data-large_image_height = \"1350\" ><img decoding=\"async\" class=\"preload-me lazy-load aspect\" src=\"data:image\/svg+xml,%3Csvg%20xmlns%3D&#39;http%3A%2F%2Fwww.w3.org%2F2000%2Fsvg&#39;%20viewBox%3D&#39;0%200%20280%20210&#39;%2F%3E\" data-src=\"https:\/\/zauggag.com\/wp-content\/uploads\/2014\/01\/Durchlauf-04-280x210.jpg\" data-srcset=\"https:\/\/zauggag.com\/wp-content\/uploads\/2014\/01\/Durchlauf-04-280x210.jpg 280w, https:\/\/zauggag.com\/wp-content\/uploads\/2014\/01\/Durchlauf-04-560x420.jpg 560w\" loading=\"eager\" style=\"--ratio: 280 \/ 210\" sizes=\"(max-width: 280px) 100vw, 280px\" alt=\"\" width=\"280\" height=\"210\"  \/><\/a>\t<\/figure>\n<\/article>\n\n\n<article class=\"post post-20236 attachment type-attachment status-inherit hentry no-img description-off\">\n\n\t<figure class=\"rollover-project links-hovers-disabled\">\n\t<a href=\"https:\/\/zauggag.com\/wp-content\/uploads\/2014\/01\/Durchlauf-05.jpg\" class=\"rollover rollover-zoom dt-pswp-item layzr-bg\" title=\"Durchlauf-05\" data-dt-img-description=\"\"  data-large_image_width=\"1800\" data-large_image_height = \"1350\" ><img decoding=\"async\" class=\"preload-me lazy-load aspect\" src=\"data:image\/svg+xml,%3Csvg%20xmlns%3D&#39;http%3A%2F%2Fwww.w3.org%2F2000%2Fsvg&#39;%20viewBox%3D&#39;0%200%20280%20210&#39;%2F%3E\" data-src=\"https:\/\/zauggag.com\/wp-content\/uploads\/2014\/01\/Durchlauf-05-280x210.jpg\" data-srcset=\"https:\/\/zauggag.com\/wp-content\/uploads\/2014\/01\/Durchlauf-05-280x210.jpg 280w, https:\/\/zauggag.com\/wp-content\/uploads\/2014\/01\/Durchlauf-05-560x420.jpg 560w\" loading=\"eager\" style=\"--ratio: 280 \/ 210\" sizes=\"(max-width: 280px) 100vw, 280px\" alt=\"\" width=\"280\" height=\"210\"  \/><\/a>\t<\/figure>\n<\/article>\n\n\n<article class=\"post post-20239 attachment type-attachment status-inherit hentry no-img description-off\">\n\n\t<figure class=\"rollover-project links-hovers-disabled\">\n\t<a href=\"https:\/\/zauggag.com\/wp-content\/uploads\/2014\/01\/Durchlauf-06.jpg\" class=\"rollover rollover-zoom dt-pswp-item layzr-bg\" title=\"Durchlauf-06\" data-dt-img-description=\"\"  data-large_image_width=\"1800\" data-large_image_height = \"1350\" ><img decoding=\"async\" class=\"preload-me lazy-load aspect\" src=\"data:image\/svg+xml,%3Csvg%20xmlns%3D&#39;http%3A%2F%2Fwww.w3.org%2F2000%2Fsvg&#39;%20viewBox%3D&#39;0%200%20280%20210&#39;%2F%3E\" data-src=\"https:\/\/zauggag.com\/wp-content\/uploads\/2014\/01\/Durchlauf-06-280x210.jpg\" data-srcset=\"https:\/\/zauggag.com\/wp-content\/uploads\/2014\/01\/Durchlauf-06-280x210.jpg 280w, https:\/\/zauggag.com\/wp-content\/uploads\/2014\/01\/Durchlauf-06-560x420.jpg 560w\" loading=\"eager\" style=\"--ratio: 280 \/ 210\" sizes=\"(max-width: 280px) 100vw, 280px\" alt=\"\" width=\"280\" height=\"210\"  \/><\/a>\t<\/figure>\n<\/article>\n\n\n<article class=\"post post-20242 attachment type-attachment status-inherit hentry no-img description-off\">\n\n\t<figure class=\"rollover-project links-hovers-disabled\">\n\t<a href=\"https:\/\/zauggag.com\/wp-content\/uploads\/2014\/01\/Durchlauf-07.jpg\" class=\"rollover rollover-zoom dt-pswp-item layzr-bg\" title=\"Durchlauf-07\" data-dt-img-description=\"\"  data-large_image_width=\"1800\" data-large_image_height = \"1350\" ><img decoding=\"async\" class=\"preload-me lazy-load aspect\" src=\"data:image\/svg+xml,%3Csvg%20xmlns%3D&#39;http%3A%2F%2Fwww.w3.org%2F2000%2Fsvg&#39;%20viewBox%3D&#39;0%200%20280%20210&#39;%2F%3E\" data-src=\"https:\/\/zauggag.com\/wp-content\/uploads\/2014\/01\/Durchlauf-07-280x210.jpg\" data-srcset=\"https:\/\/zauggag.com\/wp-content\/uploads\/2014\/01\/Durchlauf-07-280x210.jpg 280w, https:\/\/zauggag.com\/wp-content\/uploads\/2014\/01\/Durchlauf-07-560x420.jpg 560w\" loading=\"eager\" style=\"--ratio: 280 \/ 210\" sizes=\"(max-width: 280px) 100vw, 280px\" alt=\"\" width=\"280\" height=\"210\"  \/><\/a>\t<\/figure>\n<\/article>\n\n\n<article class=\"post post-20245 attachment type-attachment status-inherit hentry no-img description-off\">\n\n\t<figure class=\"rollover-project links-hovers-disabled\">\n\t<a href=\"https:\/\/zauggag.com\/wp-content\/uploads\/2014\/01\/Durchlauf-08.jpg\" class=\"rollover rollover-zoom dt-pswp-item layzr-bg\" title=\"Durchlauf-08\" data-dt-img-description=\"\"  data-large_image_width=\"1800\" data-large_image_height = \"1350\" ><img decoding=\"async\" class=\"preload-me lazy-load aspect\" src=\"data:image\/svg+xml,%3Csvg%20xmlns%3D&#39;http%3A%2F%2Fwww.w3.org%2F2000%2Fsvg&#39;%20viewBox%3D&#39;0%200%20280%20210&#39;%2F%3E\" data-src=\"https:\/\/zauggag.com\/wp-content\/uploads\/2014\/01\/Durchlauf-08-280x210.jpg\" data-srcset=\"https:\/\/zauggag.com\/wp-content\/uploads\/2014\/01\/Durchlauf-08-280x210.jpg 280w, https:\/\/zauggag.com\/wp-content\/uploads\/2014\/01\/Durchlauf-08-560x420.jpg 560w\" loading=\"eager\" style=\"--ratio: 280 \/ 210\" sizes=\"(max-width: 280px) 100vw, 280px\" alt=\"\" width=\"280\" height=\"210\"  \/><\/a>\t<\/figure>\n<\/article>\n\n\n<article class=\"post post-20248 attachment type-attachment status-inherit hentry no-img description-off\">\n\n\t<figure class=\"rollover-project links-hovers-disabled\">\n\t<a href=\"https:\/\/zauggag.com\/wp-content\/uploads\/2014\/01\/Durchlauf-09.jpg\" class=\"rollover rollover-zoom dt-pswp-item layzr-bg\" title=\"Durchlauf-09\" data-dt-img-description=\"\"  data-large_image_width=\"1800\" data-large_image_height = \"1350\" ><img decoding=\"async\" class=\"preload-me lazy-load aspect\" src=\"data:image\/svg+xml,%3Csvg%20xmlns%3D&#39;http%3A%2F%2Fwww.w3.org%2F2000%2Fsvg&#39;%20viewBox%3D&#39;0%200%20280%20210&#39;%2F%3E\" data-src=\"https:\/\/zauggag.com\/wp-content\/uploads\/2014\/01\/Durchlauf-09-280x210.jpg\" data-srcset=\"https:\/\/zauggag.com\/wp-content\/uploads\/2014\/01\/Durchlauf-09-280x210.jpg 280w, https:\/\/zauggag.com\/wp-content\/uploads\/2014\/01\/Durchlauf-09-560x420.jpg 560w\" loading=\"eager\" style=\"--ratio: 280 \/ 210\" sizes=\"(max-width: 280px) 100vw, 280px\" alt=\"\" width=\"280\" height=\"210\"  \/><\/a>\t<\/figure>\n<\/article>\n\n\n<article class=\"post post-20251 attachment type-attachment status-inherit hentry no-img description-off\">\n\n\t<figure class=\"rollover-project links-hovers-disabled\">\n\t<a href=\"https:\/\/zauggag.com\/wp-content\/uploads\/2014\/01\/Durchlauf-10.jpg\" class=\"rollover rollover-zoom dt-pswp-item layzr-bg\" title=\"Durchlauf-10\" data-dt-img-description=\"\"  data-large_image_width=\"1800\" data-large_image_height = \"1350\" ><img decoding=\"async\" class=\"preload-me lazy-load aspect\" src=\"data:image\/svg+xml,%3Csvg%20xmlns%3D&#39;http%3A%2F%2Fwww.w3.org%2F2000%2Fsvg&#39;%20viewBox%3D&#39;0%200%20280%20210&#39;%2F%3E\" data-src=\"https:\/\/zauggag.com\/wp-content\/uploads\/2014\/01\/Durchlauf-10-280x210.jpg\" data-srcset=\"https:\/\/zauggag.com\/wp-content\/uploads\/2014\/01\/Durchlauf-10-280x210.jpg 280w, https:\/\/zauggag.com\/wp-content\/uploads\/2014\/01\/Durchlauf-10-560x420.jpg 560w\" loading=\"eager\" style=\"--ratio: 280 \/ 210\" sizes=\"(max-width: 280px) 100vw, 280px\" alt=\"\" width=\"280\" height=\"210\"  \/><\/a>\t<\/figure>\n<\/article>\n\n\n<article class=\"post post-20254 attachment type-attachment status-inherit hentry no-img description-off\">\n\n\t<figure class=\"rollover-project links-hovers-disabled\">\n\t<a href=\"https:\/\/zauggag.com\/wp-content\/uploads\/2014\/01\/Durchlauf-11.jpg\" class=\"rollover rollover-zoom dt-pswp-item layzr-bg\" title=\"Durchlauf-11\" data-dt-img-description=\"\"  data-large_image_width=\"1800\" data-large_image_height = \"1350\" ><img decoding=\"async\" class=\"preload-me lazy-load aspect\" src=\"data:image\/svg+xml,%3Csvg%20xmlns%3D&#39;http%3A%2F%2Fwww.w3.org%2F2000%2Fsvg&#39;%20viewBox%3D&#39;0%200%20280%20210&#39;%2F%3E\" data-src=\"https:\/\/zauggag.com\/wp-content\/uploads\/2014\/01\/Durchlauf-11-280x210.jpg\" data-srcset=\"https:\/\/zauggag.com\/wp-content\/uploads\/2014\/01\/Durchlauf-11-280x210.jpg 280w, https:\/\/zauggag.com\/wp-content\/uploads\/2014\/01\/Durchlauf-11-560x420.jpg 560w\" loading=\"eager\" style=\"--ratio: 280 \/ 210\" sizes=\"(max-width: 280px) 100vw, 280px\" alt=\"\" width=\"280\" height=\"210\"  \/><\/a>\t<\/figure>\n<\/article>\n\n\n<article class=\"post post-20257 attachment type-attachment status-inherit hentry no-img description-off\">\n\n\t<figure class=\"rollover-project links-hovers-disabled\">\n\t<a href=\"https:\/\/zauggag.com\/wp-content\/uploads\/2014\/01\/Durchlauf-12.jpg\" class=\"rollover rollover-zoom dt-pswp-item layzr-bg\" title=\"Durchlauf-12\" data-dt-img-description=\"\"  data-large_image_width=\"1800\" data-large_image_height = \"1350\" ><img decoding=\"async\" class=\"preload-me lazy-load aspect\" src=\"data:image\/svg+xml,%3Csvg%20xmlns%3D&#39;http%3A%2F%2Fwww.w3.org%2F2000%2Fsvg&#39;%20viewBox%3D&#39;0%200%20280%20210&#39;%2F%3E\" data-src=\"https:\/\/zauggag.com\/wp-content\/uploads\/2014\/01\/Durchlauf-12-280x210.jpg\" data-srcset=\"https:\/\/zauggag.com\/wp-content\/uploads\/2014\/01\/Durchlauf-12-280x210.jpg 280w, https:\/\/zauggag.com\/wp-content\/uploads\/2014\/01\/Durchlauf-12-560x420.jpg 560w\" loading=\"eager\" style=\"--ratio: 280 \/ 210\" sizes=\"(max-width: 280px) 100vw, 280px\" alt=\"\" width=\"280\" height=\"210\"  \/><\/a>\t<\/figure>\n<\/article>\n\n\n<article class=\"post post-20260 attachment type-attachment status-inherit hentry no-img description-off\">\n\n\t<figure class=\"rollover-project links-hovers-disabled\">\n\t<a href=\"https:\/\/zauggag.com\/wp-content\/uploads\/2014\/01\/Durchlauf-13.jpg\" class=\"rollover rollover-zoom dt-pswp-item layzr-bg\" title=\"Durchlauf-13\" data-dt-img-description=\"\"  data-large_image_width=\"1800\" data-large_image_height = \"1350\" ><img decoding=\"async\" class=\"preload-me lazy-load aspect\" src=\"data:image\/svg+xml,%3Csvg%20xmlns%3D&#39;http%3A%2F%2Fwww.w3.org%2F2000%2Fsvg&#39;%20viewBox%3D&#39;0%200%20280%20210&#39;%2F%3E\" data-src=\"https:\/\/zauggag.com\/wp-content\/uploads\/2014\/01\/Durchlauf-13-280x210.jpg\" data-srcset=\"https:\/\/zauggag.com\/wp-content\/uploads\/2014\/01\/Durchlauf-13-280x210.jpg 280w, https:\/\/zauggag.com\/wp-content\/uploads\/2014\/01\/Durchlauf-13-560x420.jpg 560w\" loading=\"eager\" style=\"--ratio: 280 \/ 210\" sizes=\"(max-width: 280px) 100vw, 280px\" alt=\"\" width=\"280\" height=\"210\"  \/><\/a>\t<\/figure>\n<\/article>\n\n<\/div>[\/vc_column][\/vc_row]<\/p>\n<\/div>","protected":false},"excerpt":{"rendered":"<p>[vc_row margin_bottom=\u00a0\u00bb40&Prime;][vc_column width=\u00a0\u00bb1\/2&Prime;][vc_column_text] Nous emballons avec soin [\/vc_column_text][vc_empty_space height=\u00a0\u00bb40px\u00a0\u00bb][vc_column_text]Nous ne prenons pas \u00e0 la l\u00e9g\u00e8re la protection contre la corrosion. Nous choisissons la m\u00e9thode d\u2019emballage qui convient \u00e0 la marchandise \u00e0 transporter. Nous nous assurons ainsi que votre marchandise arrive \u00e0 destination dans l\u2019\u00e9tat o\u00f9 elle a quitt\u00e9 l\u2019usine dans des conditions de transport normales.&hellip;<\/p>\n","protected":false},"author":2,"featured_media":0,"parent":19700,"menu_order":0,"comment_status":"closed","ping_status":"closed","template":"","meta":{"footnotes":""},"class_list":["post-19759","page","type-page","status-publish","hentry","description-off"],"_links":{"self":[{"href":"https:\/\/zauggag.com\/fr\/wp-json\/wp\/v2\/pages\/19759","targetHints":{"allow":["GET"]}}],"collection":[{"href":"https:\/\/zauggag.com\/fr\/wp-json\/wp\/v2\/pages"}],"about":[{"href":"https:\/\/zauggag.com\/fr\/wp-json\/wp\/v2\/types\/page"}],"author":[{"embeddable":true,"href":"https:\/\/zauggag.com\/fr\/wp-json\/wp\/v2\/users\/2"}],"replies":[{"embeddable":true,"href":"https:\/\/zauggag.com\/fr\/wp-json\/wp\/v2\/comments?post=19759"}],"version-history":[{"count":2,"href":"https:\/\/zauggag.com\/fr\/wp-json\/wp\/v2\/pages\/19759\/revisions"}],"predecessor-version":[{"id":20023,"href":"https:\/\/zauggag.com\/fr\/wp-json\/wp\/v2\/pages\/19759\/revisions\/20023"}],"up":[{"embeddable":true,"href":"https:\/\/zauggag.com\/fr\/wp-json\/wp\/v2\/pages\/19700"}],"wp:attachment":[{"href":"https:\/\/zauggag.com\/fr\/wp-json\/wp\/v2\/media?parent=19759"}],"curies":[{"name":"wp","href":"https:\/\/api.w.org\/{rel}","templated":true}]}}