{"id":19766,"date":"2014-01-12T13:55:39","date_gmt":"2014-01-12T11:55:39","guid":{"rendered":"https:\/\/zauggag.com\/transportverpackungen\/ispm-no-15-norm\/"},"modified":"2017-04-15T16:58:18","modified_gmt":"2017-04-15T16:58:18","slug":"ispm-no-15-norm","status":"publish","type":"page","link":"https:\/\/zauggag.com\/fr\/transportverpackungen\/ispm-no-15-norm\/","title":{"rendered":"ISPM No. 15-standard"},"content":{"rendered":"<div class=\"wpb-content-wrapper\"><p>[vc_row margin_bottom=\u00a0\u00bb40&Prime;][vc_column width=\u00a0\u00bb1\/2&Prime;][vc_column_text]<\/p>\n<h3>Nous interpr\u00e9tons la norme avec plus de rigueur<\/h3>\n<p>[\/vc_column_text][vc_empty_space height=\u00a0\u00bb40px\u00a0\u00bb][vc_column_text]La norme phytosanitaire NIMP 15 destin\u00e9e \u00e0 apporter une parade au risque de diss\u00e9mination d\u2019organismes nuisibles a \u00e9t\u00e9 ratifi\u00e9e par presque tous les pays du monde. Mais norme ou pas, chaque pays en fait sa propre interpr\u00e9tation. Les autorit\u00e9s douani\u00e8res chinoises par exemple r\u00e9clament tr\u00e8s souvent une \u00abPacking Declaration\u00bb bien que cela ne soit plus n\u00e9cessaire selon la norme.<\/p>\n<p>Nous aussi, nous interpr\u00e9tons la norme NIMP 15 diff\u00e9remment des autres. A savoir, selon nos propres crit\u00e8res\u00a0<a href=\"http:\/\/server42.cyon.ch\/~zauggagc\/wp-content\/uploads\/2014\/01\/Zertifikat.pdf\">\u00abZaugg Swiss Quality\u00bb<\/a>\u00a0. Alors que la norme pour les emballages en bois brut exige un temps de s\u00e9chage de seulement 30 minutes \u00e0 une temp\u00e9rature de 56\u00b0 C \u00e0 c\u0153ur, nous avons de toutes autres exigences envers nos fournisseurs. Nous ne sommes satisfaits que lorsque notre bois suisse a s\u00e9ch\u00e9 assez longtemps pour pr\u00e9senter un taux d\u2019humidit\u00e9 ne d\u00e9passant pas 18 \u00e0 22%.<\/p>\n<p>Les dispositions l\u00e9gales sont encore plus strictes en Oc\u00e9anie et en Australie. Le bois brut utilis\u00e9 sous ces latitudes doit \u00eatre trait\u00e9 contre le sirex (gu\u00eape des bois) et document\u00e9 \u00e0 part.<\/p>\n<p>Avez-vous des questions sur la norme NIMP 15 ou plus g\u00e9n\u00e9ralement sur les directives internationales? Quel que soit le pays o\u00f9 vous voulez envoyer vos marchandises, nous vous conseillons avec plaisir.[\/vc_column_text][\/vc_column][vc_column width=\u00a0\u00bb1\/2&Prime;][\/vc_column][\/vc_row][vc_row type=\u00a0\u00bb2&Prime; margin_top=\u00a0\u00bb40&Prime; margin_bottom=\u00a0\u00bb70&Prime; padding_top=\u00a0\u00bb40&Prime; padding_bottom=\u00a0\u00bb40&Prime; css=\u00a0\u00bb.vc_custom_1491232024212{margin-bottom: 0px !important;}\u00a0\u00bb][vc_column]<div class=\"dt-photos-shortcode slider-wrapper owl-carousel dt-owl-carousel-init  shortcode-instagram dt-gallery-container arrows-light enable-mobile-arrows\" data-padding-side=\"20\" data-autoslide=\"true\" data-delay=\"3000\" data-loop=\"false\" data-arrows=\"true\">\n<article class=\"post post-20227 attachment type-attachment status-inherit hentry no-img description-off\">\n\n\t<figure class=\"rollover-project links-hovers-disabled\">\n\t<a href=\"https:\/\/zauggag.com\/wp-content\/uploads\/2014\/01\/Durchlauf-01.jpg\" class=\"rollover rollover-zoom dt-pswp-item layzr-bg\" title=\"Durchlauf-01\" data-dt-img-description=\"\"  data-large_image_width=\"1800\" data-large_image_height = \"1192\" ><img fetchpriority=\"high\" decoding=\"async\" class=\"preload-me lazy-load aspect\" src=\"data:image\/svg+xml,%3Csvg%20xmlns%3D&#39;http%3A%2F%2Fwww.w3.org%2F2000%2Fsvg&#39;%20viewBox%3D&#39;0%200%20317%20210&#39;%2F%3E\" data-src=\"https:\/\/zauggag.com\/wp-content\/uploads\/2014\/01\/Durchlauf-01-317x210.jpg\" data-srcset=\"https:\/\/zauggag.com\/wp-content\/uploads\/2014\/01\/Durchlauf-01-317x210.jpg 317w, https:\/\/zauggag.com\/wp-content\/uploads\/2014\/01\/Durchlauf-01-634x420.jpg 634w\" loading=\"eager\" style=\"--ratio: 317 \/ 210\" sizes=\"(max-width: 317px) 100vw, 317px\" alt=\"\" width=\"317\" height=\"210\"  \/><\/a>\t<\/figure>\n<\/article>\n\n\n<article class=\"post post-20230 attachment type-attachment status-inherit hentry no-img description-off\">\n\n\t<figure class=\"rollover-project links-hovers-disabled\">\n\t<a href=\"https:\/\/zauggag.com\/wp-content\/uploads\/2014\/01\/Durchlauf-02.jpg\" class=\"rollover rollover-zoom dt-pswp-item layzr-bg\" title=\"Durchlauf-02\" data-dt-img-description=\"\"  data-large_image_width=\"1800\" data-large_image_height = \"1192\" ><img decoding=\"async\" class=\"preload-me lazy-load aspect\" src=\"data:image\/svg+xml,%3Csvg%20xmlns%3D&#39;http%3A%2F%2Fwww.w3.org%2F2000%2Fsvg&#39;%20viewBox%3D&#39;0%200%20317%20210&#39;%2F%3E\" data-src=\"https:\/\/zauggag.com\/wp-content\/uploads\/2014\/01\/Durchlauf-02-317x210.jpg\" data-srcset=\"https:\/\/zauggag.com\/wp-content\/uploads\/2014\/01\/Durchlauf-02-317x210.jpg 317w, https:\/\/zauggag.com\/wp-content\/uploads\/2014\/01\/Durchlauf-02-634x420.jpg 634w\" loading=\"eager\" style=\"--ratio: 317 \/ 210\" sizes=\"(max-width: 317px) 100vw, 317px\" alt=\"\" width=\"317\" height=\"210\"  \/><\/a>\t<\/figure>\n<\/article>\n\n\n<article class=\"post post-20233 attachment type-attachment status-inherit hentry no-img description-off\">\n\n\t<figure class=\"rollover-project links-hovers-disabled\">\n\t<a href=\"https:\/\/zauggag.com\/wp-content\/uploads\/2014\/01\/Durchlauf-04.jpg\" class=\"rollover rollover-zoom dt-pswp-item layzr-bg\" title=\"Durchlauf-04\" data-dt-img-description=\"\"  data-large_image_width=\"1800\" data-large_image_height = \"1350\" ><img decoding=\"async\" class=\"preload-me lazy-load aspect\" src=\"data:image\/svg+xml,%3Csvg%20xmlns%3D&#39;http%3A%2F%2Fwww.w3.org%2F2000%2Fsvg&#39;%20viewBox%3D&#39;0%200%20280%20210&#39;%2F%3E\" data-src=\"https:\/\/zauggag.com\/wp-content\/uploads\/2014\/01\/Durchlauf-04-280x210.jpg\" data-srcset=\"https:\/\/zauggag.com\/wp-content\/uploads\/2014\/01\/Durchlauf-04-280x210.jpg 280w, https:\/\/zauggag.com\/wp-content\/uploads\/2014\/01\/Durchlauf-04-560x420.jpg 560w\" loading=\"eager\" style=\"--ratio: 280 \/ 210\" sizes=\"(max-width: 280px) 100vw, 280px\" alt=\"\" width=\"280\" height=\"210\"  \/><\/a>\t<\/figure>\n<\/article>\n\n\n<article class=\"post post-20236 attachment type-attachment status-inherit hentry no-img description-off\">\n\n\t<figure class=\"rollover-project links-hovers-disabled\">\n\t<a href=\"https:\/\/zauggag.com\/wp-content\/uploads\/2014\/01\/Durchlauf-05.jpg\" class=\"rollover rollover-zoom dt-pswp-item layzr-bg\" title=\"Durchlauf-05\" data-dt-img-description=\"\"  data-large_image_width=\"1800\" data-large_image_height = \"1350\" ><img decoding=\"async\" class=\"preload-me lazy-load aspect\" src=\"data:image\/svg+xml,%3Csvg%20xmlns%3D&#39;http%3A%2F%2Fwww.w3.org%2F2000%2Fsvg&#39;%20viewBox%3D&#39;0%200%20280%20210&#39;%2F%3E\" data-src=\"https:\/\/zauggag.com\/wp-content\/uploads\/2014\/01\/Durchlauf-05-280x210.jpg\" data-srcset=\"https:\/\/zauggag.com\/wp-content\/uploads\/2014\/01\/Durchlauf-05-280x210.jpg 280w, https:\/\/zauggag.com\/wp-content\/uploads\/2014\/01\/Durchlauf-05-560x420.jpg 560w\" loading=\"eager\" style=\"--ratio: 280 \/ 210\" sizes=\"(max-width: 280px) 100vw, 280px\" alt=\"\" width=\"280\" height=\"210\"  \/><\/a>\t<\/figure>\n<\/article>\n\n\n<article class=\"post post-20239 attachment type-attachment status-inherit hentry no-img description-off\">\n\n\t<figure class=\"rollover-project links-hovers-disabled\">\n\t<a href=\"https:\/\/zauggag.com\/wp-content\/uploads\/2014\/01\/Durchlauf-06.jpg\" class=\"rollover rollover-zoom dt-pswp-item layzr-bg\" title=\"Durchlauf-06\" data-dt-img-description=\"\"  data-large_image_width=\"1800\" data-large_image_height = \"1350\" ><img decoding=\"async\" class=\"preload-me lazy-load aspect\" src=\"data:image\/svg+xml,%3Csvg%20xmlns%3D&#39;http%3A%2F%2Fwww.w3.org%2F2000%2Fsvg&#39;%20viewBox%3D&#39;0%200%20280%20210&#39;%2F%3E\" data-src=\"https:\/\/zauggag.com\/wp-content\/uploads\/2014\/01\/Durchlauf-06-280x210.jpg\" data-srcset=\"https:\/\/zauggag.com\/wp-content\/uploads\/2014\/01\/Durchlauf-06-280x210.jpg 280w, https:\/\/zauggag.com\/wp-content\/uploads\/2014\/01\/Durchlauf-06-560x420.jpg 560w\" loading=\"eager\" style=\"--ratio: 280 \/ 210\" sizes=\"(max-width: 280px) 100vw, 280px\" alt=\"\" width=\"280\" height=\"210\"  \/><\/a>\t<\/figure>\n<\/article>\n\n\n<article class=\"post post-20242 attachment type-attachment status-inherit hentry no-img description-off\">\n\n\t<figure class=\"rollover-project links-hovers-disabled\">\n\t<a href=\"https:\/\/zauggag.com\/wp-content\/uploads\/2014\/01\/Durchlauf-07.jpg\" class=\"rollover rollover-zoom dt-pswp-item layzr-bg\" title=\"Durchlauf-07\" data-dt-img-description=\"\"  data-large_image_width=\"1800\" data-large_image_height = \"1350\" ><img decoding=\"async\" class=\"preload-me lazy-load aspect\" src=\"data:image\/svg+xml,%3Csvg%20xmlns%3D&#39;http%3A%2F%2Fwww.w3.org%2F2000%2Fsvg&#39;%20viewBox%3D&#39;0%200%20280%20210&#39;%2F%3E\" data-src=\"https:\/\/zauggag.com\/wp-content\/uploads\/2014\/01\/Durchlauf-07-280x210.jpg\" data-srcset=\"https:\/\/zauggag.com\/wp-content\/uploads\/2014\/01\/Durchlauf-07-280x210.jpg 280w, https:\/\/zauggag.com\/wp-content\/uploads\/2014\/01\/Durchlauf-07-560x420.jpg 560w\" loading=\"eager\" style=\"--ratio: 280 \/ 210\" sizes=\"(max-width: 280px) 100vw, 280px\" alt=\"\" width=\"280\" height=\"210\"  \/><\/a>\t<\/figure>\n<\/article>\n\n\n<article class=\"post post-20245 attachment type-attachment status-inherit hentry no-img description-off\">\n\n\t<figure class=\"rollover-project links-hovers-disabled\">\n\t<a href=\"https:\/\/zauggag.com\/wp-content\/uploads\/2014\/01\/Durchlauf-08.jpg\" class=\"rollover rollover-zoom dt-pswp-item layzr-bg\" title=\"Durchlauf-08\" data-dt-img-description=\"\"  data-large_image_width=\"1800\" data-large_image_height = \"1350\" ><img decoding=\"async\" class=\"preload-me lazy-load aspect\" src=\"data:image\/svg+xml,%3Csvg%20xmlns%3D&#39;http%3A%2F%2Fwww.w3.org%2F2000%2Fsvg&#39;%20viewBox%3D&#39;0%200%20280%20210&#39;%2F%3E\" data-src=\"https:\/\/zauggag.com\/wp-content\/uploads\/2014\/01\/Durchlauf-08-280x210.jpg\" data-srcset=\"https:\/\/zauggag.com\/wp-content\/uploads\/2014\/01\/Durchlauf-08-280x210.jpg 280w, https:\/\/zauggag.com\/wp-content\/uploads\/2014\/01\/Durchlauf-08-560x420.jpg 560w\" loading=\"eager\" style=\"--ratio: 280 \/ 210\" sizes=\"(max-width: 280px) 100vw, 280px\" alt=\"\" width=\"280\" height=\"210\"  \/><\/a>\t<\/figure>\n<\/article>\n\n\n<article class=\"post post-20248 attachment type-attachment status-inherit hentry no-img description-off\">\n\n\t<figure class=\"rollover-project links-hovers-disabled\">\n\t<a href=\"https:\/\/zauggag.com\/wp-content\/uploads\/2014\/01\/Durchlauf-09.jpg\" class=\"rollover rollover-zoom dt-pswp-item layzr-bg\" title=\"Durchlauf-09\" data-dt-img-description=\"\"  data-large_image_width=\"1800\" data-large_image_height = \"1350\" ><img decoding=\"async\" class=\"preload-me lazy-load aspect\" src=\"data:image\/svg+xml,%3Csvg%20xmlns%3D&#39;http%3A%2F%2Fwww.w3.org%2F2000%2Fsvg&#39;%20viewBox%3D&#39;0%200%20280%20210&#39;%2F%3E\" data-src=\"https:\/\/zauggag.com\/wp-content\/uploads\/2014\/01\/Durchlauf-09-280x210.jpg\" data-srcset=\"https:\/\/zauggag.com\/wp-content\/uploads\/2014\/01\/Durchlauf-09-280x210.jpg 280w, https:\/\/zauggag.com\/wp-content\/uploads\/2014\/01\/Durchlauf-09-560x420.jpg 560w\" loading=\"eager\" style=\"--ratio: 280 \/ 210\" sizes=\"(max-width: 280px) 100vw, 280px\" alt=\"\" width=\"280\" height=\"210\"  \/><\/a>\t<\/figure>\n<\/article>\n\n\n<article class=\"post post-20251 attachment type-attachment status-inherit hentry no-img description-off\">\n\n\t<figure class=\"rollover-project links-hovers-disabled\">\n\t<a href=\"https:\/\/zauggag.com\/wp-content\/uploads\/2014\/01\/Durchlauf-10.jpg\" class=\"rollover rollover-zoom dt-pswp-item layzr-bg\" title=\"Durchlauf-10\" data-dt-img-description=\"\"  data-large_image_width=\"1800\" data-large_image_height = \"1350\" ><img decoding=\"async\" class=\"preload-me lazy-load aspect\" src=\"data:image\/svg+xml,%3Csvg%20xmlns%3D&#39;http%3A%2F%2Fwww.w3.org%2F2000%2Fsvg&#39;%20viewBox%3D&#39;0%200%20280%20210&#39;%2F%3E\" data-src=\"https:\/\/zauggag.com\/wp-content\/uploads\/2014\/01\/Durchlauf-10-280x210.jpg\" data-srcset=\"https:\/\/zauggag.com\/wp-content\/uploads\/2014\/01\/Durchlauf-10-280x210.jpg 280w, https:\/\/zauggag.com\/wp-content\/uploads\/2014\/01\/Durchlauf-10-560x420.jpg 560w\" loading=\"eager\" style=\"--ratio: 280 \/ 210\" sizes=\"(max-width: 280px) 100vw, 280px\" alt=\"\" width=\"280\" height=\"210\"  \/><\/a>\t<\/figure>\n<\/article>\n\n\n<article class=\"post post-20254 attachment type-attachment status-inherit hentry no-img description-off\">\n\n\t<figure class=\"rollover-project links-hovers-disabled\">\n\t<a href=\"https:\/\/zauggag.com\/wp-content\/uploads\/2014\/01\/Durchlauf-11.jpg\" class=\"rollover rollover-zoom dt-pswp-item layzr-bg\" title=\"Durchlauf-11\" data-dt-img-description=\"\"  data-large_image_width=\"1800\" data-large_image_height = \"1350\" ><img decoding=\"async\" class=\"preload-me lazy-load aspect\" src=\"data:image\/svg+xml,%3Csvg%20xmlns%3D&#39;http%3A%2F%2Fwww.w3.org%2F2000%2Fsvg&#39;%20viewBox%3D&#39;0%200%20280%20210&#39;%2F%3E\" data-src=\"https:\/\/zauggag.com\/wp-content\/uploads\/2014\/01\/Durchlauf-11-280x210.jpg\" data-srcset=\"https:\/\/zauggag.com\/wp-content\/uploads\/2014\/01\/Durchlauf-11-280x210.jpg 280w, https:\/\/zauggag.com\/wp-content\/uploads\/2014\/01\/Durchlauf-11-560x420.jpg 560w\" loading=\"eager\" style=\"--ratio: 280 \/ 210\" sizes=\"(max-width: 280px) 100vw, 280px\" alt=\"\" width=\"280\" height=\"210\"  \/><\/a>\t<\/figure>\n<\/article>\n\n\n<article class=\"post post-20257 attachment type-attachment status-inherit hentry no-img description-off\">\n\n\t<figure class=\"rollover-project links-hovers-disabled\">\n\t<a href=\"https:\/\/zauggag.com\/wp-content\/uploads\/2014\/01\/Durchlauf-12.jpg\" class=\"rollover rollover-zoom dt-pswp-item layzr-bg\" title=\"Durchlauf-12\" data-dt-img-description=\"\"  data-large_image_width=\"1800\" data-large_image_height = \"1350\" ><img decoding=\"async\" class=\"preload-me lazy-load aspect\" src=\"data:image\/svg+xml,%3Csvg%20xmlns%3D&#39;http%3A%2F%2Fwww.w3.org%2F2000%2Fsvg&#39;%20viewBox%3D&#39;0%200%20280%20210&#39;%2F%3E\" data-src=\"https:\/\/zauggag.com\/wp-content\/uploads\/2014\/01\/Durchlauf-12-280x210.jpg\" data-srcset=\"https:\/\/zauggag.com\/wp-content\/uploads\/2014\/01\/Durchlauf-12-280x210.jpg 280w, https:\/\/zauggag.com\/wp-content\/uploads\/2014\/01\/Durchlauf-12-560x420.jpg 560w\" loading=\"eager\" style=\"--ratio: 280 \/ 210\" sizes=\"(max-width: 280px) 100vw, 280px\" alt=\"\" width=\"280\" height=\"210\"  \/><\/a>\t<\/figure>\n<\/article>\n\n\n<article class=\"post post-20260 attachment type-attachment status-inherit hentry no-img description-off\">\n\n\t<figure class=\"rollover-project links-hovers-disabled\">\n\t<a href=\"https:\/\/zauggag.com\/wp-content\/uploads\/2014\/01\/Durchlauf-13.jpg\" class=\"rollover rollover-zoom dt-pswp-item layzr-bg\" title=\"Durchlauf-13\" data-dt-img-description=\"\"  data-large_image_width=\"1800\" data-large_image_height = \"1350\" ><img decoding=\"async\" class=\"preload-me lazy-load aspect\" src=\"data:image\/svg+xml,%3Csvg%20xmlns%3D&#39;http%3A%2F%2Fwww.w3.org%2F2000%2Fsvg&#39;%20viewBox%3D&#39;0%200%20280%20210&#39;%2F%3E\" data-src=\"https:\/\/zauggag.com\/wp-content\/uploads\/2014\/01\/Durchlauf-13-280x210.jpg\" data-srcset=\"https:\/\/zauggag.com\/wp-content\/uploads\/2014\/01\/Durchlauf-13-280x210.jpg 280w, https:\/\/zauggag.com\/wp-content\/uploads\/2014\/01\/Durchlauf-13-560x420.jpg 560w\" loading=\"eager\" style=\"--ratio: 280 \/ 210\" sizes=\"(max-width: 280px) 100vw, 280px\" alt=\"\" width=\"280\" height=\"210\"  \/><\/a>\t<\/figure>\n<\/article>\n\n<\/div>[\/vc_column][\/vc_row]<\/p>\n<\/div>","protected":false},"excerpt":{"rendered":"<p>[vc_row margin_bottom=\u00a0\u00bb40&Prime;][vc_column width=\u00a0\u00bb1\/2&Prime;][vc_column_text] Nous interpr\u00e9tons la norme avec plus de rigueur [\/vc_column_text][vc_empty_space height=\u00a0\u00bb40px\u00a0\u00bb][vc_column_text]La norme phytosanitaire NIMP 15 destin\u00e9e \u00e0 apporter une parade au risque de diss\u00e9mination d\u2019organismes nuisibles a \u00e9t\u00e9 ratifi\u00e9e par presque tous les pays du monde. Mais norme ou pas, chaque pays en fait sa propre interpr\u00e9tation. Les autorit\u00e9s douani\u00e8res chinoises par exemple&hellip;<\/p>\n","protected":false},"author":2,"featured_media":0,"parent":19700,"menu_order":0,"comment_status":"closed","ping_status":"closed","template":"","meta":{"footnotes":""},"class_list":["post-19766","page","type-page","status-publish","hentry","description-off"],"_links":{"self":[{"href":"https:\/\/zauggag.com\/fr\/wp-json\/wp\/v2\/pages\/19766","targetHints":{"allow":["GET"]}}],"collection":[{"href":"https:\/\/zauggag.com\/fr\/wp-json\/wp\/v2\/pages"}],"about":[{"href":"https:\/\/zauggag.com\/fr\/wp-json\/wp\/v2\/types\/page"}],"author":[{"embeddable":true,"href":"https:\/\/zauggag.com\/fr\/wp-json\/wp\/v2\/users\/2"}],"replies":[{"embeddable":true,"href":"https:\/\/zauggag.com\/fr\/wp-json\/wp\/v2\/comments?post=19766"}],"version-history":[{"count":2,"href":"https:\/\/zauggag.com\/fr\/wp-json\/wp\/v2\/pages\/19766\/revisions"}],"predecessor-version":[{"id":20028,"href":"https:\/\/zauggag.com\/fr\/wp-json\/wp\/v2\/pages\/19766\/revisions\/20028"}],"up":[{"embeddable":true,"href":"https:\/\/zauggag.com\/fr\/wp-json\/wp\/v2\/pages\/19700"}],"wp:attachment":[{"href":"https:\/\/zauggag.com\/fr\/wp-json\/wp\/v2\/media?parent=19766"}],"curies":[{"name":"wp","href":"https:\/\/api.w.org\/{rel}","templated":true}]}}