{"id":19775,"date":"2014-01-12T14:25:48","date_gmt":"2014-01-12T12:25:48","guid":{"rendered":"https:\/\/zauggag.com\/verpackungsmaterial\/kartonagen\/"},"modified":"2017-04-15T16:58:54","modified_gmt":"2017-04-15T16:58:54","slug":"kartonagen","status":"publish","type":"page","link":"https:\/\/zauggag.com\/fr\/verpackungsmaterial\/kartonagen\/","title":{"rendered":"Carton"},"content":{"rendered":"<div class=\"wpb-content-wrapper\"><p>[vc_row margin_bottom=\u00a0\u00bb40&Prime;][vc_column width=\u00a0\u00bb1\/2&Prime;][vc_column_text]<\/p>\n<h3>Il y a carton et carton<\/h3>\n<p>[\/vc_column_text][vc_empty_space height=\u00a0\u00bb40px\u00a0\u00bb][vc_column_text]Nos collaborateurs connaissent toutes les qualit\u00e9s de carton. Ils peuvent donc vous dire s\u2019il vaut mieux emballer votre marchandise dans un carton \u00e0 cannelure simple, double ou triple. Ils savent aussi si l\u2019emballage doit \u00eatre garni ou pas.<\/p>\n<p>Si vous pr\u00e9f\u00e9rez, achetez sans tarder une capacit\u00e9 annuelle et entreposez les emballages chez nous. Nous g\u00e9rons votre mat\u00e9riel d\u2019emballage et vous envoyons la quantit\u00e9 pr\u00e9par\u00e9e selon vos besoins. Nous r\u00e9alisons en outre des lots de grandeur adapt\u00e9e \u00e0 vos besoins (quantit\u00e9 par palette) ou la forme d\u2019empilage qui vous convient.<\/p>\n<p>Pour les grandes quantit\u00e9s ou les mat\u00e9riaux lourds, nous vous conseillons des emballages ext\u00e9rieurs en bois ou dans d\u2019autres mat\u00e9riaux. Nous \u00e9laborerons volontiers pour vous une solution globale qui r\u00e9ponde \u00e0 tous vos besoins.[\/vc_column_text][\/vc_column][vc_column width=\u00a0\u00bb1\/2&Prime;][\/vc_column][\/vc_row][vc_row type=\u00a0\u00bb2&Prime; margin_top=\u00a0\u00bb40&Prime; margin_bottom=\u00a0\u00bb70&Prime; padding_top=\u00a0\u00bb40&Prime; padding_bottom=\u00a0\u00bb40&Prime; css=\u00a0\u00bb.vc_custom_1491232859528{margin-bottom: 0px !important;}\u00a0\u00bb][vc_column]<div class=\"dt-photos-shortcode slider-wrapper owl-carousel dt-owl-carousel-init  shortcode-instagram dt-gallery-container arrows-light enable-mobile-arrows\" data-padding-side=\"20\" data-autoslide=\"true\" data-delay=\"3000\" data-loop=\"false\" data-arrows=\"true\">\n<article class=\"post post-20227 attachment type-attachment status-inherit hentry no-img description-off\">\n\n\t<figure class=\"rollover-project links-hovers-disabled\">\n\t<a href=\"https:\/\/zauggag.com\/wp-content\/uploads\/2014\/01\/Durchlauf-01.jpg\" class=\"rollover rollover-zoom dt-pswp-item layzr-bg\" title=\"Durchlauf-01\" data-dt-img-description=\"\"  data-large_image_width=\"1800\" data-large_image_height = \"1192\" ><img fetchpriority=\"high\" decoding=\"async\" class=\"preload-me lazy-load aspect\" src=\"data:image\/svg+xml,%3Csvg%20xmlns%3D&#39;http%3A%2F%2Fwww.w3.org%2F2000%2Fsvg&#39;%20viewBox%3D&#39;0%200%20317%20210&#39;%2F%3E\" data-src=\"https:\/\/zauggag.com\/wp-content\/uploads\/2014\/01\/Durchlauf-01-317x210.jpg\" data-srcset=\"https:\/\/zauggag.com\/wp-content\/uploads\/2014\/01\/Durchlauf-01-317x210.jpg 317w, https:\/\/zauggag.com\/wp-content\/uploads\/2014\/01\/Durchlauf-01-634x420.jpg 634w\" loading=\"eager\" style=\"--ratio: 317 \/ 210\" sizes=\"(max-width: 317px) 100vw, 317px\" alt=\"\" width=\"317\" height=\"210\"  \/><\/a>\t<\/figure>\n<\/article>\n\n\n<article class=\"post post-20230 attachment type-attachment status-inherit hentry no-img description-off\">\n\n\t<figure class=\"rollover-project links-hovers-disabled\">\n\t<a href=\"https:\/\/zauggag.com\/wp-content\/uploads\/2014\/01\/Durchlauf-02.jpg\" class=\"rollover rollover-zoom dt-pswp-item layzr-bg\" title=\"Durchlauf-02\" data-dt-img-description=\"\"  data-large_image_width=\"1800\" data-large_image_height = \"1192\" ><img decoding=\"async\" class=\"preload-me lazy-load aspect\" src=\"data:image\/svg+xml,%3Csvg%20xmlns%3D&#39;http%3A%2F%2Fwww.w3.org%2F2000%2Fsvg&#39;%20viewBox%3D&#39;0%200%20317%20210&#39;%2F%3E\" data-src=\"https:\/\/zauggag.com\/wp-content\/uploads\/2014\/01\/Durchlauf-02-317x210.jpg\" data-srcset=\"https:\/\/zauggag.com\/wp-content\/uploads\/2014\/01\/Durchlauf-02-317x210.jpg 317w, https:\/\/zauggag.com\/wp-content\/uploads\/2014\/01\/Durchlauf-02-634x420.jpg 634w\" loading=\"eager\" style=\"--ratio: 317 \/ 210\" sizes=\"(max-width: 317px) 100vw, 317px\" alt=\"\" width=\"317\" height=\"210\"  \/><\/a>\t<\/figure>\n<\/article>\n\n\n<article class=\"post post-20233 attachment type-attachment status-inherit hentry no-img description-off\">\n\n\t<figure class=\"rollover-project links-hovers-disabled\">\n\t<a href=\"https:\/\/zauggag.com\/wp-content\/uploads\/2014\/01\/Durchlauf-04.jpg\" class=\"rollover rollover-zoom dt-pswp-item layzr-bg\" title=\"Durchlauf-04\" data-dt-img-description=\"\"  data-large_image_width=\"1800\" data-large_image_height = \"1350\" ><img decoding=\"async\" class=\"preload-me lazy-load aspect\" src=\"data:image\/svg+xml,%3Csvg%20xmlns%3D&#39;http%3A%2F%2Fwww.w3.org%2F2000%2Fsvg&#39;%20viewBox%3D&#39;0%200%20280%20210&#39;%2F%3E\" data-src=\"https:\/\/zauggag.com\/wp-content\/uploads\/2014\/01\/Durchlauf-04-280x210.jpg\" data-srcset=\"https:\/\/zauggag.com\/wp-content\/uploads\/2014\/01\/Durchlauf-04-280x210.jpg 280w, https:\/\/zauggag.com\/wp-content\/uploads\/2014\/01\/Durchlauf-04-560x420.jpg 560w\" loading=\"eager\" style=\"--ratio: 280 \/ 210\" sizes=\"(max-width: 280px) 100vw, 280px\" alt=\"\" width=\"280\" height=\"210\"  \/><\/a>\t<\/figure>\n<\/article>\n\n\n<article class=\"post post-20236 attachment type-attachment status-inherit hentry no-img description-off\">\n\n\t<figure class=\"rollover-project links-hovers-disabled\">\n\t<a href=\"https:\/\/zauggag.com\/wp-content\/uploads\/2014\/01\/Durchlauf-05.jpg\" class=\"rollover rollover-zoom dt-pswp-item layzr-bg\" title=\"Durchlauf-05\" data-dt-img-description=\"\"  data-large_image_width=\"1800\" data-large_image_height = \"1350\" ><img decoding=\"async\" class=\"preload-me lazy-load aspect\" src=\"data:image\/svg+xml,%3Csvg%20xmlns%3D&#39;http%3A%2F%2Fwww.w3.org%2F2000%2Fsvg&#39;%20viewBox%3D&#39;0%200%20280%20210&#39;%2F%3E\" data-src=\"https:\/\/zauggag.com\/wp-content\/uploads\/2014\/01\/Durchlauf-05-280x210.jpg\" data-srcset=\"https:\/\/zauggag.com\/wp-content\/uploads\/2014\/01\/Durchlauf-05-280x210.jpg 280w, https:\/\/zauggag.com\/wp-content\/uploads\/2014\/01\/Durchlauf-05-560x420.jpg 560w\" loading=\"eager\" style=\"--ratio: 280 \/ 210\" sizes=\"(max-width: 280px) 100vw, 280px\" alt=\"\" width=\"280\" height=\"210\"  \/><\/a>\t<\/figure>\n<\/article>\n\n\n<article class=\"post post-20239 attachment type-attachment status-inherit hentry no-img description-off\">\n\n\t<figure class=\"rollover-project links-hovers-disabled\">\n\t<a href=\"https:\/\/zauggag.com\/wp-content\/uploads\/2014\/01\/Durchlauf-06.jpg\" class=\"rollover rollover-zoom dt-pswp-item layzr-bg\" title=\"Durchlauf-06\" data-dt-img-description=\"\"  data-large_image_width=\"1800\" data-large_image_height = \"1350\" ><img decoding=\"async\" class=\"preload-me lazy-load aspect\" src=\"data:image\/svg+xml,%3Csvg%20xmlns%3D&#39;http%3A%2F%2Fwww.w3.org%2F2000%2Fsvg&#39;%20viewBox%3D&#39;0%200%20280%20210&#39;%2F%3E\" data-src=\"https:\/\/zauggag.com\/wp-content\/uploads\/2014\/01\/Durchlauf-06-280x210.jpg\" data-srcset=\"https:\/\/zauggag.com\/wp-content\/uploads\/2014\/01\/Durchlauf-06-280x210.jpg 280w, https:\/\/zauggag.com\/wp-content\/uploads\/2014\/01\/Durchlauf-06-560x420.jpg 560w\" loading=\"eager\" style=\"--ratio: 280 \/ 210\" sizes=\"(max-width: 280px) 100vw, 280px\" alt=\"\" width=\"280\" height=\"210\"  \/><\/a>\t<\/figure>\n<\/article>\n\n\n<article class=\"post post-20242 attachment type-attachment status-inherit hentry no-img description-off\">\n\n\t<figure class=\"rollover-project links-hovers-disabled\">\n\t<a href=\"https:\/\/zauggag.com\/wp-content\/uploads\/2014\/01\/Durchlauf-07.jpg\" class=\"rollover rollover-zoom dt-pswp-item layzr-bg\" title=\"Durchlauf-07\" data-dt-img-description=\"\"  data-large_image_width=\"1800\" data-large_image_height = \"1350\" ><img decoding=\"async\" class=\"preload-me lazy-load aspect\" src=\"data:image\/svg+xml,%3Csvg%20xmlns%3D&#39;http%3A%2F%2Fwww.w3.org%2F2000%2Fsvg&#39;%20viewBox%3D&#39;0%200%20280%20210&#39;%2F%3E\" data-src=\"https:\/\/zauggag.com\/wp-content\/uploads\/2014\/01\/Durchlauf-07-280x210.jpg\" data-srcset=\"https:\/\/zauggag.com\/wp-content\/uploads\/2014\/01\/Durchlauf-07-280x210.jpg 280w, https:\/\/zauggag.com\/wp-content\/uploads\/2014\/01\/Durchlauf-07-560x420.jpg 560w\" loading=\"eager\" style=\"--ratio: 280 \/ 210\" sizes=\"(max-width: 280px) 100vw, 280px\" alt=\"\" width=\"280\" height=\"210\"  \/><\/a>\t<\/figure>\n<\/article>\n\n\n<article class=\"post post-20245 attachment type-attachment status-inherit hentry no-img description-off\">\n\n\t<figure class=\"rollover-project links-hovers-disabled\">\n\t<a href=\"https:\/\/zauggag.com\/wp-content\/uploads\/2014\/01\/Durchlauf-08.jpg\" class=\"rollover rollover-zoom dt-pswp-item layzr-bg\" title=\"Durchlauf-08\" data-dt-img-description=\"\"  data-large_image_width=\"1800\" data-large_image_height = \"1350\" ><img decoding=\"async\" class=\"preload-me lazy-load aspect\" src=\"data:image\/svg+xml,%3Csvg%20xmlns%3D&#39;http%3A%2F%2Fwww.w3.org%2F2000%2Fsvg&#39;%20viewBox%3D&#39;0%200%20280%20210&#39;%2F%3E\" data-src=\"https:\/\/zauggag.com\/wp-content\/uploads\/2014\/01\/Durchlauf-08-280x210.jpg\" data-srcset=\"https:\/\/zauggag.com\/wp-content\/uploads\/2014\/01\/Durchlauf-08-280x210.jpg 280w, https:\/\/zauggag.com\/wp-content\/uploads\/2014\/01\/Durchlauf-08-560x420.jpg 560w\" loading=\"eager\" style=\"--ratio: 280 \/ 210\" sizes=\"(max-width: 280px) 100vw, 280px\" alt=\"\" width=\"280\" height=\"210\"  \/><\/a>\t<\/figure>\n<\/article>\n\n\n<article class=\"post post-20248 attachment type-attachment status-inherit hentry no-img description-off\">\n\n\t<figure class=\"rollover-project links-hovers-disabled\">\n\t<a href=\"https:\/\/zauggag.com\/wp-content\/uploads\/2014\/01\/Durchlauf-09.jpg\" class=\"rollover rollover-zoom dt-pswp-item layzr-bg\" title=\"Durchlauf-09\" data-dt-img-description=\"\"  data-large_image_width=\"1800\" data-large_image_height = \"1350\" ><img decoding=\"async\" class=\"preload-me lazy-load aspect\" src=\"data:image\/svg+xml,%3Csvg%20xmlns%3D&#39;http%3A%2F%2Fwww.w3.org%2F2000%2Fsvg&#39;%20viewBox%3D&#39;0%200%20280%20210&#39;%2F%3E\" data-src=\"https:\/\/zauggag.com\/wp-content\/uploads\/2014\/01\/Durchlauf-09-280x210.jpg\" data-srcset=\"https:\/\/zauggag.com\/wp-content\/uploads\/2014\/01\/Durchlauf-09-280x210.jpg 280w, https:\/\/zauggag.com\/wp-content\/uploads\/2014\/01\/Durchlauf-09-560x420.jpg 560w\" loading=\"eager\" style=\"--ratio: 280 \/ 210\" sizes=\"(max-width: 280px) 100vw, 280px\" alt=\"\" width=\"280\" height=\"210\"  \/><\/a>\t<\/figure>\n<\/article>\n\n\n<article class=\"post post-20251 attachment type-attachment status-inherit hentry no-img description-off\">\n\n\t<figure class=\"rollover-project links-hovers-disabled\">\n\t<a href=\"https:\/\/zauggag.com\/wp-content\/uploads\/2014\/01\/Durchlauf-10.jpg\" class=\"rollover rollover-zoom dt-pswp-item layzr-bg\" title=\"Durchlauf-10\" data-dt-img-description=\"\"  data-large_image_width=\"1800\" data-large_image_height = \"1350\" ><img decoding=\"async\" class=\"preload-me lazy-load aspect\" src=\"data:image\/svg+xml,%3Csvg%20xmlns%3D&#39;http%3A%2F%2Fwww.w3.org%2F2000%2Fsvg&#39;%20viewBox%3D&#39;0%200%20280%20210&#39;%2F%3E\" data-src=\"https:\/\/zauggag.com\/wp-content\/uploads\/2014\/01\/Durchlauf-10-280x210.jpg\" data-srcset=\"https:\/\/zauggag.com\/wp-content\/uploads\/2014\/01\/Durchlauf-10-280x210.jpg 280w, https:\/\/zauggag.com\/wp-content\/uploads\/2014\/01\/Durchlauf-10-560x420.jpg 560w\" loading=\"eager\" style=\"--ratio: 280 \/ 210\" sizes=\"(max-width: 280px) 100vw, 280px\" alt=\"\" width=\"280\" height=\"210\"  \/><\/a>\t<\/figure>\n<\/article>\n\n\n<article class=\"post post-20254 attachment type-attachment status-inherit hentry no-img description-off\">\n\n\t<figure class=\"rollover-project links-hovers-disabled\">\n\t<a href=\"https:\/\/zauggag.com\/wp-content\/uploads\/2014\/01\/Durchlauf-11.jpg\" class=\"rollover rollover-zoom dt-pswp-item layzr-bg\" title=\"Durchlauf-11\" data-dt-img-description=\"\"  data-large_image_width=\"1800\" data-large_image_height = \"1350\" ><img decoding=\"async\" class=\"preload-me lazy-load aspect\" src=\"data:image\/svg+xml,%3Csvg%20xmlns%3D&#39;http%3A%2F%2Fwww.w3.org%2F2000%2Fsvg&#39;%20viewBox%3D&#39;0%200%20280%20210&#39;%2F%3E\" data-src=\"https:\/\/zauggag.com\/wp-content\/uploads\/2014\/01\/Durchlauf-11-280x210.jpg\" data-srcset=\"https:\/\/zauggag.com\/wp-content\/uploads\/2014\/01\/Durchlauf-11-280x210.jpg 280w, https:\/\/zauggag.com\/wp-content\/uploads\/2014\/01\/Durchlauf-11-560x420.jpg 560w\" loading=\"eager\" style=\"--ratio: 280 \/ 210\" sizes=\"(max-width: 280px) 100vw, 280px\" alt=\"\" width=\"280\" height=\"210\"  \/><\/a>\t<\/figure>\n<\/article>\n\n\n<article class=\"post post-20257 attachment type-attachment status-inherit hentry no-img description-off\">\n\n\t<figure class=\"rollover-project links-hovers-disabled\">\n\t<a href=\"https:\/\/zauggag.com\/wp-content\/uploads\/2014\/01\/Durchlauf-12.jpg\" class=\"rollover rollover-zoom dt-pswp-item layzr-bg\" title=\"Durchlauf-12\" data-dt-img-description=\"\"  data-large_image_width=\"1800\" data-large_image_height = \"1350\" ><img decoding=\"async\" class=\"preload-me lazy-load aspect\" src=\"data:image\/svg+xml,%3Csvg%20xmlns%3D&#39;http%3A%2F%2Fwww.w3.org%2F2000%2Fsvg&#39;%20viewBox%3D&#39;0%200%20280%20210&#39;%2F%3E\" data-src=\"https:\/\/zauggag.com\/wp-content\/uploads\/2014\/01\/Durchlauf-12-280x210.jpg\" data-srcset=\"https:\/\/zauggag.com\/wp-content\/uploads\/2014\/01\/Durchlauf-12-280x210.jpg 280w, https:\/\/zauggag.com\/wp-content\/uploads\/2014\/01\/Durchlauf-12-560x420.jpg 560w\" loading=\"eager\" style=\"--ratio: 280 \/ 210\" sizes=\"(max-width: 280px) 100vw, 280px\" alt=\"\" width=\"280\" height=\"210\"  \/><\/a>\t<\/figure>\n<\/article>\n\n\n<article class=\"post post-20260 attachment type-attachment status-inherit hentry no-img description-off\">\n\n\t<figure class=\"rollover-project links-hovers-disabled\">\n\t<a href=\"https:\/\/zauggag.com\/wp-content\/uploads\/2014\/01\/Durchlauf-13.jpg\" class=\"rollover rollover-zoom dt-pswp-item layzr-bg\" title=\"Durchlauf-13\" data-dt-img-description=\"\"  data-large_image_width=\"1800\" data-large_image_height = \"1350\" ><img decoding=\"async\" class=\"preload-me lazy-load aspect\" src=\"data:image\/svg+xml,%3Csvg%20xmlns%3D&#39;http%3A%2F%2Fwww.w3.org%2F2000%2Fsvg&#39;%20viewBox%3D&#39;0%200%20280%20210&#39;%2F%3E\" data-src=\"https:\/\/zauggag.com\/wp-content\/uploads\/2014\/01\/Durchlauf-13-280x210.jpg\" data-srcset=\"https:\/\/zauggag.com\/wp-content\/uploads\/2014\/01\/Durchlauf-13-280x210.jpg 280w, https:\/\/zauggag.com\/wp-content\/uploads\/2014\/01\/Durchlauf-13-560x420.jpg 560w\" loading=\"eager\" style=\"--ratio: 280 \/ 210\" sizes=\"(max-width: 280px) 100vw, 280px\" alt=\"\" width=\"280\" height=\"210\"  \/><\/a>\t<\/figure>\n<\/article>\n\n<\/div>[\/vc_column][\/vc_row]<\/p>\n<\/div>","protected":false},"excerpt":{"rendered":"<p>[vc_row margin_bottom=\u00a0\u00bb40&Prime;][vc_column width=\u00a0\u00bb1\/2&Prime;][vc_column_text] Il y a carton et carton [\/vc_column_text][vc_empty_space height=\u00a0\u00bb40px\u00a0\u00bb][vc_column_text]Nos collaborateurs connaissent toutes les qualit\u00e9s de carton. Ils peuvent donc vous dire s\u2019il vaut mieux emballer votre marchandise dans un carton \u00e0 cannelure simple, double ou triple. Ils savent aussi si l\u2019emballage doit \u00eatre garni ou pas. Si vous pr\u00e9f\u00e9rez, achetez sans tarder une&hellip;<\/p>\n","protected":false},"author":2,"featured_media":0,"parent":19708,"menu_order":0,"comment_status":"closed","ping_status":"open","template":"","meta":{"footnotes":""},"class_list":["post-19775","page","type-page","status-publish","hentry","description-off"],"_links":{"self":[{"href":"https:\/\/zauggag.com\/fr\/wp-json\/wp\/v2\/pages\/19775","targetHints":{"allow":["GET"]}}],"collection":[{"href":"https:\/\/zauggag.com\/fr\/wp-json\/wp\/v2\/pages"}],"about":[{"href":"https:\/\/zauggag.com\/fr\/wp-json\/wp\/v2\/types\/page"}],"author":[{"embeddable":true,"href":"https:\/\/zauggag.com\/fr\/wp-json\/wp\/v2\/users\/2"}],"replies":[{"embeddable":true,"href":"https:\/\/zauggag.com\/fr\/wp-json\/wp\/v2\/comments?post=19775"}],"version-history":[{"count":3,"href":"https:\/\/zauggag.com\/fr\/wp-json\/wp\/v2\/pages\/19775\/revisions"}],"predecessor-version":[{"id":20029,"href":"https:\/\/zauggag.com\/fr\/wp-json\/wp\/v2\/pages\/19775\/revisions\/20029"}],"up":[{"embeddable":true,"href":"https:\/\/zauggag.com\/fr\/wp-json\/wp\/v2\/pages\/19708"}],"wp:attachment":[{"href":"https:\/\/zauggag.com\/fr\/wp-json\/wp\/v2\/media?parent=19775"}],"curies":[{"name":"wp","href":"https:\/\/api.w.org\/{rel}","templated":true}]}}