{"id":19786,"date":"2014-01-12T14:32:48","date_gmt":"2014-01-12T12:32:48","guid":{"rendered":"https:\/\/zauggag.com\/verpackungsmaterial\/sperrholzkisten\/"},"modified":"2018-11-05T15:59:59","modified_gmt":"2018-11-05T15:59:59","slug":"sperrholzkisten","status":"publish","type":"page","link":"https:\/\/zauggag.com\/fr\/verpackungsmaterial\/sperrholzkisten\/","title":{"rendered":"Bo\u00eetes en contreplaqu\u00e9"},"content":{"rendered":"<div class=\"wpb-content-wrapper\"><p>[vc_row margin_bottom=\u00a0\u00bb40&Prime;][vc_column width=\u00a0\u00bb1\/2&Prime;][vc_column_text]<\/p>\n<h3>Les caisses pliables en contreplaqu\u00e9 sont pratiques<\/h3>\n<p>[\/vc_column_text][vc_empty_space height=\u00a0\u00bb40px\u00a0\u00bb][vc_column_text]Nos caisses en contreplaqu\u00e9 avec cadre en m\u00e9tal l\u00e9ger sont con\u00e7ues comme des emballages \u00e0 usage unique mais peuvent resservir plusieurs fois sans probl\u00e8me. L\u2019aspect pratique de ces caisses est qu\u2019elles sont pliables et peuvent \u00eatre entrepos\u00e9es sans occuper trop de place.<\/p>\n<p>Leur montage est aussi un jeu d\u2019enfant. Les caisses se composent de trois parties distinctes (couvercle, fond et cadre pliable) que l\u2019on fixe ensemble avec des lames de verrouillage. Le montage et le d\u00e9montage se font sans outils et surtout sans longue manipulation.[\/vc_column_text][\/vc_column][vc_column width=\u00a0\u00bb1\/2&Prime;][vc_column_text]<\/p>\n<div class=\"wpb_text_column wpb_content_element \">\n<div class=\"wpb_wrapper\">\n<h3>Les formats suivants sont disponibles sur stock<\/h3>\n<\/div>\n<\/div>\n<p>[\/vc_column_text][vc_empty_space height=\u00a0\u00bb40px\u00a0\u00bb]<div class=\"standard-arrow list-divider bullet-top\"><ul>\n<li>Art.-No.: 05020\u00a0\u00a0\u00a0\u00a0 580 x 380 x 380 mm (dimensions internes)<\/li>\n<li>Art.-No.: 05030\u00a0\u00a0\u00a0\u00a0 780 x 580 x 590 mm (dimensions internes)<\/li>\n<li>Art.-No.: 05050\u00a0\u00a0\u00a0\u00a0 980 x 580 x 590 mm (dimensions internes)<\/li>\n<li>Art.-No.: 05070\u00a0\u00a0 1180 x 780 x 360 mm (dimensions internes)<\/li>\n<li>Art.-No.: 05071\u00a0\u00a0 1180 x 780 x 520 mm (dimensions internes)<\/li>\n<li>Art.-No.: 05072\u00a0\u00a0 1180 x 780 x 650 mm (dimensions internes)<\/li>\n<li>Art.-No.: 05073\u00a0\u00a0 1180 x 780 x 790 mm (dimensions internes)<\/li>\n<li>Art. No.: 05074\u00a0\u00a0 1180 x 780 x 980 mm (dimensions internes)<\/li>\n<\/ul>\n<\/div>[vc_empty_space height=\u00a0\u00bb40px\u00a0\u00bb][vc_message color=\u00a0\u00bbalert-info\u00a0\u00bb message_box_color=\u00a0\u00bbalert-info\u00a0\u00bb icon_type=\u00a0\u00bbpixelicons\u00a0\u00bb icon_pixelicons=\u00a0\u00bbvc_pixel_icon vc_pixel_icon-info\u00a0\u00bb]D\u2019autres tailles et mod\u00e8les peuvent \u00eatre propos\u00e9s sur demande.[\/vc_message][vc_empty_space height=\u00a0\u00bb20px\u00a0\u00bb]<form class=\"dt-contact-form dt-form\" method=\"post\"><input type=\"hidden\" name=\"widget_id\" value=\"presscore-contact-form-widget--1\" \/><input type=\"hidden\" name=\"send_message\" value=\"\" \/><input type=\"hidden\" name=\"security_token\" value=\"71268f380cd8bf3ce453\"\/><div class=\"form-fields\"><span class=\"form-name\"><label class=\"assistive-text\">Nom *<\/label><input type=\"text\" class=\"validate[required]\" placeholder=\"Nom *\" name=\"name\" value=\"\" aria-required=\"true\">\n<\/span><span class=\"form-mail\"><label class=\"assistive-text\">E-mail *<\/label><input type=\"text\" class=\"validate[required,custom[email]]\" placeholder=\"E-mail *\" name=\"email\" value=\"\" aria-required=\"true\">\n<\/span><span class=\"form-telephone\"><label class=\"assistive-text\">T\u00e9l\u00e9phone<\/label><input type=\"text\" placeholder=\"T\u00e9l\u00e9phone\" name=\"telephone\" value=\"\" aria-required=\"false\">\n<\/span><\/div><span class=\"form-message\"><label class=\"assistive-text\">Message *<\/label><textarea class=\"validate[required]\" placeholder=\"Message *\" name=\"message\" rows=\"6\" aria-required=\"true\"><\/textarea>\n<\/span><p><a href=\"#\" class=\"dt-btn dt-btn-m dt-btn-submit\" rel=\"nofollow\"><span>send<\/span><\/a><input class=\"assistive-text\" type=\"submit\" value=\"envoyer\"><\/p><\/form>\n[\/vc_column][\/vc_row][vc_row type=\u00a0\u00bb2&Prime; margin_top=\u00a0\u00bb40&Prime; margin_bottom=\u00a0\u00bb70&Prime; padding_top=\u00a0\u00bb40&Prime; padding_bottom=\u00a0\u00bb40&Prime; css=\u00a0\u00bb.vc_custom_1491233562102{margin-bottom: 0px !important;}\u00a0\u00bb][vc_column][\/vc_column][\/vc_row]<\/p>\n<\/div>","protected":false},"excerpt":{"rendered":"<p>[vc_row margin_bottom=\u00a0\u00bb40&Prime;][vc_column width=\u00a0\u00bb1\/2&Prime;][vc_column_text] Les caisses pliables en contreplaqu\u00e9 sont pratiques [\/vc_column_text][vc_empty_space height=\u00a0\u00bb40px\u00a0\u00bb][vc_column_text]Nos caisses en contreplaqu\u00e9 avec cadre en m\u00e9tal l\u00e9ger sont con\u00e7ues comme des emballages \u00e0 usage unique mais peuvent resservir plusieurs fois sans probl\u00e8me. L\u2019aspect pratique de ces caisses est qu\u2019elles sont pliables et peuvent \u00eatre entrepos\u00e9es sans occuper trop de place. Leur montage&hellip;<\/p>\n","protected":false},"author":2,"featured_media":0,"parent":19708,"menu_order":0,"comment_status":"closed","ping_status":"closed","template":"","meta":{"footnotes":""},"class_list":["post-19786","page","type-page","status-publish","hentry","description-off"],"_links":{"self":[{"href":"https:\/\/zauggag.com\/fr\/wp-json\/wp\/v2\/pages\/19786","targetHints":{"allow":["GET"]}}],"collection":[{"href":"https:\/\/zauggag.com\/fr\/wp-json\/wp\/v2\/pages"}],"about":[{"href":"https:\/\/zauggag.com\/fr\/wp-json\/wp\/v2\/types\/page"}],"author":[{"embeddable":true,"href":"https:\/\/zauggag.com\/fr\/wp-json\/wp\/v2\/users\/2"}],"replies":[{"embeddable":true,"href":"https:\/\/zauggag.com\/fr\/wp-json\/wp\/v2\/comments?post=19786"}],"version-history":[{"count":2,"href":"https:\/\/zauggag.com\/fr\/wp-json\/wp\/v2\/pages\/19786\/revisions"}],"predecessor-version":[{"id":20434,"href":"https:\/\/zauggag.com\/fr\/wp-json\/wp\/v2\/pages\/19786\/revisions\/20434"}],"up":[{"embeddable":true,"href":"https:\/\/zauggag.com\/fr\/wp-json\/wp\/v2\/pages\/19708"}],"wp:attachment":[{"href":"https:\/\/zauggag.com\/fr\/wp-json\/wp\/v2\/media?parent=19786"}],"curies":[{"name":"wp","href":"https:\/\/api.w.org\/{rel}","templated":true}]}}