{"id":19795,"date":"2014-01-12T14:40:14","date_gmt":"2014-01-12T12:40:14","guid":{"rendered":"https:\/\/zauggag.com\/verpackungsmaterial\/fill-pac\/"},"modified":"2017-04-15T00:15:47","modified_gmt":"2017-04-15T00:15:47","slug":"fill-pac","status":"publish","type":"page","link":"https:\/\/zauggag.com\/fr\/verpackungsmaterial\/fill-pac\/","title":{"rendered":"FILL-PAC"},"content":{"rendered":"<div class=\"wpb-content-wrapper\"><p>[vc_row margin_bottom=\u00a0\u00bb40&Prime;][vc_column width=\u00a0\u00bb1\/2&Prime;][vc_column_text]<\/p>\n<h3>Ne casse pas, ne br\u00fble pas<\/h3>\n<p>[\/vc_column_text][vc_empty_space height=\u00a0\u00bb40px\u00a0\u00bb][vc_column_text]Pour les garnitures, nous conseillons le Fill-Pac. Le Fill-Pac est constitu\u00e9 de bandes de polystyr\u00e8ne fabriqu\u00e9 \u00e0 base d\u2019hydrog\u00e8ne chimiquement neutre. Contrairement aux chips de polystyr\u00e8ne ordinaires, Fill-Pac ne se brise pas et est tr\u00e8s difficilement inflammable. Il ne produit pas de poussi\u00e8re et repousse efficacement l\u2019eau. C\u2019est donc un mat\u00e9riau de garniture id\u00e9al pour le transport de produits en tout genre.<\/p>\n<p>Une fois plac\u00e9 dans l\u2019emballage, les bandes de polystyr\u00e8ne Fill-Pac s\u2019entrelacent, \u00e9vitant que la marchandise ne s\u2019affaisse. Une protection maximale est ainsi assur\u00e9e. En variant la quantit\u00e9 dans l\u2019emballage, on adapte la fermet\u00e9 du rembourrage au poids du produit \u00e0 transporter.<\/p>\n<p>Plus rien de grave ne peut arriver \u00e0 pr\u00e9sent, sauf si vous \u00eates \u00e0 court de Fill-Pac. Dans ce cas, appelez-nous et commandez de nouveaux sacs qui contiennent 0,5 m3, soit un poids de 8 kg.[\/vc_column_text][vc_empty_space height=\u00a0\u00bb20px\u00a0\u00bb][vc_message color=\u00a0\u00bbalert-info\u00a0\u00bb message_box_color=\u00a0\u00bbalert-info\u00a0\u00bb icon_type=\u00a0\u00bbpixelicons\u00a0\u00bb icon_pixelicons=\u00a0\u00bbvc_pixel_icon vc_pixel_icon-info\u00a0\u00bb]Livraison en bandes courtes, emball\u00e9s dans des sacs\u00a0avec environ 0,5 m\u00b3 de volume, le poids par sac sur 8 kg[\/vc_message][vc_empty_space height=\u00a0\u00bb20px\u00a0\u00bb]<form class=\"dt-contact-form dt-form\" method=\"post\"><input type=\"hidden\" name=\"widget_id\" value=\"presscore-contact-form-widget--1\" \/><input type=\"hidden\" name=\"send_message\" value=\"\" \/><input type=\"hidden\" name=\"security_token\" value=\"71268f380cd8bf3ce453\"\/><div class=\"form-fields\"><span class=\"form-name\"><label class=\"assistive-text\">Nom *<\/label><input type=\"text\" class=\"validate[required]\" placeholder=\"Nom *\" name=\"name\" value=\"\" aria-required=\"true\">\n<\/span><span class=\"form-mail\"><label class=\"assistive-text\">E-mail *<\/label><input type=\"text\" class=\"validate[required,custom[email]]\" placeholder=\"E-mail *\" name=\"email\" value=\"\" aria-required=\"true\">\n<\/span><span class=\"form-telephone\"><label class=\"assistive-text\">T\u00e9l\u00e9phone<\/label><input type=\"text\" placeholder=\"T\u00e9l\u00e9phone\" name=\"telephone\" value=\"\" aria-required=\"false\">\n<\/span><\/div><span class=\"form-message\"><label class=\"assistive-text\">Message *<\/label><textarea class=\"validate[required]\" placeholder=\"Message *\" name=\"message\" rows=\"6\" aria-required=\"true\"><\/textarea>\n<\/span><p><a href=\"#\" class=\"dt-btn dt-btn-m dt-btn-submit\" rel=\"nofollow\"><span>senden<\/span><\/a><input class=\"assistive-text\" type=\"submit\" value=\"envoyer\"><\/p><\/form>\n[\/vc_column][vc_column width=\u00a0\u00bb1\/2&Prime;][vc_column_text]<\/p>\n<h3>Aper\u00e7u de notre Full-Service:<\/h3>\n<p>[\/vc_column_text][vc_empty_space height=\u00a0\u00bb40px\u00a0\u00bb]<div class=\"standard-arrow list-divider bullet-top\"><ul>\n<li>Mati\u00e8re premi\u00e8re polystyr\u00e8ne = carbone pur, de l\u2019hydrog\u00e8ne chimiquement neutre<\/li>\n<li>Universellement applicable pour l\u2019exp\u00e9dition de vos produits<\/li>\n<li>Simple et \u00e9conomique<\/li>\n<li>Pas de poussi\u00e8re<\/li>\n<li>Aucune absorption d\u2019eau<\/li>\n<li>r\u00e9utilisables<i><\/i><\/li>\n<\/ul>\n<\/div>[\/vc_column][\/vc_row][vc_row type=\u00a0\u00bb2&Prime; margin_top=\u00a0\u00bb40&Prime; margin_bottom=\u00a0\u00bb70&Prime; padding_top=\u00a0\u00bb40&Prime; padding_bottom=\u00a0\u00bb40&Prime; css=\u00a0\u00bb.vc_custom_1491234479747{margin-bottom: 0px !important;}\u00a0\u00bb][vc_column][\/vc_column][\/vc_row]<\/p>\n<\/div>","protected":false},"excerpt":{"rendered":"<p>[vc_row margin_bottom=\u00a0\u00bb40&Prime;][vc_column width=\u00a0\u00bb1\/2&Prime;][vc_column_text] Ne casse pas, ne br\u00fble pas [\/vc_column_text][vc_empty_space height=\u00a0\u00bb40px\u00a0\u00bb][vc_column_text]Pour les garnitures, nous conseillons le Fill-Pac. Le Fill-Pac est constitu\u00e9 de bandes de polystyr\u00e8ne fabriqu\u00e9 \u00e0 base d\u2019hydrog\u00e8ne chimiquement neutre. Contrairement aux chips de polystyr\u00e8ne ordinaires, Fill-Pac ne se brise pas et est tr\u00e8s difficilement inflammable. Il ne produit pas de poussi\u00e8re et repousse&hellip;<\/p>\n","protected":false},"author":2,"featured_media":0,"parent":19708,"menu_order":0,"comment_status":"closed","ping_status":"open","template":"","meta":{"footnotes":""},"class_list":["post-19795","page","type-page","status-publish","hentry","description-off"],"_links":{"self":[{"href":"https:\/\/zauggag.com\/fr\/wp-json\/wp\/v2\/pages\/19795","targetHints":{"allow":["GET"]}}],"collection":[{"href":"https:\/\/zauggag.com\/fr\/wp-json\/wp\/v2\/pages"}],"about":[{"href":"https:\/\/zauggag.com\/fr\/wp-json\/wp\/v2\/types\/page"}],"author":[{"embeddable":true,"href":"https:\/\/zauggag.com\/fr\/wp-json\/wp\/v2\/users\/2"}],"replies":[{"embeddable":true,"href":"https:\/\/zauggag.com\/fr\/wp-json\/wp\/v2\/comments?post=19795"}],"version-history":[{"count":1,"href":"https:\/\/zauggag.com\/fr\/wp-json\/wp\/v2\/pages\/19795\/revisions"}],"predecessor-version":[{"id":19798,"href":"https:\/\/zauggag.com\/fr\/wp-json\/wp\/v2\/pages\/19795\/revisions\/19798"}],"up":[{"embeddable":true,"href":"https:\/\/zauggag.com\/fr\/wp-json\/wp\/v2\/pages\/19708"}],"wp:attachment":[{"href":"https:\/\/zauggag.com\/fr\/wp-json\/wp\/v2\/media?parent=19795"}],"curies":[{"name":"wp","href":"https:\/\/api.w.org\/{rel}","templated":true}]}}