{"id":19805,"date":"2014-01-12T14:52:43","date_gmt":"2014-01-12T12:52:43","guid":{"rendered":"https:\/\/zauggag.com\/verpackungsmaterial\/rahmen\/"},"modified":"2017-04-15T00:21:29","modified_gmt":"2017-04-15T00:21:29","slug":"rahmen","status":"publish","type":"page","link":"https:\/\/zauggag.com\/fr\/verpackungsmaterial\/rahmen\/","title":{"rendered":"Cadre enclipsable et pliable"},"content":{"rendered":"<div class=\"wpb-content-wrapper\"><p>[vc_row][vc_column width=\u00a0\u00bb1\/2&Prime;][vc_column_text]<\/p>\n<h3>Cadre enclipsable et pliable \u00e0 r\u00e9utiliser<\/h3>\n<p>[\/vc_column_text][vc_empty_space height=\u00a0\u00bb40px\u00a0\u00bb][vc_column_text]Combin\u00e9s aux palettes et couvercles correspondants, nos cadres enclipsables forment un conteneur qui prot\u00e8ge parfaitement votre marchandise. Ils se plient en diagonal apr\u00e8s usage. Parfait pour un transport \u00e0 vide et un entreposage peu volumineux.<\/p>\n<p>Avec 21 mm d\u2019\u00e9paisseur, le bois pr\u00e9sente une longue dur\u00e9e de vie et peut \u00eatre r\u00e9utilis\u00e9 plusieurs fois. Cela pr\u00e9serve votre budget et notre environnement.<\/p>\n<p>Nos cadres aux dimensions standard sont trop petits pour votre marchandise? Alors nous en construirons un sur mesure. Nous conseillons toutefois cette solution pour les grandes quantit\u00e9s parce qu\u2019avant, nous avons d\u2019autres solutions qui conviennent mieux.[\/vc_column_text][\/vc_column][vc_column width=\u00a0\u00bb1\/2&Prime;]<div class=\"standard-arrow list-divider bullet-top\"><ul>\n<li>1\u2019200 x 1\u2019000 x 400 mm<\/li>\n<li><i><\/i>1\u2019200 x 1\u2019000 x 200 mm<\/li>\n<li><i><\/i>1\u2019200 x 800 x 400 mm<\/li>\n<li><i><\/i>1\u2019200 x 800 x 200 mm<\/li>\n<li><i><\/i>800 x 600 x 400 mm<\/li>\n<li><i><\/i>800 x 600 x 200 mm<i><\/i><\/li>\n<\/ul>\n<\/div>[\/vc_column][\/vc_row][vc_row type=\u00a0\u00bb2&Prime; margin_top=\u00a0\u00bb40&Prime; margin_bottom=\u00a0\u00bb70&Prime; padding_top=\u00a0\u00bb40&Prime; padding_bottom=\u00a0\u00bb40&Prime; css=\u00a0\u00bb.vc_custom_1491235222781{margin-bottom: 0px !important;}\u00a0\u00bb][vc_column][\/vc_column][\/vc_row]<\/p>\n<\/div>","protected":false},"excerpt":{"rendered":"<p>[vc_row][vc_column width=\u00a0\u00bb1\/2&Prime;][vc_column_text] Cadre enclipsable et pliable \u00e0 r\u00e9utiliser [\/vc_column_text][vc_empty_space height=\u00a0\u00bb40px\u00a0\u00bb][vc_column_text]Combin\u00e9s aux palettes et couvercles correspondants, nos cadres enclipsables forment un conteneur qui prot\u00e8ge parfaitement votre marchandise. Ils se plient en diagonal apr\u00e8s usage. Parfait pour un transport \u00e0 vide et un entreposage peu volumineux. Avec 21 mm d\u2019\u00e9paisseur, le bois pr\u00e9sente une longue dur\u00e9e de&hellip;<\/p>\n","protected":false},"author":2,"featured_media":0,"parent":19708,"menu_order":0,"comment_status":"closed","ping_status":"closed","template":"","meta":{"footnotes":""},"class_list":["post-19805","page","type-page","status-publish","hentry","description-off"],"_links":{"self":[{"href":"https:\/\/zauggag.com\/fr\/wp-json\/wp\/v2\/pages\/19805","targetHints":{"allow":["GET"]}}],"collection":[{"href":"https:\/\/zauggag.com\/fr\/wp-json\/wp\/v2\/pages"}],"about":[{"href":"https:\/\/zauggag.com\/fr\/wp-json\/wp\/v2\/types\/page"}],"author":[{"embeddable":true,"href":"https:\/\/zauggag.com\/fr\/wp-json\/wp\/v2\/users\/2"}],"replies":[{"embeddable":true,"href":"https:\/\/zauggag.com\/fr\/wp-json\/wp\/v2\/comments?post=19805"}],"version-history":[{"count":1,"href":"https:\/\/zauggag.com\/fr\/wp-json\/wp\/v2\/pages\/19805\/revisions"}],"predecessor-version":[{"id":19808,"href":"https:\/\/zauggag.com\/fr\/wp-json\/wp\/v2\/pages\/19805\/revisions\/19808"}],"up":[{"embeddable":true,"href":"https:\/\/zauggag.com\/fr\/wp-json\/wp\/v2\/pages\/19708"}],"wp:attachment":[{"href":"https:\/\/zauggag.com\/fr\/wp-json\/wp\/v2\/media?parent=19805"}],"curies":[{"name":"wp","href":"https:\/\/api.w.org\/{rel}","templated":true}]}}