{"id":19816,"date":"2014-01-12T14:59:16","date_gmt":"2014-01-12T12:59:16","guid":{"rendered":"https:\/\/zauggag.com\/verpackungsmaterial\/paletten\/"},"modified":"2017-04-15T00:26:46","modified_gmt":"2017-04-15T00:26:46","slug":"paletten","status":"publish","type":"page","link":"https:\/\/zauggag.com\/fr\/verpackungsmaterial\/paletten\/","title":{"rendered":"Palettes"},"content":{"rendered":"<div class=\"wpb-content-wrapper\"><p>[vc_row][vc_column width=\u00a0\u00bb1\/2&Prime;][vc_column_text]<\/p>\n<h3>Palettes en dimensions standard et non standard<\/h3>\n<p>[\/vc_column_text][vc_empty_space height=\u00a0\u00bb40px\u00a0\u00bb][vc_column_text]Notre assortiment de palettes standard r\u00e9pond \u00e0 presque tous les besoins. Mais s\u2019il ne r\u00e9pond pas au v\u00f4tre, nous en fabriquerons sur mesure en fonction de vos besoins individuels. Peu importe que vous ayez besoin de palettes sp\u00e9ciales en grande quantit\u00e9 ou \u00e0 un seul exemplaire.<\/p>\n<p>Toutes nos palettes sont en bois plein et peuvent \u00eatre soulev\u00e9es des 4 c\u00f4t\u00e9s. Combin\u00e9es \u00e0 nos cadres pliables, elles constituent l\u2019emballage id\u00e9al \u00e0 usage unique ou multiple.[\/vc_column_text][vc_empty_space height=\u00a0\u00bb40px\u00a0\u00bb][vc_message color=\u00a0\u00bbalert-info\u00a0\u00bb message_box_color=\u00a0\u00bbalert-info\u00a0\u00bb icon_type=\u00a0\u00bbpixelicons\u00a0\u00bb icon_pixelicons=\u00a0\u00bbvc_pixel_icon vc_pixel_icon-info\u00a0\u00bb]Nous offrons une large s\u00e9lection de diff\u00e9rents Palettes<b>\u00a0<\/b>ou nous produisons pour vous individuellement \u00e0 la palette appropri\u00e9e.[\/vc_message][\/vc_column][vc_column width=\u00a0\u00bb1\/2&Prime;][vc_column_text]<\/p>\n<h3>Aper\u00e7u de notre Full-Service:<\/h3>\n<p>[\/vc_column_text][vc_empty_space height=\u00a0\u00bb40px\u00a0\u00bb]<div class=\"standard-arrow list-divider bullet-top\"><h4>palettes lumi\u00e8re<\/h4>\n<ul>\n<li><i><\/i>120 x 80 cm, 80 x 60 cm<\/li>\n<\/ul>\n<h4>Palettes Euro-piscine<\/h4>\n<ul>\n<li><i><\/i>120 x 80 cm<\/li>\n<\/ul>\n<h4>Palettes de carton press\u00e9<\/h4>\n<ul>\n<li><i><\/i>120 x 80 cm, 80 x 60 cm<\/li>\n<\/ul>\n<h4>palettes sp\u00e9ciales<\/h4>\n<ul>\n<li><i><\/i>Masse et l\u2019ex\u00e9cution comme vous le souhaitez<\/li>\n<\/ul>\n<h4>sol de transport<\/h4>\n<ul>\n<li><i><\/i>Entr\u00e9e 2 voies,\u00a0Masse et l\u2019ex\u00e9cution comme vous le souhaitez<\/li>\n<\/ul>\n<\/div>[\/vc_column][\/vc_row][vc_row type=\u00a0\u00bb2&Prime; margin_top=\u00a0\u00bb40&Prime; margin_bottom=\u00a0\u00bb70&Prime; padding_top=\u00a0\u00bb40&Prime; padding_bottom=\u00a0\u00bb40&Prime; css=\u00a0\u00bb.vc_custom_1491236249778{margin-bottom: 0px !important;}\u00a0\u00bb][vc_column][\/vc_column][\/vc_row]<\/p>\n<\/div>","protected":false},"excerpt":{"rendered":"<p>[vc_row][vc_column width=\u00a0\u00bb1\/2&Prime;][vc_column_text] Palettes en dimensions standard et non standard [\/vc_column_text][vc_empty_space height=\u00a0\u00bb40px\u00a0\u00bb][vc_column_text]Notre assortiment de palettes standard r\u00e9pond \u00e0 presque tous les besoins. Mais s\u2019il ne r\u00e9pond pas au v\u00f4tre, nous en fabriquerons sur mesure en fonction de vos besoins individuels. Peu importe que vous ayez besoin de palettes sp\u00e9ciales en grande quantit\u00e9 ou \u00e0 un seul&hellip;<\/p>\n","protected":false},"author":2,"featured_media":0,"parent":19708,"menu_order":0,"comment_status":"closed","ping_status":"open","template":"","meta":{"footnotes":""},"class_list":["post-19816","page","type-page","status-publish","hentry","description-off"],"_links":{"self":[{"href":"https:\/\/zauggag.com\/fr\/wp-json\/wp\/v2\/pages\/19816","targetHints":{"allow":["GET"]}}],"collection":[{"href":"https:\/\/zauggag.com\/fr\/wp-json\/wp\/v2\/pages"}],"about":[{"href":"https:\/\/zauggag.com\/fr\/wp-json\/wp\/v2\/types\/page"}],"author":[{"embeddable":true,"href":"https:\/\/zauggag.com\/fr\/wp-json\/wp\/v2\/users\/2"}],"replies":[{"embeddable":true,"href":"https:\/\/zauggag.com\/fr\/wp-json\/wp\/v2\/comments?post=19816"}],"version-history":[{"count":1,"href":"https:\/\/zauggag.com\/fr\/wp-json\/wp\/v2\/pages\/19816\/revisions"}],"predecessor-version":[{"id":19819,"href":"https:\/\/zauggag.com\/fr\/wp-json\/wp\/v2\/pages\/19816\/revisions\/19819"}],"up":[{"embeddable":true,"href":"https:\/\/zauggag.com\/fr\/wp-json\/wp\/v2\/pages\/19708"}],"wp:attachment":[{"href":"https:\/\/zauggag.com\/fr\/wp-json\/wp\/v2\/media?parent=19816"}],"curies":[{"name":"wp","href":"https:\/\/api.w.org\/{rel}","templated":true}]}}