{"id":19830,"date":"2014-01-12T15:26:04","date_gmt":"2014-01-12T13:26:04","guid":{"rendered":"https:\/\/zauggag.com\/services-2\/lagerhaus\/"},"modified":"2017-04-15T13:55:19","modified_gmt":"2017-04-15T13:55:19","slug":"lagerhaus","status":"publish","type":"page","link":"https:\/\/zauggag.com\/fr\/services-2\/lagerhaus\/","title":{"rendered":"Entrep\u00f4t"},"content":{"rendered":"<div class=\"wpb-content-wrapper\"><p>[vc_row margin_bottom=\u00a0\u00bb40&Prime;][vc_column width=\u00a0\u00bb1\/2&Prime;][vc_column_text]<\/p>\n<h3>Nous entreposons la machine et la pi\u00e8ce d\u00e9tach\u00e9e<\/h3>\n<p>[\/vc_column_text][vc_empty_space height=\u00a0\u00bb40px\u00a0\u00bb][vc_column_text]Nos entrep\u00f4ts sont grands. C\u2019est pourquoi nous ne sommes pas d\u00e9munis si vous souhaitez entreposer chez nous une installation m\u00e9canique compl\u00e8te. Nos entrep\u00f4ts sont vastes et \u00e9quip\u00e9s rationnellement. C\u2019est ainsi que nous pouvons g\u00e9rer et pr\u00e9parer pour vous toutes sortes de marchandises; de la pi\u00e8ce d\u00e9tach\u00e9e \u00e0 la marchandise en vrac.<\/p>\n<p>Tous nos emplacements de stockage sont prot\u00e9g\u00e9s des intemp\u00e9ries, bien a\u00e9r\u00e9s, \u00e0 l\u2019abri du vol et secs. Nos collaborateurs s\u2019occupent de votre marchandise comme si c\u2019\u00e9tait la leur. Ils sont form\u00e9s \u00e0 la conduite des chariots de manutention et des grues selon les prescriptions de la SUVA et manipulent vos marchandises avec professionnalisme et soin.<\/p>\n<p>Notre usine \u00e0 la p\u00e9riph\u00e9rie de Zurich est parfaitement raccord\u00e9e aux autoroutes et \u00e0 l\u2019a\u00e9roport de Zurich situ\u00e9s \u00e0 proximit\u00e9. La distribution efficiente de vos marchandises dans toute la Suisse ou dans le monde entier est ainsi garantie. Cela vaut \u00e9galement pour notre usine de Bienne. Elle constitue un lieu de stockage central pour les entreprises de la r\u00e9gion industrielle Berne\/Bienne.[\/vc_column_text][\/vc_column][vc_column width=\u00a0\u00bb1\/2&Prime;][\/vc_column][\/vc_row][vc_row type=\u00a0\u00bb2&Prime; margin_top=\u00a0\u00bb40&Prime; margin_bottom=\u00a0\u00bb70&Prime; padding_top=\u00a0\u00bb40&Prime; padding_bottom=\u00a0\u00bb40&Prime; css=\u00a0\u00bb.vc_custom_1491237631123{margin-bottom: 0px !important;}\u00a0\u00bb][vc_column][\/vc_column][\/vc_row]<\/p>\n<\/div>","protected":false},"excerpt":{"rendered":"<p>[vc_row margin_bottom=\u00a0\u00bb40&Prime;][vc_column width=\u00a0\u00bb1\/2&Prime;][vc_column_text] Nous entreposons la machine et la pi\u00e8ce d\u00e9tach\u00e9e [\/vc_column_text][vc_empty_space height=\u00a0\u00bb40px\u00a0\u00bb][vc_column_text]Nos entrep\u00f4ts sont grands. C\u2019est pourquoi nous ne sommes pas d\u00e9munis si vous souhaitez entreposer chez nous une installation m\u00e9canique compl\u00e8te. Nos entrep\u00f4ts sont vastes et \u00e9quip\u00e9s rationnellement. C\u2019est ainsi que nous pouvons g\u00e9rer et pr\u00e9parer pour vous toutes sortes de marchandises; de&hellip;<\/p>\n","protected":false},"author":2,"featured_media":0,"parent":19721,"menu_order":0,"comment_status":"closed","ping_status":"open","template":"","meta":{"footnotes":""},"class_list":["post-19830","page","type-page","status-publish","hentry","description-off"],"_links":{"self":[{"href":"https:\/\/zauggag.com\/fr\/wp-json\/wp\/v2\/pages\/19830","targetHints":{"allow":["GET"]}}],"collection":[{"href":"https:\/\/zauggag.com\/fr\/wp-json\/wp\/v2\/pages"}],"about":[{"href":"https:\/\/zauggag.com\/fr\/wp-json\/wp\/v2\/types\/page"}],"author":[{"embeddable":true,"href":"https:\/\/zauggag.com\/fr\/wp-json\/wp\/v2\/users\/2"}],"replies":[{"embeddable":true,"href":"https:\/\/zauggag.com\/fr\/wp-json\/wp\/v2\/comments?post=19830"}],"version-history":[{"count":2,"href":"https:\/\/zauggag.com\/fr\/wp-json\/wp\/v2\/pages\/19830\/revisions"}],"predecessor-version":[{"id":19840,"href":"https:\/\/zauggag.com\/fr\/wp-json\/wp\/v2\/pages\/19830\/revisions\/19840"}],"up":[{"embeddable":true,"href":"https:\/\/zauggag.com\/fr\/wp-json\/wp\/v2\/pages\/19721"}],"wp:attachment":[{"href":"https:\/\/zauggag.com\/fr\/wp-json\/wp\/v2\/media?parent=19830"}],"curies":[{"name":"wp","href":"https:\/\/api.w.org\/{rel}","templated":true}]}}