{"id":19845,"date":"2014-01-12T14:18:05","date_gmt":"2014-01-12T12:18:05","guid":{"rendered":"https:\/\/zauggag.com\/services-2\/logistik\/"},"modified":"2017-04-15T14:03:10","modified_gmt":"2017-04-15T14:03:10","slug":"logistik","status":"publish","type":"page","link":"https:\/\/zauggag.com\/fr\/services-2\/logistik\/","title":{"rendered":"Logistique"},"content":{"rendered":"<div class=\"wpb-content-wrapper\"><p>[vc_row margin_bottom=\u00a0\u00bb40&Prime;][vc_column width=\u00a0\u00bb1\/2&Prime;][vc_column_text]<\/p>\n<h3>Nous transportons dans le monde entier<\/h3>\n<p>[\/vc_column_text][vc_empty_space height=\u00a0\u00bb40px\u00a0\u00bb][vc_column_text]Chaque marchandise \u00e0 ses besoins propres qui d\u00e9terminent le choix du ou des moyens de transport. Sp\u00e9cialistes de l\u2019emballage, nous connaissons ces besoins et mettons notre savoir en \u0153uvre pour d\u00e9terminer la voie de transport id\u00e9ale pour votre marchandise. En notre qualit\u00e9 d\u00abagent habilit\u00e9\u00bb, nous remplissons toutes les conditions pour garantir la cha\u00eene de s\u00e9curit\u00e9 n\u00e9cessaire au fret a\u00e9rien.<\/p>\n<p>Les transports routiers qui nous sont confi\u00e9s sont en g\u00e9n\u00e9ral effectu\u00e9s avec nos propres v\u00e9hicules. Pour les autres moyens de transport, nous avons conclu des accords avec des prestataires de transport terrestre, a\u00e9rien et maritime qui vous garantissent un service complet de premi\u00e8re qualit\u00e9 doubl\u00e9 d\u2019un rapport qualit\u00e9\/prix optimal. Nos agents ind\u00e9pendants qui travaillent dans les r\u00e9gions cibles sont familiaris\u00e9s avec les particularit\u00e9s sp\u00e9cifiques au lieu ainsi qu\u2019avec toutes les formalit\u00e9s pour l\u2019exportation. Votre marchandise arrive ainsi \u00e0 destination sans retard.<\/p>\n<p>Depuis le 1er janvier, il est obligatoire en Suisse d\u2019utiliser l\u2019informatique pour les proc\u00e9dures d\u2019exportation de marchandises. Prestataire en lien direct avec la direction g\u00e9n\u00e9rale des douanes, nous pouvons pr\u00e9parer \u00e0 votre place votre \u00abe-dec\u00bb.<\/p>\n<p>Gr\u00e2ce \u00e0 notre Shipping Information Tool , vous pouvez suivre votre marchandise \u00e0 la trace \u00e0 n\u2019importe quel moment et savez lorsqu\u2019elle arrive \u00e0 destination. Il vous suffit de demander vos identifiants de connexion.[\/vc_column_text][\/vc_column][vc_column width=\u00a0\u00bb1\/2&Prime;][\/vc_column][\/vc_row][vc_row type=\u00a0\u00bb2&Prime; margin_top=\u00a0\u00bb40&Prime; margin_bottom=\u00a0\u00bb70&Prime; padding_top=\u00a0\u00bb40&Prime; padding_bottom=\u00a0\u00bb40&Prime; css=\u00a0\u00bb.vc_custom_1491238484260{margin-bottom: 0px !important;}\u00a0\u00bb][vc_column][\/vc_column][\/vc_row]<\/p>\n<\/div>","protected":false},"excerpt":{"rendered":"<p>[vc_row margin_bottom=\u00a0\u00bb40&Prime;][vc_column width=\u00a0\u00bb1\/2&Prime;][vc_column_text] Nous transportons dans le monde entier [\/vc_column_text][vc_empty_space height=\u00a0\u00bb40px\u00a0\u00bb][vc_column_text]Chaque marchandise \u00e0 ses besoins propres qui d\u00e9terminent le choix du ou des moyens de transport. Sp\u00e9cialistes de l\u2019emballage, nous connaissons ces besoins et mettons notre savoir en \u0153uvre pour d\u00e9terminer la voie de transport id\u00e9ale pour votre marchandise. En notre qualit\u00e9 d\u00abagent habilit\u00e9\u00bb, nous&hellip;<\/p>\n","protected":false},"author":2,"featured_media":0,"parent":19721,"menu_order":0,"comment_status":"closed","ping_status":"closed","template":"","meta":{"footnotes":""},"class_list":["post-19845","page","type-page","status-publish","hentry","description-off"],"_links":{"self":[{"href":"https:\/\/zauggag.com\/fr\/wp-json\/wp\/v2\/pages\/19845","targetHints":{"allow":["GET"]}}],"collection":[{"href":"https:\/\/zauggag.com\/fr\/wp-json\/wp\/v2\/pages"}],"about":[{"href":"https:\/\/zauggag.com\/fr\/wp-json\/wp\/v2\/types\/page"}],"author":[{"embeddable":true,"href":"https:\/\/zauggag.com\/fr\/wp-json\/wp\/v2\/users\/2"}],"replies":[{"embeddable":true,"href":"https:\/\/zauggag.com\/fr\/wp-json\/wp\/v2\/comments?post=19845"}],"version-history":[{"count":1,"href":"https:\/\/zauggag.com\/fr\/wp-json\/wp\/v2\/pages\/19845\/revisions"}],"predecessor-version":[{"id":19851,"href":"https:\/\/zauggag.com\/fr\/wp-json\/wp\/v2\/pages\/19845\/revisions\/19851"}],"up":[{"embeddable":true,"href":"https:\/\/zauggag.com\/fr\/wp-json\/wp\/v2\/pages\/19721"}],"wp:attachment":[{"href":"https:\/\/zauggag.com\/fr\/wp-json\/wp\/v2\/media?parent=19845"}],"curies":[{"name":"wp","href":"https:\/\/api.w.org\/{rel}","templated":true}]}}